{"id":4998,"date":"2022-01-26T15:07:09","date_gmt":"2022-01-26T14:07:09","guid":{"rendered":"https:\/\/institutsaintdominique.fr\/school-curriculum\/secondary-school\/"},"modified":"2025-02-11T14:49:54","modified_gmt":"2025-02-11T13:49:54","slug":"secondary-school","status":"publish","type":"page","link":"https:\/\/institutsaintdominique.fr\/en\/school-curriculum\/secondary-school\/","title":{"rendered":"Secondary school"},"content":{"rendered":"<p>\t\t\t\t<!-- avec ou sans CTA : m\u00eame code, \u00e7a centre verticalement le texte --><\/p>\n<div class=\"smallheader\" id=\"bloc_small_header_12\">\n<style type=\"text\/css\">\n\t\t\t\t\t\t\t#bloc_small_header_12 {background-image: url(https:\/\/institutsaintdominique.fr\/wp-content\/uploads\/2024\/03\/Copie-de-Copie-de-_DSC4406-610x270.jpg);}\n\t\t\t\t\t\t\t@media (min-width: 480px) {\t#bloc_small_header_12 {background-image: url(https:\/\/institutsaintdominique.fr\/wp-content\/uploads\/2024\/03\/Copie-de-Copie-de-_DSC4406-610x270.jpg);}}\n\t\t\t\t\t\t\t@media (min-width: 768px) {\t#bloc_small_header_12 {background-image: url(https:\/\/institutsaintdominique.fr\/wp-content\/uploads\/2024\/03\/Copie-de-Copie-de-_DSC4406-1024x684.jpg);}}\n\t\t\t\t\t\t\t@media (min-width: 992px) { #bloc_small_header_12 {background-image: url(https:\/\/institutsaintdominique.fr\/wp-content\/uploads\/2024\/03\/Copie-de-Copie-de-_DSC4406-1024x684.jpg);}}\n\t\t\t\t\t\t\t@media (min-width: 1200px) { #bloc_small_header_12 {background-image: url(https:\/\/institutsaintdominique.fr\/wp-content\/uploads\/2024\/03\/Copie-de-Copie-de-_DSC4406-1536x1025.jpg);}}\n\t\t\t\t\t\t<\/style>\n<div class=\"container d-flex flex-column justify-content-center align-items-start\">\n<h1><span>Secondary school<\/span><\/h1>\n<p>Foundations for success.<\/p>\n<\/p><\/div>\n<\/p><\/div>\n<div class=\"bloc_ctas bloc_cta container pt-2 pb-2 text-right\" id=\"bloc_ctas_13\">\n<div class=\"btns\">\t<a href=\"https:\/\/institutsaintdominique.fr\/en\/admissions\/\" title=\"Enroll in College at the Institut International Saint-Dominique of Rome\" target=\"\" class=\" ml-1   mr-1  btn btn--color2\">Enroll in College at the Institut International Saint-Dominique of Rome<\/a> <\/div>\n<\/p><\/div>\n<div class=\"bloctext bloctext--nocolor bloctext--haspattern\" id=\"bloc_6_14\">\n<div class=\"container\">\n<div class=\"row\">\n<div class=\"col-12 col-lg-4 col-xl-3 mb-1\">\n<h2><span>Secondary school<\/span><\/h2>\n<\/p><\/div>\n<div class=\"col-12 col-lg-8 col-xl-9\">\n<div class=\"text pl-lg-4\">\n<p>The middle school years are decisive years that focus on consolidating and deepening prior learning. We are committed to offering integrated multilingualism, individualized pathways and personalized support. We promote autonomy, critical thinking, and student development, paying attention to both the transition from Primary School to Middle School (6\u00e8me and 5\u00e8me) and from Middle School to High School (4\u00e8me and 3\u00e8me).<\/p>\n<p>Coll\u00e8ge includes cycle <strong>3 (6\u00e8me)<\/strong> and <strong>cycle 4<\/strong>:<\/p>\n<ul>\n<li><strong>6\u00e8me<\/strong> (11-12 years old): <em>Adapt and get organized<\/em><\/li>\n<li><strong>5\u00e8me<\/strong> (12-13 years old): <em>Consolidate and explore <\/em><\/li>\n<li><strong>4\u00e8me<\/strong> (13-14 years old): <em>Taking it further and analyze<\/em><\/li>\n<li><strong>3\u00e8me<\/strong> (14-15 years old): <em>Open up and move forward towards High School<\/em><\/li>\n<\/ul><\/div>\n<\/p><\/div>\n<\/p><\/div>\n<\/p><\/div>\n<\/div>\n<div class=\"blocmedia blocmedia--textright blocmedia--nocolor\" id=\"bloc_2_15\">\n<div class=\"container\">\n<div class=\"row\">\n<div class=\"col-12 col-md-6\">\n<div class=\"slider\">\n<div id=\"slider-bloc_2_15\" class=\"flexslider flexslider--blocmedia loading\">\n<ul class=\"slides list-unstyled\">\n<li class=\"slider-li\">\n\t\t\t\t\t\t\t\t\t\t     \t<a data-fancybox=\"rel-slider-bloc_2_15\" data-caption=\"\" href=\"https:\/\/institutsaintdominique.fr\/wp-content\/uploads\/2024\/03\/Copie-de-Copie-de-_DSC4406-722x564.jpg\"><br \/>\n\t\t\t\t\t\t\t\t\t\t\t\t\t<img decoding=\"async\" class=\"img-fluid\" src=\"https:\/\/institutsaintdominique.fr\/wp-content\/uploads\/2024\/03\/Copie-de-Copie-de-_DSC4406-722x564.jpg\" width=\"\" height=\"\" alt=\"\"><br \/>\n\t\t\t\t\t\t\t\t\t\t\t\t<\/a>\n\t\t\t\t\t\t\t\t\t\t     <\/li>\n<\/ul><\/div>\n<\/p><\/div>\n<\/p><\/div>\n<div class=\"col-12 col-md-5 d-flex flex-column justify-content-center align-items-start mb-2 mb-md-0\">\n<div class=\"text\">\n<h2><span>EXPANDED INTERNATIONAL OFFER STARTING FROM MIDDLE SCHOOL<\/span><\/h2>\n<p>In continuation of their elementary education, our middle school students sustain instruction in English, enabling them to reach level B2 (advanced level).<br \/>\nStudents who also wish to prepare for the Terza Media diploma benefit from tailored schedules.<br \/>\nIn Grade 9, we offer to students who wish to make a smooth transition to the International Baccalaureate (IB), a pre-IB program in English. It includes key disciplines such as English language and literature, arts, technology, mathematics, and sciences.<\/p>\n<p>\t\t\t\t\t\t<!-- Changer la classe de couleur du bouton en fonction de la couleur g\u00e9n\u00e9rale du bloc --><\/p>\n<div class=\"bloc_cta\" >\n<p><a class=\"btn btn--nocolor\" href=\"https:\/\/institutsaintdominique.fr\/en\/admissions\/\" target=\"\">Enrol<\/a>\t\t\t\t\t<\/div>\n<\/p><\/div>\n<\/p><\/div>\n<\/p><\/div>\n<\/p><\/div>\n<\/div>\n<div class=\"bloctext bloctext--color1 bloctext--haspattern\" id=\"bloc_6_16\">\n<div class=\"container\">\n<div class=\"row\">\n<div class=\"col-12 col-lg-4 col-xl-3 mb-1\">\n<h2><span>Grade 9 opening<\/span><\/h2>\n<\/p><\/div>\n<div class=\"col-12 col-lg-8 col-xl-9\">\n<div class=\"text pl-lg-4\">\n<p><em><strong>Exciting Opportunities on the Horizon!<\/strong><\/em><\/p>\n<p>In response to growing demand, we are excited to announce the potential opening of a Grade 9 class next year. This class will feature a diverse curriculum encompassing subjects such as:<\/p>\n<ul>\n<li>ENGLISH<\/li>\n<li>FRENCH<\/li>\n<li>MATHEMATICS<\/li>\n<li>ITALIAN<\/li>\n<li>COMBINED SCIENCES<\/li>\n<li>GLOBAL PERSPECTIVES<\/li>\n<li>TECHNOLOGY<\/li>\n<li>PHYSICAL AND HEALTH EDUCATION<\/li>\n<li>ARTS<\/li>\n<li>CORE<\/li>\n<li>COMMUNITY SERVICES<\/li>\n<\/ul>\n<p>Join Us on the Path to Excellence and thrive in an interconnected world.<\/p>\n<\/p><\/div>\n<\/p><\/div>\n<\/p><\/div>\n<\/p><\/div>\n<\/div>\n<div class=\"blocmedia blocmedia--textleft blocmedia--nocolor\" id=\"bloc_2_17\">\n<div class=\"container\">\n<div class=\"row\">\n<div class=\"col-12 col-md-6\">\n<div class=\"slider\">\n<div id=\"slider-bloc_2_17\" class=\"flexslider flexslider--blocmedia loading\">\n<ul class=\"slides list-unstyled\">\n<li class=\"slider-li\">\n\t\t\t\t\t\t\t\t\t\t     \t<a data-fancybox=\"rel-slider-bloc_2_17\" data-caption=\"\" href=\"https:\/\/institutsaintdominique.fr\/wp-content\/uploads\/2024\/03\/Copie-de-_DSC4447-1-722x564.jpg\"><br \/>\n\t\t\t\t\t\t\t\t\t\t\t\t\t<img decoding=\"async\" class=\"img-fluid\" src=\"https:\/\/institutsaintdominique.fr\/wp-content\/uploads\/2024\/03\/Copie-de-_DSC4447-1-722x564.jpg\" width=\"\" height=\"\" alt=\"\"><br \/>\n\t\t\t\t\t\t\t\t\t\t\t\t<\/a>\n\t\t\t\t\t\t\t\t\t\t     <\/li>\n<\/ul><\/div>\n<\/p><\/div>\n<\/p><\/div>\n<div class=\"col-12 col-md-5 d-flex flex-column justify-content-center align-items-start mb-2 mb-md-0\">\n<div class=\"text\">\n<h2><span>Dipl\u00f4me National du Brevet<\/span><\/h2>\n<p>At the end of 3\u00e8me (Year 10), the Dipl\u00f4me National du Brevet (DNB) certifies the knowledge and skills acquired at the end of Coll\u00e8ge. The common core of knowledge, skills and culture presents what all pupils should know and master at the end of compulsory education. It brings together all the knowledge, skills, values and attitudes required to achieve academic success, succeed as an individual and a future citizen.<\/p>\n<p>\t\t\t\t\t\t<!-- Changer la classe de couleur du bouton en fonction de la couleur g\u00e9n\u00e9rale du bloc --><\/p>\n<div class=\"bloc_cta\" >\n<p><a class=\"btn btn--nocolor\" href=\"https:\/\/institutsaintdominique.fr\/en\/admissions\/\" target=\"\">Enrol<\/a>\t\t\t\t\t<\/div>\n<\/p><\/div>\n<\/p><\/div>\n<\/p><\/div>\n<\/p><\/div>\n<\/div>\n<div class=\"bloctext bloctext--color4 bloctext--haspattern\" id=\"bloc_6_18\">\n<div class=\"container\">\n<div class=\"row\">\n<div class=\"col-12 col-lg-4 col-xl-3 mb-1\">\n<h2><span>Schedule<\/span><\/h2>\n<\/p><\/div>\n<div class=\"col-12 col-lg-8 col-xl-9\">\n<div class=\"text pl-lg-4\">\n<p><strong>From Monday to Friday, students are welcomed from 8 a.m. to 6 p.m.<\/strong><\/p>\n<p>Extra-curricular activities extend learning at the Institut International Saint-Dominique of Rome through access to sports, arts and culture. A wide choice of sports, cultural, artistic, educational activities and\/or language workshops, all supervised by specialists, are offered throughout the year, starting in kindergarten. These activities allow students to discover and develop their talents and passions while encouraging diversity and excellence.<\/p>\n<p>2 <a href=\"https:\/\/institutsaintdominique.fr\/en\/information\/services\/school-transport\/\">bus lines<\/a> run through the city of Rome to and from the Institut International Saint-Dominique of Rome.<\/p>\n<\/p><\/div>\n<\/p><\/div>\n<\/p><\/div>\n<\/p><\/div>\n<\/div>\n<div class=\"bloctext bloctext--color1 bloctext--haspattern\" id=\"bloc_6_19\">\n<div class=\"container\">\n<div class=\"row\">\n<div class=\"col-12 col-lg-4 col-xl-3 mb-1\">\n<h2><span>Parent &#8211; Teacher Meetings<\/span><\/h2>\n<\/p><\/div>\n<div class=\"col-12 col-lg-8 col-xl-9\">\n<div class=\"text pl-lg-4\">\n<p>Parents and teachers meet based on 3 distinct and complementary modalities:<\/p>\n<ul>\n<li>Back-to-school meetings (September)<\/li>\n<li>Class councils (through parent class representatives)<\/li>\n<li>One-to-one meetings (upon request)<\/li>\n<\/ul>\n<p>Coll\u00e8ge is also a time for pupils to develop further in their relationship to others and the world: sports events between Odyssey schools and the AEFE network promote easy and long-lasting exchanges between pupils from around the world.<\/p>\n<\/p><\/div>\n<\/p><\/div>\n<\/p><\/div>\n<\/p><\/div>\n<\/div>\n<div class=\"bloctext bloctext--nocolor bloctext--haspattern\" id=\"bloc_6_20\">\n<div class=\"container\">\n<div class=\"row\">\n<div class=\"col-12 col-lg-4 col-xl-3 mb-1\">\n<h2><span>Our Boarding School<\/span><\/h2>\n<\/p><\/div>\n<div class=\"col-12 col-lg-8 col-xl-9\">\n<div class=\"text pl-lg-4\">\n<p>The boarding school of the Institut International Saint-Dominique of Rome is an IB (International Baccalaureate) World School. Our exceptional campus on 6 hectares in a secure and green setting in the heart of a city steeped in history allows us to accommodate an increasing number of boarding students and to implement advanced teaching and learning methods. We offer:<\/p>\n<ul>\n<li><strong>A multilingual education <\/strong><\/li>\n<li><strong>A personalized support <\/strong><\/li>\n<li><strong>A cultural, sports and artistic program<\/strong><\/li>\n<\/ul>\n<p>Our boarding school is driving the development of a quality educational offer that is also rich in human experiences, acquired through a community life that requires attention and respect in the relationship with others.<\/p>\n<ul>\n<li><strong>Double or single rooms <\/strong><\/li>\n<li><strong>5\/7 days possible in boarding school <\/strong><\/li>\n<li><strong>A dozen cultural and sporting activities offered<\/strong><\/li>\n<\/ul><\/div>\n<\/p><\/div>\n<\/p><\/div>\n<\/p><\/div>\n<\/div>\n<div class=\"blocsphotos blocsphotos--nocolor\" id=\"bloc_14_21\">\n<div class=\"container\">\n<div class=\"row\">\n<div class=\"col-6 col-md-3 mb-1 mb-md-0\">\n<div class=\"blocphoto\">\n\t\t\t\t\t<img decoding=\"async\" class=\"img-fluid img-rounded\" src=\"https:\/\/institutsaintdominique.fr\/wp-content\/uploads\/2024\/04\/ISD_Boarding-School_636-270x310.jpg\" width=\"\" height=\"\" alt=\"\">\n\t\t\t\t<\/div>\n<\/p><\/div>\n<div class=\"col-6 col-md-3 mb-1 mb-md-0\">\n<div class=\"blocphoto\">\n\t\t\t\t\t<img decoding=\"async\" class=\"img-fluid img-rounded\" src=\"https:\/\/institutsaintdominique.fr\/wp-content\/uploads\/2024\/04\/ISD_Boarding-School_686-270x310.jpg\" width=\"\" height=\"\" alt=\"\">\n\t\t\t\t<\/div>\n<\/p><\/div>\n<div class=\"col-6 col-md-3 mb-1 mb-md-0\">\n<div class=\"blocphoto\">\n\t\t\t\t\t<img decoding=\"async\" class=\"img-fluid img-rounded\" src=\"https:\/\/institutsaintdominique.fr\/wp-content\/uploads\/2024\/04\/ISD_Boarding-School_520-270x310.jpg\" width=\"\" height=\"\" alt=\"\">\n\t\t\t\t<\/div>\n<\/p><\/div>\n<div class=\"col-6 col-md-3 mb-1 mb-md-0\">\n<div class=\"blocphoto\">\n\t\t\t\t\t<img decoding=\"async\" class=\"img-fluid img-rounded\" src=\"https:\/\/institutsaintdominique.fr\/wp-content\/uploads\/2024\/04\/ISD_Boarding-School_733-270x310.jpg\" width=\"\" height=\"\" alt=\"\">\n\t\t\t\t<\/div>\n<\/p><\/div>\n<\/p><\/div>\n<\/p><\/div>\n<\/div>\n<div class=\"blocinfo blocinfo--color4\" id=\"bloc_10_22\">\n<div class=\"container\">\n<div class=\"row\">\n<div class=\"col-12 col-md-6\">\n<h2><span>Start your future today!<\/span><\/h2>\n<p>Admissions are open all year round.<\/p>\n<p>\t\t\t\t<!-- Changer la classe de couleur du bouton en fonction de la couleur g\u00e9n\u00e9rale du bloc --><\/p>\n<div class=\"bloc_cta\" >\n\t<a href=\"https:\/\/institutsaintdominique.fr\/en\/admissions\/\" title=\"Enrol\" target=\"\" class=\"mr-3 btn btn--color4\">Enrol<\/a> \t\t\t\t<\/div>\n<\/p><\/div>\n<\/p><\/div>\n<\/p><\/div>\n<\/div>\n","protected":false},"excerpt":{"rendered":"<p>Secondary school Foundations for success. Enroll in College at the Institut International Saint-Dominique of Rome Secondary school The middle school [&hellip;]<\/p>\n","protected":false},"author":6,"featured_media":0,"parent":4995,"menu_order":120,"comment_status":"closed","ping_status":"closed","template":"","meta":{"_acf_changed":false,"kdcopypost-origin-url":"","kdcopypost-origin-id":"","footnotes":""},"class_list":["post-4998","page","type-page","status-publish","hentry"],"acf":[],"yoast_head":"<!-- This site is optimized with the Yoast SEO plugin v27.0 - https:\/\/yoast.com\/product\/yoast-seo-wordpress\/ -->\n<title>Coll\u00e8ge<\/title>\n<meta name=\"robots\" content=\"index, follow, max-snippet:-1, max-image-preview:large, max-video-preview:-1\" \/>\n<link rel=\"canonical\" href=\"https:\/\/institutsaintdominique.fr\/en\/school-curriculum\/secondary-school\/\" \/>\n<meta property=\"og:locale\" content=\"en_US\" \/>\n<meta property=\"og:type\" content=\"article\" \/>\n<meta property=\"og:title\" content=\"Coll\u00e8ge\" \/>\n<meta property=\"og:description\" content=\"Secondary school Foundations for success. Enroll in College at the Institut International Saint-Dominique of Rome Secondary school The middle school [&hellip;]\" \/>\n<meta property=\"og:url\" content=\"https:\/\/institutsaintdominique.fr\/en\/school-curriculum\/secondary-school\/\" \/>\n<meta property=\"og:site_name\" content=\"ISD Rome\" \/>\n<meta property=\"article:modified_time\" content=\"2025-02-11T13:49:54+00:00\" \/>\n<meta property=\"og:image\" content=\"https:\/\/institutsaintdominique.fr\/wp-content\/uploads\/2024\/03\/Copie-de-Copie-de-_DSC4406-722x564.jpg\" \/>\n<meta name=\"twitter:card\" content=\"summary_large_image\" \/>\n<meta name=\"twitter:label1\" content=\"Est. reading time\" \/>\n\t<meta name=\"twitter:data1\" content=\"10 minutes\" \/>\n<script type=\"application\/ld+json\" class=\"yoast-schema-graph\">{\"@context\":\"https:\/\/schema.org\",\"@graph\":[{\"@type\":\"WebPage\",\"@id\":\"https:\/\/institutsaintdominique.fr\/en\/school-curriculum\/secondary-school\/\",\"url\":\"https:\/\/institutsaintdominique.fr\/en\/school-curriculum\/secondary-school\/\",\"name\":\"Coll\u00e8ge\",\"isPartOf\":{\"@id\":\"https:\/\/institutsaintdominique.fr\/en\/#website\"},\"primaryImageOfPage\":{\"@id\":\"https:\/\/institutsaintdominique.fr\/en\/school-curriculum\/secondary-school\/#primaryimage\"},\"image\":{\"@id\":\"https:\/\/institutsaintdominique.fr\/en\/school-curriculum\/secondary-school\/#primaryimage\"},\"thumbnailUrl\":\"https:\/\/institutsaintdominique.fr\/wp-content\/uploads\/2024\/03\/Copie-de-Copie-de-_DSC4406-722x564.jpg\",\"datePublished\":\"2022-01-26T14:07:09+00:00\",\"dateModified\":\"2025-02-11T13:49:54+00:00\",\"breadcrumb\":{\"@id\":\"https:\/\/institutsaintdominique.fr\/en\/school-curriculum\/secondary-school\/#breadcrumb\"},\"inLanguage\":\"en-US\",\"potentialAction\":[{\"@type\":\"ReadAction\",\"target\":[\"https:\/\/institutsaintdominique.fr\/en\/school-curriculum\/secondary-school\/\"]}]},{\"@type\":\"ImageObject\",\"inLanguage\":\"en-US\",\"@id\":\"https:\/\/institutsaintdominique.fr\/en\/school-curriculum\/secondary-school\/#primaryimage\",\"url\":\"https:\/\/institutsaintdominique.fr\/wp-content\/uploads\/2024\/03\/Copie-de-Copie-de-_DSC4406-722x564.jpg\",\"contentUrl\":\"https:\/\/institutsaintdominique.fr\/wp-content\/uploads\/2024\/03\/Copie-de-Copie-de-_DSC4406-722x564.jpg\"},{\"@type\":\"BreadcrumbList\",\"@id\":\"https:\/\/institutsaintdominique.fr\/en\/school-curriculum\/secondary-school\/#breadcrumb\",\"itemListElement\":[{\"@type\":\"ListItem\",\"position\":1,\"name\":\"Accueil\",\"item\":\"https:\/\/institutsaintdominique.fr\/en\/\"},{\"@type\":\"ListItem\",\"position\":2,\"name\":\"School curriculum\",\"item\":\"https:\/\/institutsaintdominique.fr\/en\/school-curriculum\/\"},{\"@type\":\"ListItem\",\"position\":3,\"name\":\"Secondary school\"}]},{\"@type\":\"WebSite\",\"@id\":\"https:\/\/institutsaintdominique.fr\/en\/#website\",\"url\":\"https:\/\/institutsaintdominique.fr\/en\/\",\"name\":\"ISD Rome\",\"description\":\"ISD Rome\",\"potentialAction\":[{\"@type\":\"SearchAction\",\"target\":{\"@type\":\"EntryPoint\",\"urlTemplate\":\"https:\/\/institutsaintdominique.fr\/en\/?s={search_term_string}\"},\"query-input\":{\"@type\":\"PropertyValueSpecification\",\"valueRequired\":true,\"valueName\":\"search_term_string\"}}],\"inLanguage\":\"en-US\"}]}<\/script>\n<!-- \/ Yoast SEO plugin. -->","yoast_head_json":{"title":"Coll\u00e8ge","robots":{"index":"index","follow":"follow","max-snippet":"max-snippet:-1","max-image-preview":"max-image-preview:large","max-video-preview":"max-video-preview:-1"},"canonical":"https:\/\/institutsaintdominique.fr\/en\/school-curriculum\/secondary-school\/","og_locale":"en_US","og_type":"article","og_title":"Coll\u00e8ge","og_description":"Secondary school Foundations for success. Enroll in College at the Institut International Saint-Dominique of Rome Secondary school The middle school [&hellip;]","og_url":"https:\/\/institutsaintdominique.fr\/en\/school-curriculum\/secondary-school\/","og_site_name":"ISD Rome","article_modified_time":"2025-02-11T13:49:54+00:00","og_image":[{"url":"https:\/\/institutsaintdominique.fr\/wp-content\/uploads\/2024\/03\/Copie-de-Copie-de-_DSC4406-722x564.jpg","type":"","width":"","height":""}],"twitter_card":"summary_large_image","twitter_misc":{"Est. reading time":"10 minutes"},"schema":{"@context":"https:\/\/schema.org","@graph":[{"@type":"WebPage","@id":"https:\/\/institutsaintdominique.fr\/en\/school-curriculum\/secondary-school\/","url":"https:\/\/institutsaintdominique.fr\/en\/school-curriculum\/secondary-school\/","name":"Coll\u00e8ge","isPartOf":{"@id":"https:\/\/institutsaintdominique.fr\/en\/#website"},"primaryImageOfPage":{"@id":"https:\/\/institutsaintdominique.fr\/en\/school-curriculum\/secondary-school\/#primaryimage"},"image":{"@id":"https:\/\/institutsaintdominique.fr\/en\/school-curriculum\/secondary-school\/#primaryimage"},"thumbnailUrl":"https:\/\/institutsaintdominique.fr\/wp-content\/uploads\/2024\/03\/Copie-de-Copie-de-_DSC4406-722x564.jpg","datePublished":"2022-01-26T14:07:09+00:00","dateModified":"2025-02-11T13:49:54+00:00","breadcrumb":{"@id":"https:\/\/institutsaintdominique.fr\/en\/school-curriculum\/secondary-school\/#breadcrumb"},"inLanguage":"en-US","potentialAction":[{"@type":"ReadAction","target":["https:\/\/institutsaintdominique.fr\/en\/school-curriculum\/secondary-school\/"]}]},{"@type":"ImageObject","inLanguage":"en-US","@id":"https:\/\/institutsaintdominique.fr\/en\/school-curriculum\/secondary-school\/#primaryimage","url":"https:\/\/institutsaintdominique.fr\/wp-content\/uploads\/2024\/03\/Copie-de-Copie-de-_DSC4406-722x564.jpg","contentUrl":"https:\/\/institutsaintdominique.fr\/wp-content\/uploads\/2024\/03\/Copie-de-Copie-de-_DSC4406-722x564.jpg"},{"@type":"BreadcrumbList","@id":"https:\/\/institutsaintdominique.fr\/en\/school-curriculum\/secondary-school\/#breadcrumb","itemListElement":[{"@type":"ListItem","position":1,"name":"Accueil","item":"https:\/\/institutsaintdominique.fr\/en\/"},{"@type":"ListItem","position":2,"name":"School curriculum","item":"https:\/\/institutsaintdominique.fr\/en\/school-curriculum\/"},{"@type":"ListItem","position":3,"name":"Secondary school"}]},{"@type":"WebSite","@id":"https:\/\/institutsaintdominique.fr\/en\/#website","url":"https:\/\/institutsaintdominique.fr\/en\/","name":"ISD Rome","description":"ISD Rome","potentialAction":[{"@type":"SearchAction","target":{"@type":"EntryPoint","urlTemplate":"https:\/\/institutsaintdominique.fr\/en\/?s={search_term_string}"},"query-input":{"@type":"PropertyValueSpecification","valueRequired":true,"valueName":"search_term_string"}}],"inLanguage":"en-US"}]}},"_links":{"self":[{"href":"https:\/\/institutsaintdominique.fr\/en\/wp-json\/wp\/v2\/pages\/4998","targetHints":{"allow":["GET"]}}],"collection":[{"href":"https:\/\/institutsaintdominique.fr\/en\/wp-json\/wp\/v2\/pages"}],"about":[{"href":"https:\/\/institutsaintdominique.fr\/en\/wp-json\/wp\/v2\/types\/page"}],"author":[{"embeddable":true,"href":"https:\/\/institutsaintdominique.fr\/en\/wp-json\/wp\/v2\/users\/6"}],"replies":[{"embeddable":true,"href":"https:\/\/institutsaintdominique.fr\/en\/wp-json\/wp\/v2\/comments?post=4998"}],"version-history":[{"count":46,"href":"https:\/\/institutsaintdominique.fr\/en\/wp-json\/wp\/v2\/pages\/4998\/revisions"}],"predecessor-version":[{"id":24951,"href":"https:\/\/institutsaintdominique.fr\/en\/wp-json\/wp\/v2\/pages\/4998\/revisions\/24951"}],"up":[{"embeddable":true,"href":"https:\/\/institutsaintdominique.fr\/en\/wp-json\/wp\/v2\/pages\/4995"}],"wp:attachment":[{"href":"https:\/\/institutsaintdominique.fr\/en\/wp-json\/wp\/v2\/media?parent=4998"}],"curies":[{"name":"wp","href":"https:\/\/api.w.org\/{rel}","templated":true}]}}