{"id":24116,"date":"2024-10-15T12:45:51","date_gmt":"2024-10-15T10:45:51","guid":{"rendered":"https:\/\/institutsaintdominique.fr\/curriculum-scolastico\/orientation\/"},"modified":"2024-11-04T10:57:13","modified_gmt":"2024-11-04T09:57:13","slug":"orientamento","status":"publish","type":"page","link":"https:\/\/institutsaintdominique.fr\/it\/curriculum-scolastico\/orientamento\/","title":{"rendered":"Orientamento"},"content":{"rendered":"<p>\t\t\t\t<!-- avec ou sans CTA : m\u00eame code, \u00e7a centre verticalement le texte --><\/p>\n<div class=\"smallheader\" id=\"bloc_small_header_11\">\n<style type=\"text\/css\">\n\t\t\t\t\t\t\t#bloc_small_header_11 {background-image: url(https:\/\/institutsaintdominique.fr\/wp-content\/uploads\/2024\/10\/IMG_4270-1-610x270.jpg);}\n\t\t\t\t\t\t\t@media (min-width: 480px) {\t#bloc_small_header_11 {background-image: url(https:\/\/institutsaintdominique.fr\/wp-content\/uploads\/2024\/10\/IMG_4270-1-610x270.jpg);}}\n\t\t\t\t\t\t\t@media (min-width: 768px) {\t#bloc_small_header_11 {background-image: url(https:\/\/institutsaintdominique.fr\/wp-content\/uploads\/2024\/10\/IMG_4270-1-1024x768.jpg);}}\n\t\t\t\t\t\t\t@media (min-width: 992px) { #bloc_small_header_11 {background-image: url(https:\/\/institutsaintdominique.fr\/wp-content\/uploads\/2024\/10\/IMG_4270-1-1024x768.jpg);}}\n\t\t\t\t\t\t\t@media (min-width: 1200px) { #bloc_small_header_11 {background-image: url(https:\/\/institutsaintdominique.fr\/wp-content\/uploads\/2024\/10\/IMG_4270-1-1536x1152.jpg);}}\n\t\t\t\t\t\t<\/style>\n<div class=\"container d-flex flex-column justify-content-center align-items-start\">\n<h1><span>Orientamento<\/span><\/h1>\n<p>L&#8217;orientamento, un percorso verso gli studi superiori dalla 3\u00e8me \u00e0 la terminale<\/p>\n<\/p><\/div>\n<\/p><\/div>\n<div class=\"bloc_ctas bloc_cta container pt-2 pb-2 text-right\" id=\"bloc_ctas_12\">\n<div class=\"btns\">\t<a href=\"https:\/\/institutsaintdominique.fr\/it\/contattaci\/\" title=\"Contattaci\" target=\"\" class=\" ml-1   mr-1  btn btn--color4\" rel=\"noopener\">Contattaci<\/a> <\/div>\n<\/p><\/div>\n<div class=\"blocmedia blocmedia--textright blocmedia--color4\" id=\"bloc_2_13\">\n<div class=\"container\">\n<div class=\"row\">\n<div class=\"col-12 col-md-6\">\n<div class=\"slider\">\n<div id=\"slider-bloc_2_13\" class=\"flexslider flexslider--blocmedia loading\">\n<ul class=\"slides list-unstyled\">\n<li class=\"slider-li\">\n\t\t\t\t\t\t\t\t\t\t     \t<a data-fancybox=\"rel-slider-bloc_2_13\" data-caption=\"\" href=\"https:\/\/institutsaintdominique.fr\/wp-content\/uploads\/2024\/10\/IMG_4270-1-722x564.jpg\"><br \/>\n\t\t\t\t\t\t\t\t\t\t\t\t\t<img decoding=\"async\" class=\"img-fluid\" src=\"https:\/\/institutsaintdominique.fr\/wp-content\/uploads\/2024\/10\/IMG_4270-1-722x564.jpg\" width=\"\" height=\"\" alt=\"\"><br \/>\n\t\t\t\t\t\t\t\t\t\t\t\t<\/a>\n\t\t\t\t\t\t\t\t\t\t     <\/li>\n<\/ul><\/div>\n<\/p><\/div>\n<\/p><\/div>\n<div class=\"col-12 col-md-5 d-flex flex-column justify-content-center align-items-start mb-2 mb-md-0\">\n<div class=\"text\">\n<h2><span>L&#8217;orientamento, un percorso verso gli studi superiori dalla 3\u00e8me \u00e0 la terminale<\/span><\/h2>\n<p>L&#8217;orientamento, sia che si tratti della scelta delle opzioni, dei percorsi, degli studi superiori o della carriera, \u00e8 una sfida fondamentale per gli studenti dalla 3\u00e8me alla terminale. In un mondo in continua evoluzione, pu\u00f2 essere difficile fare previsioni con chiarezza e sicurezza. Per rispondere a questa sfida, l&#8217;Institu International Saint-Dominique di Roma e il gruppo Odyssey, in collaborazione con il team educativo della scuola e gli esperti dell&#8217;orientamento, ha ideato ODYSSUP: un programma di coaching personalizzato destinato agli studenti che desiderano chiarire e concretizzare il proprio progetto in modo progressivo e adattato.<\/p>\n<p>\t\t\t\t\t\t<!-- Changer la classe de couleur du bouton en fonction de la couleur g\u00e9n\u00e9rale du bloc --><\/p>\n<div class=\"bloc_cta\" >\n<p><a class=\"btn btn--color4\" href=\"https:\/\/institutsaintdominique.fr\/wp-content\/uploads\/2024\/10\/Parcours-Avenir-IISD-2.pdf\" target=\"_blank\" rel=\"noopener\">Scoprite il nostro Parcours Avenir<\/a>\t\t\t\t\t<\/div>\n<\/p><\/div>\n<\/p><\/div>\n<\/p><\/div>\n<\/p><\/div>\n<\/div>\n<div class=\"bloctext bloctext--nocolor bloctext--haspattern\" id=\"bloc_6_14\">\n<div class=\"container\">\n<div class=\"row\">\n<div class=\"col-12 col-lg-4 col-xl-3 mb-1\">\n<h2><span>ODYSSUP, un programma di coaching personalizzato<\/span><\/h2>\n<\/p><\/div>\n<div class=\"col-12 col-lg-8 col-xl-9\">\n<div class=\"text pl-lg-4\">\n<p><strong>Gi\u00e0 dalla classe di 3\u00e8me<\/strong>, l&rsquo;ISD offre un ricca base comune che comprende conferenze sui sistemi educativi globali, forum professionali e visite di istituti universitari. Questo percorso \u00e8 completato da un accompagnamento individuale che aiuta ogni studente a definire i propri obiettivi e a costruire una solida candidatura.<\/p>\n<ul>\n<li>In <strong>3\u00e8me<\/strong>: Esplorare, conoscersi meglio e avviare un processo di ricerca personale.<\/li>\n<li>In <strong>2nde<\/strong>: Scoprire una vasta gamma di opportunit\u00e0 e affermare i propri interessi.<\/li>\n<li>In <strong>1\u00e8re<\/strong>: Scegliere il proprio percorso e prepararsi per i percorsi selettivi.<\/li>\n<li>In <strong>Terminale<\/strong>: Concretizzare il proprio progetto aprendo le porte delle migliori universit\u00e0 mondiali.<\/li>\n<\/ul>\n<p>Un Forum dei mestieri \u00e8 organizzato ogni anno a novembre presso l&rsquo;ISD dove ogni professionista, universit\u00e0, genitori, \u00e8 invitato a presentare il proprio mestiere agli studenti.<\/p>\n<\/p><\/div>\n<\/p><\/div>\n<\/p><\/div>\n<\/p><\/div>\n<\/div>\n<div class=\"bigmedia bigmedia--nocolor\" id=\"bloc_13_15\">\n<div class=\"container\">\n<h2><span><\/span><\/h2>\n<\/p>\n<div class=\"row justify-content-center\">\n<div class=\"col-lg-10\">\n<div class=\"slider\">\n<div id=\"slider-bloc_13_15\" class=\"flexslider flexslider--bigmedia loading\">\n<ul class=\"slides list-unstyled\">\n<li class=\"slider-li\">\n\t\t\t\t\t\t\t\t\t\t     \t<a data-fancybox=\"rel-slider-bloc_13_15\" data-caption=\"\" href=\"https:\/\/institutsaintdominique.fr\/wp-content\/uploads\/2024\/10\/Programme-Odyssup-2024-25-FR-1080x604.png\"><br \/>\n\t\t\t\t\t\t\t\t\t\t\t\t\t<img decoding=\"async\" class=\"img-fluid\" src=\"https:\/\/institutsaintdominique.fr\/wp-content\/uploads\/2024\/10\/Programme-Odyssup-2024-25-FR-1080x604.png\" width=\"\" height=\"\" alt=\"\"><br \/>\n\t\t\t\t\t\t\t\t\t\t\t\t<\/a>\n\t\t\t\t\t\t\t\t\t\t     <\/li>\n<\/ul><\/div>\n<\/p><\/div>\n<\/p><\/div>\n<\/p><\/div>\n<\/p><\/div>\n<\/div>\n<div class=\"numbers numbers--color1\">\n<div class=\"container\">\n<h1><span>4 motivi per iscriversi<\/span><\/h1>\n<div class=\"row justify-content-center\">\n<div class=\"col-6 col-sm-4 col-md-3 mb-2 mb-lg-3\">\n<div class=\"number\">\n\t\t\t\t\t\t<strong ><b class=\"counter\" >1<\/b><\/strong><br \/>\n\t\t\t\t\t\t<span>Comprendere meglio il suo percorso di orientamento sempre pi\u00f9 complesso e competitivo.<\/span>\n\t\t\t\t\t<\/div>\n<\/p><\/div>\n<div class=\"col-6 col-sm-4 col-md-3 mb-2 mb-lg-3\">\n<div class=\"number\">\n\t\t\t\t\t\t<strong ><b class=\"counter\" >2<\/b><\/strong><br \/>\n\t\t\t\t\t\t<span>Imparare a valorizzare il proprio percorso e profilo e fare la differenza al momento delle ammissioni.<\/span>\n\t\t\t\t\t<\/div>\n<\/p><\/div>\n<div class=\"col-6 col-sm-4 col-md-3 mb-2 mb-lg-3\">\n<div class=\"number\">\n\t\t\t\t\t\t<strong ><b class=\"counter\" >3<\/b><\/strong><br \/>\n\t\t\t\t\t\t<span>Ricevere un accompagnamento su misura per gli studenti del gruppo Odyssey Education.<\/span>\n\t\t\t\t\t<\/div>\n<\/p><\/div>\n<div class=\"col-6 col-sm-4 col-md-3 mb-2 mb-lg-3\">\n<div class=\"number\">\n\t\t\t\t\t\t<strong ><b class=\"counter\" >4<\/b><\/strong><br \/>\n\t\t\t\t\t\t<span>Aumentare le sue possibilit\u00e0 di accedere alle pi\u00f9 grandi universit\u00e0 francesi e internazionali.<\/span>\n\t\t\t\t\t<\/div>\n<\/p><\/div>\n<\/p><\/div>\n<\/p><\/div>\n<\/div>\n<div class=\"carouseltexts carouseltexts--nocolor\" id=\"bloc_9_17\">\n<div class=\"container\">\n<h2><span><\/span><\/h2>\n<p class=\"mb-2 mb-md-4\">\n<div class=\"row\">\n<div class=\"col-12\">\n<div id=\"carousel-2\" class=\"flexslider flexslider--carouseltexts\">\n<ul class=\"slides list-unstyled\">\n<li class=\"slider-li\">\n<div class=\"cardtext\">\n<div class=\"text\">\n<blockquote><p>\n\t\t\t\t\t    \t\t\t\t<strong><\/strong><\/p>\n<p>L&#8217;accompagnamento da parte dell&#8217;insegnante principale, del PRIO (Staff Resource in Information and Guidance) e di me stessa, \u00e8 cruciale per il percorso personalizzato di ogni studente. Questo team assicura un coordinamento fluido con i nostri partner educativi, assicurando che ogni studente possa scegliere serenamente il suo orientamento scolastico.<\/p>\n<\/blockquote>\n<p>\t\t\t\t\t    \t\t\t<cite class=\"author\"><br \/>\n\t\t\t\t\t\t\t\t\t\t<img decoding=\"async\" src=\"https:\/\/institutsaintdominique.fr\/wp-content\/uploads\/2024\/08\/Audren-SEGUILLON-1-150x150.jpg\" alt=\"\" width=\"58\" height=\"58\"><\/p>\n<div>\n\t\t\t\t\t\t\t\t\t\t\t<strong>Audren Seguillon<\/strong><br \/>\n\t\t\t\t\t\t\t\t\t\t\t<span>Preside<\/span>\n\t\t\t\t\t\t\t\t\t\t<\/div>\n<p>\t\t\t\t\t\t\t\t\t<\/cite><\/p><\/div>\n<\/p><\/div>\n<\/li>\n<li class=\"slider-li\">\n<div class=\"cardtext\">\n<div class=\"text\">\n<blockquote><p>\n\t\t\t\t\t    \t\t\t\t<strong><\/strong><\/p>\n<p>La scelta di una carriera \u00e8 una delle scelte pi\u00f9 importanti della nostra vita ma anche una delle pi\u00f9 difficili perch\u00e9 amare il proprio mestiere, \u00e8 farne una vocazione. Il team educativo dell&#8217;IISD e in particolare il polo orientamento provvede affinch\u00e9 ogni studente, nel corso del suo percorso formativo, possa scoprire le sue passioni, le sue attitudini e raggiungere i suoi obiettivi.<\/p>\n<\/blockquote>\n<p>\t\t\t\t\t    \t\t\t<cite class=\"author\"><br \/>\n\t\t\t\t\t\t\t\t\t\t<img decoding=\"async\" src=\"https:\/\/institutsaintdominique.fr\/wp-content\/uploads\/2022\/01\/Sophie-BROUTE@2x-150x150.jpg\" alt=\"\" width=\"58\" height=\"58\"><\/p>\n<div>\n\t\t\t\t\t\t\t\t\t\t\t<strong>Sophie Brout\u00e9<\/strong><br \/>\n\t\t\t\t\t\t\t\t\t\t\t<span>PRIO, Professore di Storia-geografia, insegnante principale di Terminale<\/span>\n\t\t\t\t\t\t\t\t\t\t<\/div>\n<p>\t\t\t\t\t\t\t\t\t<\/cite><\/p><\/div>\n<\/p><\/div>\n<\/li>\n<li class=\"slider-li\">\n<div class=\"cardtext\">\n<div class=\"text\">\n<blockquote><p>\n\t\t\t\t\t    \t\t\t\t<strong><\/strong><\/p>\n<p>I am a NACAC and THE certified University and Careers counsellor with years of experience in British and French international schools. My aim is to inspire students to live passionately, purposefully and intentionally through partnerships, events and individual guidance. I have helped students secure multiple offers from diverse international universities: Italy (Bocconi, LUISS, Cattolica, La Sapienza, Alma Mater +), the Netherlands (Amsterdam, Maastricht, Twente +), the UK (Edinburgh, Glasgow, Manchester +) Canada (University of British Columbia, Saskatchewan), the US (University of Virginia, Virginia Tech., George Mason), Spain, Germany &#038; the Middle East.<\/p>\n<\/blockquote>\n<p>\t\t\t\t\t    \t\t\t<cite class=\"author\"><br \/>\n\t\t\t\t\t\t\t\t\t\t<img decoding=\"async\" src=\"https:\/\/institutsaintdominique.fr\/wp-content\/uploads\/2023\/11\/1276-e1699366362213-150x150.jpg\" alt=\"\" width=\"58\" height=\"58\"><\/p>\n<div>\n\t\t\t\t\t\t\t\t\t\t\t<strong>Oriana Kelly Saltaleggio<\/strong><br \/>\n\t\t\t\t\t\t\t\t\t\t\t<span>Futures Counsellor; EE &#038; CAS Coordinator (IB)<\/span>\n\t\t\t\t\t\t\t\t\t\t<\/div>\n<p>\t\t\t\t\t\t\t\t\t<\/cite><\/p><\/div>\n<\/p><\/div>\n<\/li>\n<\/ul><\/div>\n<\/p><\/div>\n<\/p><\/div>\n<\/p><\/div>\n<\/div>\n<div class=\"blocsphotos blocsphotos--nocolor\" id=\"bloc_14_18\">\n<div class=\"container\">\n<div class=\"row\">\n<div class=\"col-6 col-md-3 mb-1 mb-md-0\">\n<div class=\"blocphoto\">\n\t\t\t\t\t<img decoding=\"async\" class=\"img-fluid img-rounded\" src=\"https:\/\/institutsaintdominique.fr\/wp-content\/uploads\/2024\/10\/IMG_4270-1-270x310.jpg\" width=\"\" height=\"\" alt=\"\">\n\t\t\t\t<\/div>\n<\/p><\/div>\n<div class=\"col-6 col-md-3 mb-1 mb-md-0\">\n<div class=\"blocphoto\">\n\t\t\t\t\t<img decoding=\"async\" class=\"img-fluid img-rounded\" src=\"https:\/\/institutsaintdominique.fr\/wp-content\/uploads\/2024\/04\/ISD_Orientation_191-270x310.jpg\" width=\"\" height=\"\" alt=\"\">\n\t\t\t\t<\/div>\n<\/p><\/div>\n<div class=\"col-6 col-md-3 mb-1 mb-md-0\">\n<div class=\"blocphoto\">\n\t\t\t\t\t<img decoding=\"async\" class=\"img-fluid img-rounded\" src=\"https:\/\/institutsaintdominique.fr\/wp-content\/uploads\/2024\/05\/6ddb3f37-fd6f-4b7b-a5d4-bf3ac4527b59-270x310.jpg\" width=\"\" height=\"\" alt=\"\">\n\t\t\t\t<\/div>\n<\/p><\/div>\n<div class=\"col-6 col-md-3 mb-1 mb-md-0\">\n<div class=\"blocphoto\">\n\t\t\t\t\t<img decoding=\"async\" class=\"img-fluid img-rounded\" src=\"https:\/\/institutsaintdominique.fr\/wp-content\/uploads\/2024\/05\/IMG_1796-270x310.jpg\" width=\"\" height=\"\" alt=\"\">\n\t\t\t\t<\/div>\n<\/p><\/div>\n<\/p><\/div>\n<\/p><\/div>\n<\/div>\n<div class=\"blocsphotos blocsphotos--nocolor\" id=\"bloc_14_19\">\n<div class=\"container\">\n<div class=\"row\">\n<div class=\"col-6 col-md-3 mb-1 mb-md-0\">\n<div class=\"blocphoto\">\n\t\t\t\t\t<img decoding=\"async\" class=\"img-fluid img-rounded\" src=\"https:\/\/institutsaintdominique.fr\/wp-content\/uploads\/2023\/11\/PHOTO-2023-11-24-18-12-42-5-270x310.jpg\" width=\"\" height=\"\" alt=\"\">\n\t\t\t\t<\/div>\n<\/p><\/div>\n<div class=\"col-6 col-md-3 mb-1 mb-md-0\">\n<div class=\"blocphoto\">\n\t\t\t\t\t<img decoding=\"async\" class=\"img-fluid img-rounded\" src=\"https:\/\/institutsaintdominique.fr\/wp-content\/uploads\/2023\/11\/PHOTO-2023-11-24-18-12-42-4-270x310.jpg\" width=\"\" height=\"\" alt=\"\">\n\t\t\t\t<\/div>\n<\/p><\/div>\n<div class=\"col-6 col-md-3 mb-1 mb-md-0\">\n<div class=\"blocphoto\">\n\t\t\t\t\t<img decoding=\"async\" class=\"img-fluid img-rounded\" src=\"https:\/\/institutsaintdominique.fr\/wp-content\/uploads\/2023\/11\/PHOTO-2023-11-24-18-12-42-1-270x310.jpg\" width=\"\" height=\"\" alt=\"\">\n\t\t\t\t<\/div>\n<\/p><\/div>\n<div class=\"col-6 col-md-3 mb-1 mb-md-0\">\n<div class=\"blocphoto\">\n\t\t\t\t\t<img decoding=\"async\" class=\"img-fluid img-rounded\" src=\"https:\/\/institutsaintdominique.fr\/wp-content\/uploads\/2023\/11\/PHOTO-2023-11-24-19-23-46-270x310.jpg\" width=\"\" height=\"\" alt=\"\">\n\t\t\t\t<\/div>\n<\/p><\/div>\n<\/p><\/div>\n<\/p><\/div>\n<\/div>\n<div class=\"blocinfo blocinfo--color4\" id=\"bloc_10_20\">\n<div class=\"container\">\n<div class=\"row\">\n<div class=\"col-12 col-md-6\">\n<h2><span>Inizia il tuo futuro oggi!<\/span><\/h2>\n<p>Il team di ammissione \u00e8 a vostra disposizione.<\/p>\n<p>\t\t\t\t<!-- Changer la classe de couleur du bouton en fonction de la couleur g\u00e9n\u00e9rale du bloc --><\/p>\n<div class=\"bloc_cta\" >\n\t<a href=\"https:\/\/institutsaintdominique.fr\/it\/ammissioni\/\" title=\"Iscriversi\" target=\"\" class=\"mr-3 btn btn--color4\" rel=\"noopener\">Iscriversi<\/a> \t\t\t\t<\/div>\n<\/p><\/div>\n<\/p><\/div>\n<\/p><\/div>\n<\/div>\n","protected":false},"excerpt":{"rendered":"<p>Orientamento L&#8217;orientamento, un percorso verso gli studi superiori dalla 3\u00e8me \u00e0 la terminale Contattaci L&#8217;orientamento, un percorso verso gli studi [&hellip;]<\/p>\n","protected":false},"author":6,"featured_media":0,"parent":4088,"menu_order":100,"comment_status":"closed","ping_status":"closed","template":"","meta":{"_acf_changed":false,"kdcopypost-origin-url":"","kdcopypost-origin-id":"","footnotes":""},"class_list":["post-24116","page","type-page","status-publish","hentry"],"acf":[],"yoast_head":"<!-- This site is optimized with the Yoast SEO plugin v27.0 - https:\/\/yoast.com\/product\/yoast-seo-wordpress\/ -->\n<title>Orientamento - ISD Rome<\/title>\n<meta name=\"description\" content=\"L&#039;orientamento, tra la scelta delle opzioni, dei percorsi, degli studi superiori o della carriera, \u00e8 una sfida fondamentale per gli studenti.\" \/>\n<meta name=\"robots\" content=\"index, follow, max-snippet:-1, max-image-preview:large, max-video-preview:-1\" \/>\n<link rel=\"canonical\" href=\"https:\/\/institutsaintdominique.fr\/it\/curriculum-scolastico\/orientamento\/\" \/>\n<meta property=\"og:locale\" content=\"it_IT\" \/>\n<meta property=\"og:type\" content=\"article\" \/>\n<meta property=\"og:title\" content=\"Orientamento - ISD Rome\" \/>\n<meta property=\"og:description\" content=\"L&#039;orientamento, tra la scelta delle opzioni, dei percorsi, degli studi superiori o della carriera, \u00e8 una sfida fondamentale per gli studenti.\" \/>\n<meta property=\"og:url\" content=\"https:\/\/institutsaintdominique.fr\/it\/curriculum-scolastico\/orientamento\/\" \/>\n<meta property=\"og:site_name\" content=\"ISD Rome\" \/>\n<meta property=\"article:modified_time\" content=\"2024-11-04T09:57:13+00:00\" \/>\n<meta property=\"og:image\" content=\"https:\/\/institutsaintdominique.fr\/wp-content\/uploads\/2024\/10\/IMG_4270-1-722x564.jpg\" \/>\n<meta name=\"twitter:card\" content=\"summary_large_image\" \/>\n<meta name=\"twitter:label1\" content=\"Tempo di lettura stimato\" \/>\n\t<meta name=\"twitter:data1\" content=\"10 minuti\" \/>\n<script type=\"application\/ld+json\" class=\"yoast-schema-graph\">{\"@context\":\"https:\/\/schema.org\",\"@graph\":[{\"@type\":\"WebPage\",\"@id\":\"https:\/\/institutsaintdominique.fr\/it\/curriculum-scolastico\/orientamento\/\",\"url\":\"https:\/\/institutsaintdominique.fr\/it\/curriculum-scolastico\/orientamento\/\",\"name\":\"Orientamento - ISD Rome\",\"isPartOf\":{\"@id\":\"https:\/\/institutsaintdominique.fr\/it\/#website\"},\"primaryImageOfPage\":{\"@id\":\"https:\/\/institutsaintdominique.fr\/it\/curriculum-scolastico\/orientamento\/#primaryimage\"},\"image\":{\"@id\":\"https:\/\/institutsaintdominique.fr\/it\/curriculum-scolastico\/orientamento\/#primaryimage\"},\"thumbnailUrl\":\"https:\/\/institutsaintdominique.fr\/wp-content\/uploads\/2024\/10\/IMG_4270-1-722x564.jpg\",\"datePublished\":\"2024-10-15T10:45:51+00:00\",\"dateModified\":\"2024-11-04T09:57:13+00:00\",\"description\":\"L'orientamento, tra la scelta delle opzioni, dei percorsi, degli studi superiori o della carriera, \u00e8 una sfida fondamentale per gli studenti.\",\"breadcrumb\":{\"@id\":\"https:\/\/institutsaintdominique.fr\/it\/curriculum-scolastico\/orientamento\/#breadcrumb\"},\"inLanguage\":\"it-IT\",\"potentialAction\":[{\"@type\":\"ReadAction\",\"target\":[\"https:\/\/institutsaintdominique.fr\/it\/curriculum-scolastico\/orientamento\/\"]}]},{\"@type\":\"ImageObject\",\"inLanguage\":\"it-IT\",\"@id\":\"https:\/\/institutsaintdominique.fr\/it\/curriculum-scolastico\/orientamento\/#primaryimage\",\"url\":\"https:\/\/institutsaintdominique.fr\/wp-content\/uploads\/2024\/10\/IMG_4270-1-722x564.jpg\",\"contentUrl\":\"https:\/\/institutsaintdominique.fr\/wp-content\/uploads\/2024\/10\/IMG_4270-1-722x564.jpg\"},{\"@type\":\"BreadcrumbList\",\"@id\":\"https:\/\/institutsaintdominique.fr\/it\/curriculum-scolastico\/orientamento\/#breadcrumb\",\"itemListElement\":[{\"@type\":\"ListItem\",\"position\":1,\"name\":\"Accueil\",\"item\":\"https:\/\/institutsaintdominique.fr\/it\/\"},{\"@type\":\"ListItem\",\"position\":2,\"name\":\"Curriculum scolastico\",\"item\":\"https:\/\/institutsaintdominique.fr\/it\/curriculum-scolastico\/\"},{\"@type\":\"ListItem\",\"position\":3,\"name\":\"Orientamento\"}]},{\"@type\":\"WebSite\",\"@id\":\"https:\/\/institutsaintdominique.fr\/it\/#website\",\"url\":\"https:\/\/institutsaintdominique.fr\/it\/\",\"name\":\"ISD Rome\",\"description\":\"ISD Rome\",\"potentialAction\":[{\"@type\":\"SearchAction\",\"target\":{\"@type\":\"EntryPoint\",\"urlTemplate\":\"https:\/\/institutsaintdominique.fr\/it\/?s={search_term_string}\"},\"query-input\":{\"@type\":\"PropertyValueSpecification\",\"valueRequired\":true,\"valueName\":\"search_term_string\"}}],\"inLanguage\":\"it-IT\"}]}<\/script>\n<!-- \/ Yoast SEO plugin. -->","yoast_head_json":{"title":"Orientamento - ISD Rome","description":"L'orientamento, tra la scelta delle opzioni, dei percorsi, degli studi superiori o della carriera, \u00e8 una sfida fondamentale per gli studenti.","robots":{"index":"index","follow":"follow","max-snippet":"max-snippet:-1","max-image-preview":"max-image-preview:large","max-video-preview":"max-video-preview:-1"},"canonical":"https:\/\/institutsaintdominique.fr\/it\/curriculum-scolastico\/orientamento\/","og_locale":"it_IT","og_type":"article","og_title":"Orientamento - ISD Rome","og_description":"L'orientamento, tra la scelta delle opzioni, dei percorsi, degli studi superiori o della carriera, \u00e8 una sfida fondamentale per gli studenti.","og_url":"https:\/\/institutsaintdominique.fr\/it\/curriculum-scolastico\/orientamento\/","og_site_name":"ISD Rome","article_modified_time":"2024-11-04T09:57:13+00:00","og_image":[{"url":"https:\/\/institutsaintdominique.fr\/wp-content\/uploads\/2024\/10\/IMG_4270-1-722x564.jpg","type":"","width":"","height":""}],"twitter_card":"summary_large_image","twitter_misc":{"Tempo di lettura stimato":"10 minuti"},"schema":{"@context":"https:\/\/schema.org","@graph":[{"@type":"WebPage","@id":"https:\/\/institutsaintdominique.fr\/it\/curriculum-scolastico\/orientamento\/","url":"https:\/\/institutsaintdominique.fr\/it\/curriculum-scolastico\/orientamento\/","name":"Orientamento - ISD Rome","isPartOf":{"@id":"https:\/\/institutsaintdominique.fr\/it\/#website"},"primaryImageOfPage":{"@id":"https:\/\/institutsaintdominique.fr\/it\/curriculum-scolastico\/orientamento\/#primaryimage"},"image":{"@id":"https:\/\/institutsaintdominique.fr\/it\/curriculum-scolastico\/orientamento\/#primaryimage"},"thumbnailUrl":"https:\/\/institutsaintdominique.fr\/wp-content\/uploads\/2024\/10\/IMG_4270-1-722x564.jpg","datePublished":"2024-10-15T10:45:51+00:00","dateModified":"2024-11-04T09:57:13+00:00","description":"L'orientamento, tra la scelta delle opzioni, dei percorsi, degli studi superiori o della carriera, \u00e8 una sfida fondamentale per gli studenti.","breadcrumb":{"@id":"https:\/\/institutsaintdominique.fr\/it\/curriculum-scolastico\/orientamento\/#breadcrumb"},"inLanguage":"it-IT","potentialAction":[{"@type":"ReadAction","target":["https:\/\/institutsaintdominique.fr\/it\/curriculum-scolastico\/orientamento\/"]}]},{"@type":"ImageObject","inLanguage":"it-IT","@id":"https:\/\/institutsaintdominique.fr\/it\/curriculum-scolastico\/orientamento\/#primaryimage","url":"https:\/\/institutsaintdominique.fr\/wp-content\/uploads\/2024\/10\/IMG_4270-1-722x564.jpg","contentUrl":"https:\/\/institutsaintdominique.fr\/wp-content\/uploads\/2024\/10\/IMG_4270-1-722x564.jpg"},{"@type":"BreadcrumbList","@id":"https:\/\/institutsaintdominique.fr\/it\/curriculum-scolastico\/orientamento\/#breadcrumb","itemListElement":[{"@type":"ListItem","position":1,"name":"Accueil","item":"https:\/\/institutsaintdominique.fr\/it\/"},{"@type":"ListItem","position":2,"name":"Curriculum scolastico","item":"https:\/\/institutsaintdominique.fr\/it\/curriculum-scolastico\/"},{"@type":"ListItem","position":3,"name":"Orientamento"}]},{"@type":"WebSite","@id":"https:\/\/institutsaintdominique.fr\/it\/#website","url":"https:\/\/institutsaintdominique.fr\/it\/","name":"ISD Rome","description":"ISD Rome","potentialAction":[{"@type":"SearchAction","target":{"@type":"EntryPoint","urlTemplate":"https:\/\/institutsaintdominique.fr\/it\/?s={search_term_string}"},"query-input":{"@type":"PropertyValueSpecification","valueRequired":true,"valueName":"search_term_string"}}],"inLanguage":"it-IT"}]}},"_links":{"self":[{"href":"https:\/\/institutsaintdominique.fr\/it\/wp-json\/wp\/v2\/pages\/24116","targetHints":{"allow":["GET"]}}],"collection":[{"href":"https:\/\/institutsaintdominique.fr\/it\/wp-json\/wp\/v2\/pages"}],"about":[{"href":"https:\/\/institutsaintdominique.fr\/it\/wp-json\/wp\/v2\/types\/page"}],"author":[{"embeddable":true,"href":"https:\/\/institutsaintdominique.fr\/it\/wp-json\/wp\/v2\/users\/6"}],"replies":[{"embeddable":true,"href":"https:\/\/institutsaintdominique.fr\/it\/wp-json\/wp\/v2\/comments?post=24116"}],"version-history":[{"count":14,"href":"https:\/\/institutsaintdominique.fr\/it\/wp-json\/wp\/v2\/pages\/24116\/revisions"}],"predecessor-version":[{"id":24371,"href":"https:\/\/institutsaintdominique.fr\/it\/wp-json\/wp\/v2\/pages\/24116\/revisions\/24371"}],"up":[{"embeddable":true,"href":"https:\/\/institutsaintdominique.fr\/it\/wp-json\/wp\/v2\/pages\/4088"}],"wp:attachment":[{"href":"https:\/\/institutsaintdominique.fr\/it\/wp-json\/wp\/v2\/media?parent=24116"}],"curies":[{"name":"wp","href":"https:\/\/api.w.org\/{rel}","templated":true}]}}