{"id":24577,"date":"2024-12-03T12:39:58","date_gmt":"2024-12-03T11:39:58","guid":{"rendered":"https:\/\/institutsaintdominique.fr\/info-pratiche\/servizi\/voyages-scolaires\/"},"modified":"2024-12-03T13:02:43","modified_gmt":"2024-12-03T12:02:43","slug":"viaggi-scolastici","status":"publish","type":"page","link":"https:\/\/institutsaintdominique.fr\/it\/info-pratiche\/servizi\/viaggi-scolastici\/","title":{"rendered":"Viaggi scolastici"},"content":{"rendered":"<p>\t\t\t\t<!-- avec ou sans CTA : m\u00eame code, \u00e7a centre verticalement le texte --><\/p>\n<div class=\"smallheader\" id=\"bloc_small_header_6\">\n<style type=\"text\/css\">\n\t\t\t\t\t\t\t#bloc_small_header_6 {background-image: url(https:\/\/institutsaintdominique.fr\/wp-content\/uploads\/2024\/03\/Campus-Rome-610x270.jpg);}\n\t\t\t\t\t\t\t@media (min-width: 480px) {\t#bloc_small_header_6 {background-image: url(https:\/\/institutsaintdominique.fr\/wp-content\/uploads\/2024\/03\/Campus-Rome-610x270.jpg);}}\n\t\t\t\t\t\t\t@media (min-width: 768px) {\t#bloc_small_header_6 {background-image: url(https:\/\/institutsaintdominique.fr\/wp-content\/uploads\/2024\/03\/Campus-Rome-1024x678.jpg);}}\n\t\t\t\t\t\t\t@media (min-width: 992px) { #bloc_small_header_6 {background-image: url(https:\/\/institutsaintdominique.fr\/wp-content\/uploads\/2024\/03\/Campus-Rome-1024x678.jpg);}}\n\t\t\t\t\t\t\t@media (min-width: 1200px) { #bloc_small_header_6 {background-image: url(https:\/\/institutsaintdominique.fr\/wp-content\/uploads\/2024\/03\/Campus-Rome-1536x1017.jpg);}}\n\t\t\t\t\t\t<\/style>\n<div class=\"container d-flex flex-column justify-content-center align-items-start\">\n<h1><span>Viaggi scolastici<\/span><\/h1>\n<p>Offrite ai vostri alunni un&#8217;esperienza indimenticabile!<\/p>\n<\/p><\/div>\n<\/p><\/div>\n<div class=\"bloctext bloctext--nocolor bloctext--haspattern\" id=\"bloc_6_7\">\n<div class=\"container\">\n<div class=\"row\">\n<div class=\"col-12 col-lg-4 col-xl-3 mb-1\">\n<h2><span>Viaggi scolastici all&#8217;ISD di Roma<\/span><\/h2>\n<\/p><\/div>\n<div class=\"col-12 col-lg-8 col-xl-9\">\n<div class=\"text pl-lg-4\">\n<p>In occasione dell&rsquo;anno del Giubileo, l&rsquo;Institut International Saint-Dominique di Roma vi invita ad organizzare una visita scolastica unica nel suo genere, che unisca scoperta culturale, educazione e spiritualit\u00e0. Con oltre 60 anni di storia, la nostra scuola offre un ambiente eccezionale per accogliere i vostri gruppi di studenti.<\/p>\n<\/p><\/div>\n<\/p><\/div>\n<\/p><\/div>\n<\/p><\/div>\n<\/div>\n<div class=\"blocsrounds blocsrounds--style1 \" id=\"bloc_4_8\">\n<div class=\"container text-center\">\n<h2><span>Perch\u00e9 scegliere l&#8217;ISD di Roma per il vostro viaggio scolastico?<\/span><\/h2>\n<div class=\"row\">\n<div class=\"col-6 col-md-4 mb-2\">\n<div class=\"blocround\">\n\t\t\t\t\t\t<img decoding=\"async\" class=\"img-fluid\" src=\"https:\/\/institutsaintdominique.fr\/wp-content\/uploads\/2024\/12\/INTERNAT-CHAMBRE-4-PAX-4-284x284.jpg\" width=\"\" height=\"\" alt=\"\"><\/p>\n<div class=\"text\">\n<h4>Sistemazione confortevole<\/h4>\n<p>con camere singole, doppie e quadruple dotate di bagno privato per garantire il benessere dei vostri studenti.<\/p>\n<\/p><\/div>\n<\/p><\/div>\n<\/p><\/div>\n<div class=\"col-6 col-md-4 mb-2\">\n<div class=\"blocround\">\n\t\t\t\t\t\t<img decoding=\"async\" class=\"img-fluid\" src=\"https:\/\/institutsaintdominique.fr\/wp-content\/uploads\/2021\/12\/489-284x284.jpg\" width=\"\" height=\"\" alt=\"\"><\/p>\n<div class=\"text\">\n<h4>Pensione completa<\/h4>\n<p>Colazione, pranzo, cena in loco e possibilit\u00e0 di pranzare fuori per le vostre uscite culturali.<\/p>\n<\/p><\/div>\n<\/p><\/div>\n<\/p><\/div>\n<div class=\"col-6 col-md-4 mb-2\">\n<div class=\"blocround\">\n\t\t\t\t\t\t<img decoding=\"async\" class=\"img-fluid\" src=\"https:\/\/institutsaintdominique.fr\/wp-content\/uploads\/2024\/05\/IMG_1796-284x284.jpg\" width=\"\" height=\"\" alt=\"\"><\/p>\n<div class=\"text\">\n<h4>Infrastrutture moderne<\/h4>\n<p>con una sala conferenze, attrezzature didattiche e strutture sportive.<\/p>\n<\/p><\/div>\n<\/p><\/div>\n<\/p><\/div>\n<div class=\"col-6 col-md-4 mb-2\">\n<div class=\"blocround\">\n\t\t\t\t\t\t<img decoding=\"async\" class=\"img-fluid\" src=\"https:\/\/institutsaintdominique.fr\/wp-content\/uploads\/2024\/12\/photographer-1927657_1280-284x284.jpg\" width=\"\" height=\"\" alt=\"\"><\/p>\n<div class=\"text\">\n<h4>Connessione Wi-Fi<\/h4>\n<p>in tutte le camere per facilitare la ricerca e le comunicazioni.<\/p>\n<\/p><\/div>\n<\/p><\/div>\n<\/p><\/div>\n<div class=\"col-6 col-md-4 mb-2\">\n<div class=\"blocround\">\n\t\t\t\t\t\t<img decoding=\"async\" class=\"img-fluid\" src=\"https:\/\/institutsaintdominique.fr\/wp-content\/uploads\/2023\/03\/ISD-CAMPUS-284x284.png\" width=\"\" height=\"\" alt=\"\"><\/p>\n<div class=\"text\">\n<h4>Sicurezza e ambiente ideale<\/h4>\n<p>Un campus di 6 ettari situato a Roma nord, che offre un ambiente sicuro, favorevole all&#8217;apprendimento e al riposo. Vaticano, Colosseo, Basilica di San Pietro e altri monumenti imperdibili a pochi minuti.<\/p>\n<\/p><\/div>\n<\/p><\/div>\n<\/p><\/div>\n<div class=\"col-6 col-md-4 mb-2\">\n<div class=\"blocround\">\n\t\t\t\t\t\t<img decoding=\"async\" class=\"img-fluid\" src=\"https:\/\/institutsaintdominique.fr\/wp-content\/uploads\/2022\/02\/Rome-Lycee-284x284.jpg\" width=\"\" height=\"\" alt=\"\"><\/p>\n<div class=\"text\">\n<h4>Programmi personalizzati<\/h4>\n<p>Soggiorni adatti agli obiettivi pedagogici, che combinano visite culturali, educazione linguistica e attivit\u00e0 spirituali. Possibilit\u00e0 di organizzare attivit\u00e0 su misura con i nostri partner locali.<\/p>\n<\/p><\/div>\n<\/p><\/div>\n<\/p><\/div>\n<\/p><\/div>\n<\/p><\/div>\n<\/div>\n<div class=\"blocmedia blocmedia--textright blocmedia--nocolor\" id=\"bloc_2_9\">\n<div class=\"container\">\n<div class=\"row\">\n<div class=\"col-12 col-md-6\">\n<div class=\"slider\">\n<div id=\"slider-bloc_2_9\" class=\"flexslider flexslider--blocmedia loading\">\n<ul class=\"slides list-unstyled\">\n<li class=\"slider-li\">\n\t\t\t\t\t\t\t\t\t\t     \t<a data-fancybox=\"rel-slider-bloc_2_9\" data-caption=\"\" href=\"https:\/\/institutsaintdominique.fr\/wp-content\/uploads\/2024\/12\/Mon-voyage-scolaire-a-Rome-My-school-trip-in-Rome-1.png\"><br \/>\n\t\t\t\t\t\t\t\t\t\t\t\t\t<img decoding=\"async\" class=\"img-fluid\" src=\"https:\/\/institutsaintdominique.fr\/wp-content\/uploads\/2024\/12\/Mon-voyage-scolaire-a-Rome-My-school-trip-in-Rome-1.png\" width=\"\" height=\"\" alt=\"\"><br \/>\n\t\t\t\t\t\t\t\t\t\t\t\t<\/a>\n\t\t\t\t\t\t\t\t\t\t     <\/li>\n<\/ul><\/div>\n<\/p><\/div>\n<\/p><\/div>\n<div class=\"col-12 col-md-5 d-flex flex-column justify-content-center align-items-start mb-2 mb-md-0\">\n<div class=\"text\">\n<h2><span>Un&#8217;occasione unica<\/span><\/h2>\n<p>Questo Giubileo \u00e8 un&#8217;occasione eccezionale per scoprire Roma da una nuova prospettiva spirituale e storica, offrendo ai vostri studenti un&#8217;esperienza educativa di forte valore aggiunto. Accogliamo gruppi da 12 a 40 studenti accompagnati. Saremo lieti di discutere le vostre esigenze specifiche e creare un programma su misura per il vostro viaggio scolastico a Roma. <\/p>\n<p>\t\t\t\t\t\t<!-- Changer la classe de couleur du bouton en fonction de la couleur g\u00e9n\u00e9rale du bloc --><\/p>\n<div class=\"bloc_cta\" >\n<p><a class=\"btn btn--nocolor\" href=\"https:\/\/www.canva.com\/design\/DAGXf3ZHh-M\/9SCTy7j5XR0zJgiM79hGgA\/view?utm_content=DAGXf3ZHh-M&#038;utm_campaign=designshare&#038;utm_medium=link2&#038;utm_source=uniquelinks&#038;utlId=hfd16e09e17\" target=\"_blank\">Brochure Viaggi scolastici<\/a>\t\t\t\t\t<\/div>\n<\/p><\/div>\n<\/p><\/div>\n<\/p><\/div>\n<\/p><\/div>\n<\/div>\n<div class=\"blocscontacts blocscontacts--nocolor\" id=\"bloc_contacts_10\" >\n<div class=\"container text-center\">\n<h2><span>Pronti a organizzare il vostro viaggio?<\/span><\/h2>\n<p>Contattaci!<\/p>\n<div class=\"row justify-content-center pt-2\">\n<div class=\"col-12 col-xl-11\">\n<div class=\"row\">\n<div class=\"col-12 col-md-6 mb-2\">\n<div class=\"bloccontact\">\n\t\t\t\t\t\t<img decoding=\"async\" class=\"img-fluid\" src=\"https:\/\/institutsaintdominique.fr\/wp-content\/uploads\/2024\/09\/David-CASTILLO-165x165.png\" width=\"165\" height=\"165\" alt=\"\"><\/p>\n<div class=\"text\">\n<h4>David Castillo<\/h4>\n<div><a href=\"tel:+39 351 769 2162\"><svg xmlns=\"http:\/\/www.w3.org\/2000\/svg\" viewBox=\"0 0 512 512\"><path d=\"M493.4 24.6l-104-24c-11.3-2.6-22.9 3.3-27.5 13.9l-48 112c-4.2 9.8-1.4 21.3 6.9 28l60.6 49.6c-36 76.7-98.9 140.5-177.2 177.2l-49.6-60.6c-6.8-8.3-18.2-11.1-28-6.9l-112 48C3.9 366.5-2 378.1.6 389.4l24 104C27.1 504.2 36.7 512 48 512c256.1 0 464-207.5 464-464 0-11.2-7.7-20.9-18.6-23.4z\"\/><\/svg><span>+39 351 769 2162<\/span><\/a><\/div>\n<div><a href=\"mailto:davidcastillo@institutsaintdominique.it\"><svg xmlns=\"http:\/\/www.w3.org\/2000\/svg\" viewBox=\"0 0 512 512\"><path d=\"M502.3 190.8c3.9-3.1 9.7-.2 9.7 4.7V400c0 26.5-21.5 48-48 48H48c-26.5 0-48-21.5-48-48V195.6c0-5 5.7-7.8 9.7-4.7 22.4 17.4 52.1 39.5 154.1 113.6 21.1 15.4 56.7 47.8 92.2 47.6 35.7.3 72-32.8 92.3-47.6 102-74.1 131.6-96.3 154-113.7zM256 320c23.2.4 56.6-29.2 73.4-41.4 132.7-96.3 142.8-104.7 173.4-128.7 5.8-4.5 9.2-11.5 9.2-18.9v-19c0-26.5-21.5-48-48-48H48C21.5 64 0 85.5 0 112v19c0 7.4 3.4 14.3 9.2 18.9 30.6 23.9 40.7 32.4 173.4 128.7 16.8 12.2 50.2 41.8 73.4 41.4z\"\/><\/svg><span>davidcastillo@institutsaintdominique.it<\/span><\/a><\/div>\n<\/p><\/div>\n<\/p><\/div>\n<\/p><\/div>\n<\/p><\/div>\n<\/p><\/div>\n<\/p><\/div>\n<\/p><\/div>\n<\/div>\n","protected":false},"excerpt":{"rendered":"<p>Viaggi scolastici Offrite ai vostri alunni un&#8217;esperienza indimenticabile! Viaggi scolastici all&#8217;ISD di Roma In occasione dell&rsquo;anno del Giubileo, l&rsquo;Institut International [&hellip;]<\/p>\n","protected":false},"author":6,"featured_media":0,"parent":4112,"menu_order":0,"comment_status":"closed","ping_status":"closed","template":"","meta":{"_acf_changed":false,"kdcopypost-origin-url":"","kdcopypost-origin-id":"","footnotes":""},"class_list":["post-24577","page","type-page","status-publish","hentry"],"acf":[],"yoast_head":"<!-- This site is optimized with the Yoast SEO plugin v27.0 - https:\/\/yoast.com\/product\/yoast-seo-wordpress\/ -->\n<title>Viaggi scolastici - ISD Rome<\/title>\n<meta name=\"description\" content=\"Organizza un viaggio scolastico unico all&#039;ISD di Roma: alloggio, ristorazione, visite per un&#039;esperienza indimenticabile. Contattaci!\" \/>\n<meta name=\"robots\" content=\"index, follow, max-snippet:-1, max-image-preview:large, max-video-preview:-1\" \/>\n<link rel=\"canonical\" href=\"https:\/\/institutsaintdominique.fr\/it\/info-pratiche\/servizi\/viaggi-scolastici\/\" \/>\n<meta property=\"og:locale\" content=\"it_IT\" \/>\n<meta property=\"og:type\" content=\"article\" \/>\n<meta property=\"og:title\" content=\"Viaggi scolastici - ISD Rome\" \/>\n<meta property=\"og:description\" content=\"Organizza un viaggio scolastico unico all&#039;ISD di Roma: alloggio, ristorazione, visite per un&#039;esperienza indimenticabile. Contattaci!\" \/>\n<meta property=\"og:url\" content=\"https:\/\/institutsaintdominique.fr\/it\/info-pratiche\/servizi\/viaggi-scolastici\/\" \/>\n<meta property=\"og:site_name\" content=\"ISD Rome\" \/>\n<meta property=\"article:modified_time\" content=\"2024-12-03T12:02:43+00:00\" \/>\n<meta property=\"og:image\" content=\"https:\/\/institutsaintdominique.fr\/wp-content\/uploads\/2024\/12\/INTERNAT-CHAMBRE-4-PAX-4-284x284.jpg\" \/>\n<meta name=\"twitter:card\" content=\"summary_large_image\" \/>\n<meta name=\"twitter:label1\" content=\"Tempo di lettura stimato\" \/>\n\t<meta name=\"twitter:data1\" content=\"6 minuti\" \/>\n<script type=\"application\/ld+json\" class=\"yoast-schema-graph\">{\"@context\":\"https:\/\/schema.org\",\"@graph\":[{\"@type\":\"WebPage\",\"@id\":\"https:\/\/institutsaintdominique.fr\/it\/info-pratiche\/servizi\/viaggi-scolastici\/\",\"url\":\"https:\/\/institutsaintdominique.fr\/it\/info-pratiche\/servizi\/viaggi-scolastici\/\",\"name\":\"Viaggi scolastici - ISD Rome\",\"isPartOf\":{\"@id\":\"https:\/\/institutsaintdominique.fr\/it\/#website\"},\"primaryImageOfPage\":{\"@id\":\"https:\/\/institutsaintdominique.fr\/it\/info-pratiche\/servizi\/viaggi-scolastici\/#primaryimage\"},\"image\":{\"@id\":\"https:\/\/institutsaintdominique.fr\/it\/info-pratiche\/servizi\/viaggi-scolastici\/#primaryimage\"},\"thumbnailUrl\":\"https:\/\/institutsaintdominique.fr\/wp-content\/uploads\/2024\/12\/INTERNAT-CHAMBRE-4-PAX-4-284x284.jpg\",\"datePublished\":\"2024-12-03T11:39:58+00:00\",\"dateModified\":\"2024-12-03T12:02:43+00:00\",\"description\":\"Organizza un viaggio scolastico unico all'ISD di Roma: alloggio, ristorazione, visite per un'esperienza indimenticabile. Contattaci!\",\"breadcrumb\":{\"@id\":\"https:\/\/institutsaintdominique.fr\/it\/info-pratiche\/servizi\/viaggi-scolastici\/#breadcrumb\"},\"inLanguage\":\"it-IT\",\"potentialAction\":[{\"@type\":\"ReadAction\",\"target\":[\"https:\/\/institutsaintdominique.fr\/it\/info-pratiche\/servizi\/viaggi-scolastici\/\"]}]},{\"@type\":\"ImageObject\",\"inLanguage\":\"it-IT\",\"@id\":\"https:\/\/institutsaintdominique.fr\/it\/info-pratiche\/servizi\/viaggi-scolastici\/#primaryimage\",\"url\":\"https:\/\/institutsaintdominique.fr\/wp-content\/uploads\/2024\/12\/INTERNAT-CHAMBRE-4-PAX-4-284x284.jpg\",\"contentUrl\":\"https:\/\/institutsaintdominique.fr\/wp-content\/uploads\/2024\/12\/INTERNAT-CHAMBRE-4-PAX-4-284x284.jpg\"},{\"@type\":\"BreadcrumbList\",\"@id\":\"https:\/\/institutsaintdominique.fr\/it\/info-pratiche\/servizi\/viaggi-scolastici\/#breadcrumb\",\"itemListElement\":[{\"@type\":\"ListItem\",\"position\":1,\"name\":\"Accueil\",\"item\":\"https:\/\/institutsaintdominique.fr\/it\/\"},{\"@type\":\"ListItem\",\"position\":2,\"name\":\"Informazioni\",\"item\":\"https:\/\/institutsaintdominique.fr\/it\/info-pratiche\/\"},{\"@type\":\"ListItem\",\"position\":3,\"name\":\"Servizi\",\"item\":\"https:\/\/institutsaintdominique.fr\/it\/info-pratiche\/servizi\/\"},{\"@type\":\"ListItem\",\"position\":4,\"name\":\"Viaggi scolastici\"}]},{\"@type\":\"WebSite\",\"@id\":\"https:\/\/institutsaintdominique.fr\/it\/#website\",\"url\":\"https:\/\/institutsaintdominique.fr\/it\/\",\"name\":\"ISD Rome\",\"description\":\"ISD Rome\",\"potentialAction\":[{\"@type\":\"SearchAction\",\"target\":{\"@type\":\"EntryPoint\",\"urlTemplate\":\"https:\/\/institutsaintdominique.fr\/it\/?s={search_term_string}\"},\"query-input\":{\"@type\":\"PropertyValueSpecification\",\"valueRequired\":true,\"valueName\":\"search_term_string\"}}],\"inLanguage\":\"it-IT\"}]}<\/script>\n<!-- \/ Yoast SEO plugin. -->","yoast_head_json":{"title":"Viaggi scolastici - ISD Rome","description":"Organizza un viaggio scolastico unico all'ISD di Roma: alloggio, ristorazione, visite per un'esperienza indimenticabile. Contattaci!","robots":{"index":"index","follow":"follow","max-snippet":"max-snippet:-1","max-image-preview":"max-image-preview:large","max-video-preview":"max-video-preview:-1"},"canonical":"https:\/\/institutsaintdominique.fr\/it\/info-pratiche\/servizi\/viaggi-scolastici\/","og_locale":"it_IT","og_type":"article","og_title":"Viaggi scolastici - ISD Rome","og_description":"Organizza un viaggio scolastico unico all'ISD di Roma: alloggio, ristorazione, visite per un'esperienza indimenticabile. Contattaci!","og_url":"https:\/\/institutsaintdominique.fr\/it\/info-pratiche\/servizi\/viaggi-scolastici\/","og_site_name":"ISD Rome","article_modified_time":"2024-12-03T12:02:43+00:00","og_image":[{"url":"https:\/\/institutsaintdominique.fr\/wp-content\/uploads\/2024\/12\/INTERNAT-CHAMBRE-4-PAX-4-284x284.jpg","type":"","width":"","height":""}],"twitter_card":"summary_large_image","twitter_misc":{"Tempo di lettura stimato":"6 minuti"},"schema":{"@context":"https:\/\/schema.org","@graph":[{"@type":"WebPage","@id":"https:\/\/institutsaintdominique.fr\/it\/info-pratiche\/servizi\/viaggi-scolastici\/","url":"https:\/\/institutsaintdominique.fr\/it\/info-pratiche\/servizi\/viaggi-scolastici\/","name":"Viaggi scolastici - ISD Rome","isPartOf":{"@id":"https:\/\/institutsaintdominique.fr\/it\/#website"},"primaryImageOfPage":{"@id":"https:\/\/institutsaintdominique.fr\/it\/info-pratiche\/servizi\/viaggi-scolastici\/#primaryimage"},"image":{"@id":"https:\/\/institutsaintdominique.fr\/it\/info-pratiche\/servizi\/viaggi-scolastici\/#primaryimage"},"thumbnailUrl":"https:\/\/institutsaintdominique.fr\/wp-content\/uploads\/2024\/12\/INTERNAT-CHAMBRE-4-PAX-4-284x284.jpg","datePublished":"2024-12-03T11:39:58+00:00","dateModified":"2024-12-03T12:02:43+00:00","description":"Organizza un viaggio scolastico unico all'ISD di Roma: alloggio, ristorazione, visite per un'esperienza indimenticabile. Contattaci!","breadcrumb":{"@id":"https:\/\/institutsaintdominique.fr\/it\/info-pratiche\/servizi\/viaggi-scolastici\/#breadcrumb"},"inLanguage":"it-IT","potentialAction":[{"@type":"ReadAction","target":["https:\/\/institutsaintdominique.fr\/it\/info-pratiche\/servizi\/viaggi-scolastici\/"]}]},{"@type":"ImageObject","inLanguage":"it-IT","@id":"https:\/\/institutsaintdominique.fr\/it\/info-pratiche\/servizi\/viaggi-scolastici\/#primaryimage","url":"https:\/\/institutsaintdominique.fr\/wp-content\/uploads\/2024\/12\/INTERNAT-CHAMBRE-4-PAX-4-284x284.jpg","contentUrl":"https:\/\/institutsaintdominique.fr\/wp-content\/uploads\/2024\/12\/INTERNAT-CHAMBRE-4-PAX-4-284x284.jpg"},{"@type":"BreadcrumbList","@id":"https:\/\/institutsaintdominique.fr\/it\/info-pratiche\/servizi\/viaggi-scolastici\/#breadcrumb","itemListElement":[{"@type":"ListItem","position":1,"name":"Accueil","item":"https:\/\/institutsaintdominique.fr\/it\/"},{"@type":"ListItem","position":2,"name":"Informazioni","item":"https:\/\/institutsaintdominique.fr\/it\/info-pratiche\/"},{"@type":"ListItem","position":3,"name":"Servizi","item":"https:\/\/institutsaintdominique.fr\/it\/info-pratiche\/servizi\/"},{"@type":"ListItem","position":4,"name":"Viaggi scolastici"}]},{"@type":"WebSite","@id":"https:\/\/institutsaintdominique.fr\/it\/#website","url":"https:\/\/institutsaintdominique.fr\/it\/","name":"ISD Rome","description":"ISD Rome","potentialAction":[{"@type":"SearchAction","target":{"@type":"EntryPoint","urlTemplate":"https:\/\/institutsaintdominique.fr\/it\/?s={search_term_string}"},"query-input":{"@type":"PropertyValueSpecification","valueRequired":true,"valueName":"search_term_string"}}],"inLanguage":"it-IT"}]}},"_links":{"self":[{"href":"https:\/\/institutsaintdominique.fr\/it\/wp-json\/wp\/v2\/pages\/24577","targetHints":{"allow":["GET"]}}],"collection":[{"href":"https:\/\/institutsaintdominique.fr\/it\/wp-json\/wp\/v2\/pages"}],"about":[{"href":"https:\/\/institutsaintdominique.fr\/it\/wp-json\/wp\/v2\/types\/page"}],"author":[{"embeddable":true,"href":"https:\/\/institutsaintdominique.fr\/it\/wp-json\/wp\/v2\/users\/6"}],"replies":[{"embeddable":true,"href":"https:\/\/institutsaintdominique.fr\/it\/wp-json\/wp\/v2\/comments?post=24577"}],"version-history":[{"count":7,"href":"https:\/\/institutsaintdominique.fr\/it\/wp-json\/wp\/v2\/pages\/24577\/revisions"}],"predecessor-version":[{"id":24584,"href":"https:\/\/institutsaintdominique.fr\/it\/wp-json\/wp\/v2\/pages\/24577\/revisions\/24584"}],"up":[{"embeddable":true,"href":"https:\/\/institutsaintdominique.fr\/it\/wp-json\/wp\/v2\/pages\/4112"}],"wp:attachment":[{"href":"https:\/\/institutsaintdominique.fr\/it\/wp-json\/wp\/v2\/media?parent=24577"}],"curies":[{"name":"wp","href":"https:\/\/api.w.org\/{rel}","templated":true}]}}