{"id":4074,"date":"2022-01-20T15:43:05","date_gmt":"2022-01-20T14:43:05","guid":{"rendered":"https:\/\/institutsaintdominique.fr\/a-proposito\/"},"modified":"2024-10-15T15:59:51","modified_gmt":"2024-10-15T13:59:51","slug":"a-proposito","status":"publish","type":"page","link":"https:\/\/institutsaintdominique.fr\/it\/a-proposito\/","title":{"rendered":"A proposito"},"content":{"rendered":"<p>\t\t\t\t<!-- avec ou sans CTA : m\u00eame code, \u00e7a centre verticalement le texte --><\/p>\n<div class=\"smallheader\" id=\"bloc_small_header_1\">\n<style type=\"text\/css\">\n\t\t\t\t\t\t\t#bloc_small_header_1 {background-image: url(https:\/\/institutsaintdominique.fr\/wp-content\/uploads\/2024\/03\/Campus-Rome-610x270.jpg);}\n\t\t\t\t\t\t\t@media (min-width: 480px) {\t#bloc_small_header_1 {background-image: url(https:\/\/institutsaintdominique.fr\/wp-content\/uploads\/2024\/03\/Campus-Rome-610x270.jpg);}}\n\t\t\t\t\t\t\t@media (min-width: 768px) {\t#bloc_small_header_1 {background-image: url(https:\/\/institutsaintdominique.fr\/wp-content\/uploads\/2024\/03\/Campus-Rome-1024x678.jpg);}}\n\t\t\t\t\t\t\t@media (min-width: 992px) { #bloc_small_header_1 {background-image: url(https:\/\/institutsaintdominique.fr\/wp-content\/uploads\/2024\/03\/Campus-Rome-1024x678.jpg);}}\n\t\t\t\t\t\t\t@media (min-width: 1200px) { #bloc_small_header_1 {background-image: url(https:\/\/institutsaintdominique.fr\/wp-content\/uploads\/2024\/03\/Campus-Rome-1536x1017.jpg);}}\n\t\t\t\t\t\t<\/style>\n<div class=\"container d-flex flex-column justify-content-center align-items-start\">\n<h1><span>A proposito di St Dominique<\/span><\/h1>\n<\/p><\/div>\n<\/p><\/div>\n<div class=\"blocmedia blocmedia--textright blocmedia--nocolor\" id=\"bloc_2_2\">\n<div class=\"container\">\n<div class=\"row\">\n<div class=\"col-12 col-md-6\">\n<div class=\"slider\">\n<div id=\"slider-bloc_2_2\" class=\"flexslider flexslider--blocmedia loading\">\n<ul class=\"slides list-unstyled\">\n<li class=\"slider-li\">\n\t\t\t\t\t\t\t\t\t\t     \t<a data-fancybox=\"rel-slider-bloc_2_2\" data-caption=\"\" href=\"https:\/\/institutsaintdominique.fr\/wp-content\/uploads\/2024\/08\/Audren-SEGUILLON-1-722x564.jpg\"><br \/>\n\t\t\t\t\t\t\t\t\t\t\t\t\t<img decoding=\"async\" class=\"img-fluid\" src=\"https:\/\/institutsaintdominique.fr\/wp-content\/uploads\/2024\/08\/Audren-SEGUILLON-1-722x564.jpg\" width=\"\" height=\"\" alt=\"\"><br \/>\n\t\t\t\t\t\t\t\t\t\t\t\t<\/a>\n\t\t\t\t\t\t\t\t\t\t     <\/li>\n<\/ul><\/div>\n<\/p><\/div>\n<\/p><\/div>\n<div class=\"col-12 col-md-5 d-flex flex-column justify-content-center align-items-start mb-2 mb-md-0\">\n<div class=\"text\">\n<h2><span>Messaggio di benvenuto del Preside<\/span><\/h2>\n<p>Benvenuti all&#8217;Institut International Saint-Dominique di Roma, scuola membro del gruppo Odyssey e scuola partner dell&#8217;AEFE che ha festeggiato i suoi 60 anni di eccellenza educativa.<br \/>\nL&#8217;ISD \u00e8 una scuola che riunisce pi\u00f9 di 300 alunni dalla pre-materna all&#8217;ultimo anno di liceo, la classe di Terminale&#8230;<\/p>\n<p>\t\t\t\t\t\t<!-- Changer la classe de couleur du bouton en fonction de la couleur g\u00e9n\u00e9rale du bloc --><\/p>\n<div class=\"bloc_cta\" >\n<p><a class=\"btn btn--nocolor\" href=\"https:\/\/institutsaintdominique.fr\/it\/a-proposito\/messaggio-di-benvenuto-del-preside\/\" target=\"\" rel=\"noopener\">Saperne di pi\u00f9<\/a>\t\t\t\t\t<\/div>\n<\/p><\/div>\n<\/p><\/div>\n<\/p><\/div>\n<\/p><\/div>\n<\/div>\n<div class=\"blocmedia blocmedia--textleft blocmedia--color4\" id=\"bloc_2_3\">\n<div class=\"container\">\n<div class=\"row\">\n<div class=\"col-12 col-md-6\">\n<div class=\"slider\">\n<div id=\"slider-bloc_2_3\" class=\"flexslider flexslider--blocmedia loading\">\n<ul class=\"slides list-unstyled\">\n<li class=\"slider-li\">\n\t\t\t\t\t\t\t\t\t\t     \t<a data-fancybox=\"rel-slider-bloc_2_3\" data-caption=\"\" href=\"https:\/\/institutsaintdominique.fr\/wp-content\/uploads\/2022\/08\/1966-67-Vue-ge\u0301ne\u0301rale-722x564.jpeg\"><br \/>\n\t\t\t\t\t\t\t\t\t\t\t\t\t<img decoding=\"async\" class=\"img-fluid\" src=\"https:\/\/institutsaintdominique.fr\/wp-content\/uploads\/2022\/08\/1966-67-Vue-ge\u0301ne\u0301rale-722x564.jpeg\" width=\"\" height=\"\" alt=\"\"><br \/>\n\t\t\t\t\t\t\t\t\t\t\t\t<\/a>\n\t\t\t\t\t\t\t\t\t\t     <\/li>\n<\/ul><\/div>\n<\/p><\/div>\n<\/p><\/div>\n<div class=\"col-12 col-md-5 d-flex flex-column justify-content-center align-items-start mb-2 mb-md-0\">\n<div class=\"text\">\n<h2><span>La nostra storia<\/span><\/h2>\n<p>L&#8217;Institut International Saint-Dominique di Roma \u00e8 stato fondato pi\u00f9 di 60 anni fa falla Congregazione Romana di San Domenico, ed \u00e8 nato dalla necessit\u00e0 di offrire una risposta alle esigenze delle famiglie di Roma e del mondo, desiderose di impartire ai loro figli un insegnamento domenicano rigoroso ed esigente&#8230;<\/p>\n<p>\t\t\t\t\t\t<!-- Changer la classe de couleur du bouton en fonction de la couleur g\u00e9n\u00e9rale du bloc --><\/p>\n<div class=\"bloc_cta\" >\n<p><a class=\"btn btn--color4\" href=\"https:\/\/institutsaintdominique.fr\/it\/a-proposito\/la-nostra-storia\/\" target=\"\" rel=\"noopener\">Saperne di pi\u00f9<\/a>\t\t\t\t\t<\/div>\n<\/p><\/div>\n<\/p><\/div>\n<\/p><\/div>\n<\/p><\/div>\n<\/div>\n<div class=\"blocmedia blocmedia--textright blocmedia--nocolor\" id=\"bloc_2_4\">\n<div class=\"container\">\n<div class=\"row\">\n<div class=\"col-12 col-md-6\">\n<div class=\"slider\">\n<div id=\"slider-bloc_2_4\" class=\"flexslider flexslider--blocmedia loading\">\n<ul class=\"slides list-unstyled\">\n<li class=\"slider-li\">\n\t\t\t\t\t\t\t\t\t\t     \t<a data-fancybox=\"rel-slider-bloc_2_4\" data-caption=\"\" href=\"https:\/\/institutsaintdominique.fr\/wp-content\/uploads\/2024\/04\/ISD_College_200-722x564.jpg\"><br \/>\n\t\t\t\t\t\t\t\t\t\t\t\t\t<img decoding=\"async\" class=\"img-fluid\" src=\"https:\/\/institutsaintdominique.fr\/wp-content\/uploads\/2024\/04\/ISD_College_200-722x564.jpg\" width=\"\" height=\"\" alt=\"\"><br \/>\n\t\t\t\t\t\t\t\t\t\t\t\t<\/a>\n\t\t\t\t\t\t\t\t\t\t     <\/li>\n<\/ul><\/div>\n<\/p><\/div>\n<\/p><\/div>\n<div class=\"col-12 col-md-5 d-flex flex-column justify-content-center align-items-start mb-2 mb-md-0\">\n<div class=\"text\">\n<h2><span>Perch\u00e9 scegliere l&#8217;ISD?<\/span><\/h2>\n<p>L&#8217;Institut International Saint-Dominique di Roma \u00e8 rinomato per la sua filosofia educativa ed \u00e8 uno degli stabilimenti scolastici francesi pi\u00f9 prestigiosi d\u2019Italia, grazie al connubio tra eccellenza educativa e benessere degli allievi che lo contraddistingue. Scegliere St Dominique vuol dire privilegiare un\u2019educazione internazionale&#8230;<\/p>\n<p>\t\t\t\t\t\t<!-- Changer la classe de couleur du bouton en fonction de la couleur g\u00e9n\u00e9rale du bloc --><\/p>\n<div class=\"bloc_cta\" >\n<p><a class=\"btn btn--nocolor\" href=\"https:\/\/institutsaintdominique.fr\/it\/a-proposito\/perche-scegliere-st-dominique\/\" target=\"\" rel=\"noopener\">Perch\u00e9 scegliere St Dominique?<\/a>\t\t\t\t\t<\/div>\n<\/p><\/div>\n<\/p><\/div>\n<\/p><\/div>\n<\/p><\/div>\n<\/div>\n<div class=\"blocmedia blocmedia--textleft blocmedia--color4\" id=\"bloc_2_5\">\n<div class=\"container\">\n<div class=\"row\">\n<div class=\"col-12 col-md-6\">\n<div class=\"slider\">\n<div id=\"slider-bloc_2_5\" class=\"flexslider flexslider--blocmedia loading\">\n<ul class=\"slides list-unstyled\">\n<li class=\"slider-li\">\n\t\t\t\t\t\t\t\t\t\t     \t<a data-fancybox=\"rel-slider-bloc_2_5\" data-caption=\"\" href=\"https:\/\/institutsaintdominique.fr\/wp-content\/uploads\/2024\/04\/iStock-1366724877-722x564.jpg\"><br \/>\n\t\t\t\t\t\t\t\t\t\t\t\t\t<img decoding=\"async\" class=\"img-fluid\" src=\"https:\/\/institutsaintdominique.fr\/wp-content\/uploads\/2024\/04\/iStock-1366724877-722x564.jpg\" width=\"\" height=\"\" alt=\"\"><br \/>\n\t\t\t\t\t\t\t\t\t\t\t\t<\/a>\n\t\t\t\t\t\t\t\t\t\t     <\/li>\n<\/ul><\/div>\n<\/p><\/div>\n<\/p><\/div>\n<div class=\"col-12 col-md-5 d-flex flex-column justify-content-center align-items-start mb-2 mb-md-0\">\n<div class=\"text\">\n<h2><span>Rete scolastica Odyssey<\/span><\/h2>\n<p>La rete Odyssey \u00e8 un gruppo educativo privato, specializzato nell&#8217;insegnamento del francese all\u2019estero. Questo gruppo riunisce attualmente 16 scuole omologate dallo Stato francese e partner dell\u2019AEFE in Europa, Africa e Asia, che propongono un insegnamento conforme ai programmi dell\u2019Educazione Nazionale francese&#8230;<\/p>\n<p>\t\t\t\t\t\t<!-- Changer la classe de couleur du bouton en fonction de la couleur g\u00e9n\u00e9rale du bloc --><\/p>\n<div class=\"bloc_cta\" >\n<p><a class=\"btn btn--color4\" href=\"https:\/\/institutsaintdominique.fr\/it\/a-proposito\/rete-scolastica-odyssey\/\" target=\"\" rel=\"noopener\">Scoprire Odyssey<\/a>\t\t\t\t\t<\/div>\n<\/p><\/div>\n<\/p><\/div>\n<\/p><\/div>\n<\/p><\/div>\n<\/div>\n<div class=\"carouselcards carouselcards--nocolor\" id=\"bloc_8_6\">\n<div class=\"container\">\n<div class=\"row carouselcards-row\">\n<div class=\"col-12 col-lg-5 col-xl-4 mb-2\">\n<h2><span>Equipe di Direzione<\/span><\/h2>\n<p>\t\t\t\t<a href=\"https:\/\/institutsaintdominique.fr\/it\/typologie\/equipe-di-direzione\/\">En savoir plus<\/a>\n\t\t\t<\/div>\n<div class=\"col-12 col-lg-7 col-xl-8\">\n<div id=\"carousel-bloc_8_6\" class=\"flexslider flexslider--carouselcards\">\n<ul class=\"slides list-unstyled\">\n<li class=\"slider-li\">\n<div class=\"card\">\n\t\t\t\t\t    \t\t<img decoding=\"async\" class=\"img-fluid\" src=\"https:\/\/institutsaintdominique.fr\/wp-content\/uploads\/2024\/08\/Audren-SEGUILLON-1-372x330.jpg\" width=\"\" height=\"\" alt=\"Seguillon\"><\/p>\n<div class=\"text flex-column justify-content-between\">\n<div>\n<h3>Audren Seguillon<\/h3>\n<p>Preside<\/p>\n<\/p><\/div>\n<\/p><\/div>\n<\/p><\/div>\n<\/li>\n<li class=\"slider-li\">\n<div class=\"card\">\n\t\t\t\t\t    \t\t<img decoding=\"async\" class=\"img-fluid\" src=\"https:\/\/institutsaintdominique.fr\/wp-content\/uploads\/2024\/09\/Aline-372x330.jpg\" width=\"\" height=\"\" alt=\"Nguyen\"><\/p>\n<div class=\"text flex-column justify-content-between\">\n<div>\n<h3>Aline Nguyen<\/h3>\n<p>Direttrice della scuola primaria<\/p>\n<\/p><\/div>\n<\/p><\/div>\n<\/p><\/div>\n<\/li>\n<\/ul><\/div>\n<\/p><\/div>\n<\/p><\/div>\n<\/p><\/div>\n<\/div>\n<div class=\"bloc_ctas bloc_cta container pt-2 pb-2 text-center\" id=\"bloc_ctas_7\">\n<div class=\"btns\">\t<a href=\"https:\/\/institutsaintdominique.fr\/it\/a-proposito\/lequipe-amministrativa-pedagogica\/\" title=\" Scopri il team amministrativo e pedagogico\" target=\"\" class=\" ml-1   mr-1  btn btn--color2\" rel=\"noopener\"> Scopri il team amministrativo e pedagogico<\/a> <\/div>\n<\/p><\/div>\n<div class=\"blocinfo blocinfo--color4\" id=\"bloc_10_8\">\n<div class=\"container\">\n<div class=\"row\">\n<div class=\"col-12 col-md-6\">\n<h2><span>Hai bisogno di maggiori informazioni?<\/span><\/h2>\n<p>Il team dell&#8217;Ufficio Ammissioni \u00e8 a disposizione per rispondere a tutte le tue domande.<\/p>\n<p>\t\t\t\t<!-- Changer la classe de couleur du bouton en fonction de la couleur g\u00e9n\u00e9rale du bloc --><\/p>\n<div class=\"bloc_cta\" >\n\t<a href=\"https:\/\/institutsaintdominique.fr\/it\/contattaci\/\" title=\"Contattaci\" target=\"\" class=\"mr-3 btn btn--color4\" rel=\"noopener\">Contattaci<\/a> \t\t\t\t<\/div>\n<\/p><\/div>\n<\/p><\/div>\n<\/p><\/div>\n<\/div>\n","protected":false},"excerpt":{"rendered":"<p>A proposito di St Dominique Messaggio di benvenuto del Preside Benvenuti all&#8217;Institut International Saint-Dominique di Roma, scuola membro del gruppo [&hellip;]<\/p>\n","protected":false},"author":6,"featured_media":0,"parent":0,"menu_order":10,"comment_status":"closed","ping_status":"closed","template":"","meta":{"_acf_changed":false,"kdcopypost-origin-url":"","kdcopypost-origin-id":"","footnotes":""},"class_list":["post-4074","page","type-page","status-publish","hentry"],"acf":[],"yoast_head":"<!-- This site is optimized with the Yoast SEO plugin v27.0 - https:\/\/yoast.com\/product\/yoast-seo-wordpress\/ -->\n<title>A proposito dell&#039;ISD<\/title>\n<meta name=\"robots\" content=\"index, follow, max-snippet:-1, max-image-preview:large, max-video-preview:-1\" \/>\n<link rel=\"canonical\" href=\"https:\/\/institutsaintdominique.fr\/it\/a-proposito\/\" \/>\n<meta property=\"og:locale\" content=\"it_IT\" \/>\n<meta property=\"og:type\" content=\"article\" \/>\n<meta property=\"og:title\" content=\"A proposito dell&#039;ISD\" \/>\n<meta property=\"og:description\" content=\"A proposito di St Dominique Messaggio di benvenuto del Preside Benvenuti all&#8217;Institut International Saint-Dominique di Roma, scuola membro del gruppo [&hellip;]\" \/>\n<meta property=\"og:url\" content=\"https:\/\/institutsaintdominique.fr\/it\/a-proposito\/\" \/>\n<meta property=\"og:site_name\" content=\"ISD Rome\" \/>\n<meta property=\"article:modified_time\" content=\"2024-10-15T13:59:51+00:00\" \/>\n<meta property=\"og:image\" content=\"https:\/\/institutsaintdominique.fr\/wp-content\/uploads\/2024\/08\/Audren-SEGUILLON-1-722x564.jpg\" \/>\n<meta name=\"twitter:card\" content=\"summary_large_image\" \/>\n<meta name=\"twitter:label1\" content=\"Tempo di lettura stimato\" \/>\n\t<meta name=\"twitter:data1\" content=\"5 minuti\" \/>\n<script type=\"application\/ld+json\" class=\"yoast-schema-graph\">{\"@context\":\"https:\/\/schema.org\",\"@graph\":[{\"@type\":\"WebPage\",\"@id\":\"https:\/\/institutsaintdominique.fr\/it\/a-proposito\/\",\"url\":\"https:\/\/institutsaintdominique.fr\/it\/a-proposito\/\",\"name\":\"A proposito dell'ISD\",\"isPartOf\":{\"@id\":\"https:\/\/institutsaintdominique.fr\/it\/#website\"},\"primaryImageOfPage\":{\"@id\":\"https:\/\/institutsaintdominique.fr\/it\/a-proposito\/#primaryimage\"},\"image\":{\"@id\":\"https:\/\/institutsaintdominique.fr\/it\/a-proposito\/#primaryimage\"},\"thumbnailUrl\":\"https:\/\/institutsaintdominique.fr\/wp-content\/uploads\/2024\/08\/Audren-SEGUILLON-1-722x564.jpg\",\"datePublished\":\"2022-01-20T14:43:05+00:00\",\"dateModified\":\"2024-10-15T13:59:51+00:00\",\"breadcrumb\":{\"@id\":\"https:\/\/institutsaintdominique.fr\/it\/a-proposito\/#breadcrumb\"},\"inLanguage\":\"it-IT\",\"potentialAction\":[{\"@type\":\"ReadAction\",\"target\":[\"https:\/\/institutsaintdominique.fr\/it\/a-proposito\/\"]}]},{\"@type\":\"ImageObject\",\"inLanguage\":\"it-IT\",\"@id\":\"https:\/\/institutsaintdominique.fr\/it\/a-proposito\/#primaryimage\",\"url\":\"https:\/\/institutsaintdominique.fr\/wp-content\/uploads\/2024\/08\/Audren-SEGUILLON-1-722x564.jpg\",\"contentUrl\":\"https:\/\/institutsaintdominique.fr\/wp-content\/uploads\/2024\/08\/Audren-SEGUILLON-1-722x564.jpg\"},{\"@type\":\"BreadcrumbList\",\"@id\":\"https:\/\/institutsaintdominique.fr\/it\/a-proposito\/#breadcrumb\",\"itemListElement\":[{\"@type\":\"ListItem\",\"position\":1,\"name\":\"Accueil\",\"item\":\"https:\/\/institutsaintdominique.fr\/it\/\"},{\"@type\":\"ListItem\",\"position\":2,\"name\":\"A proposito\"}]},{\"@type\":\"WebSite\",\"@id\":\"https:\/\/institutsaintdominique.fr\/it\/#website\",\"url\":\"https:\/\/institutsaintdominique.fr\/it\/\",\"name\":\"ISD Rome\",\"description\":\"ISD Rome\",\"potentialAction\":[{\"@type\":\"SearchAction\",\"target\":{\"@type\":\"EntryPoint\",\"urlTemplate\":\"https:\/\/institutsaintdominique.fr\/it\/?s={search_term_string}\"},\"query-input\":{\"@type\":\"PropertyValueSpecification\",\"valueRequired\":true,\"valueName\":\"search_term_string\"}}],\"inLanguage\":\"it-IT\"}]}<\/script>\n<!-- \/ Yoast SEO plugin. -->","yoast_head_json":{"title":"A proposito dell'ISD","robots":{"index":"index","follow":"follow","max-snippet":"max-snippet:-1","max-image-preview":"max-image-preview:large","max-video-preview":"max-video-preview:-1"},"canonical":"https:\/\/institutsaintdominique.fr\/it\/a-proposito\/","og_locale":"it_IT","og_type":"article","og_title":"A proposito dell'ISD","og_description":"A proposito di St Dominique Messaggio di benvenuto del Preside Benvenuti all&#8217;Institut International Saint-Dominique di Roma, scuola membro del gruppo [&hellip;]","og_url":"https:\/\/institutsaintdominique.fr\/it\/a-proposito\/","og_site_name":"ISD Rome","article_modified_time":"2024-10-15T13:59:51+00:00","og_image":[{"url":"https:\/\/institutsaintdominique.fr\/wp-content\/uploads\/2024\/08\/Audren-SEGUILLON-1-722x564.jpg","type":"","width":"","height":""}],"twitter_card":"summary_large_image","twitter_misc":{"Tempo di lettura stimato":"5 minuti"},"schema":{"@context":"https:\/\/schema.org","@graph":[{"@type":"WebPage","@id":"https:\/\/institutsaintdominique.fr\/it\/a-proposito\/","url":"https:\/\/institutsaintdominique.fr\/it\/a-proposito\/","name":"A proposito dell'ISD","isPartOf":{"@id":"https:\/\/institutsaintdominique.fr\/it\/#website"},"primaryImageOfPage":{"@id":"https:\/\/institutsaintdominique.fr\/it\/a-proposito\/#primaryimage"},"image":{"@id":"https:\/\/institutsaintdominique.fr\/it\/a-proposito\/#primaryimage"},"thumbnailUrl":"https:\/\/institutsaintdominique.fr\/wp-content\/uploads\/2024\/08\/Audren-SEGUILLON-1-722x564.jpg","datePublished":"2022-01-20T14:43:05+00:00","dateModified":"2024-10-15T13:59:51+00:00","breadcrumb":{"@id":"https:\/\/institutsaintdominique.fr\/it\/a-proposito\/#breadcrumb"},"inLanguage":"it-IT","potentialAction":[{"@type":"ReadAction","target":["https:\/\/institutsaintdominique.fr\/it\/a-proposito\/"]}]},{"@type":"ImageObject","inLanguage":"it-IT","@id":"https:\/\/institutsaintdominique.fr\/it\/a-proposito\/#primaryimage","url":"https:\/\/institutsaintdominique.fr\/wp-content\/uploads\/2024\/08\/Audren-SEGUILLON-1-722x564.jpg","contentUrl":"https:\/\/institutsaintdominique.fr\/wp-content\/uploads\/2024\/08\/Audren-SEGUILLON-1-722x564.jpg"},{"@type":"BreadcrumbList","@id":"https:\/\/institutsaintdominique.fr\/it\/a-proposito\/#breadcrumb","itemListElement":[{"@type":"ListItem","position":1,"name":"Accueil","item":"https:\/\/institutsaintdominique.fr\/it\/"},{"@type":"ListItem","position":2,"name":"A proposito"}]},{"@type":"WebSite","@id":"https:\/\/institutsaintdominique.fr\/it\/#website","url":"https:\/\/institutsaintdominique.fr\/it\/","name":"ISD Rome","description":"ISD Rome","potentialAction":[{"@type":"SearchAction","target":{"@type":"EntryPoint","urlTemplate":"https:\/\/institutsaintdominique.fr\/it\/?s={search_term_string}"},"query-input":{"@type":"PropertyValueSpecification","valueRequired":true,"valueName":"search_term_string"}}],"inLanguage":"it-IT"}]}},"_links":{"self":[{"href":"https:\/\/institutsaintdominique.fr\/it\/wp-json\/wp\/v2\/pages\/4074","targetHints":{"allow":["GET"]}}],"collection":[{"href":"https:\/\/institutsaintdominique.fr\/it\/wp-json\/wp\/v2\/pages"}],"about":[{"href":"https:\/\/institutsaintdominique.fr\/it\/wp-json\/wp\/v2\/types\/page"}],"author":[{"embeddable":true,"href":"https:\/\/institutsaintdominique.fr\/it\/wp-json\/wp\/v2\/users\/6"}],"replies":[{"embeddable":true,"href":"https:\/\/institutsaintdominique.fr\/it\/wp-json\/wp\/v2\/comments?post=4074"}],"version-history":[{"count":28,"href":"https:\/\/institutsaintdominique.fr\/it\/wp-json\/wp\/v2\/pages\/4074\/revisions"}],"predecessor-version":[{"id":5914,"href":"https:\/\/institutsaintdominique.fr\/it\/wp-json\/wp\/v2\/pages\/4074\/revisions\/5914"}],"wp:attachment":[{"href":"https:\/\/institutsaintdominique.fr\/it\/wp-json\/wp\/v2\/media?parent=4074"}],"curies":[{"name":"wp","href":"https:\/\/api.w.org\/{rel}","templated":true}]}}