{"id":4078,"date":"2022-01-20T16:48:42","date_gmt":"2022-01-20T15:48:42","guid":{"rendered":"https:\/\/institutsaintdominique.fr\/a-proposito\/perche-scegliere-lisd-di-roma\/"},"modified":"2024-10-15T16:05:29","modified_gmt":"2024-10-15T14:05:29","slug":"perche-scegliere-st-dominique","status":"publish","type":"page","link":"https:\/\/institutsaintdominique.fr\/it\/a-proposito\/perche-scegliere-st-dominique\/","title":{"rendered":"Perch\u00e9 scegliere St Dominique?"},"content":{"rendered":"<p>\t\t\t\t<!-- avec ou sans CTA : m\u00eame code, \u00e7a centre verticalement le texte --><\/p>\n<div class=\"smallheader\" id=\"bloc_small_header_5\">\n<style type=\"text\/css\">\n\t\t\t\t\t\t\t#bloc_small_header_5 {background-image: url(https:\/\/institutsaintdominique.fr\/wp-content\/uploads\/2024\/04\/ISD_College_162-610x270.jpg);}\n\t\t\t\t\t\t\t@media (min-width: 480px) {\t#bloc_small_header_5 {background-image: url(https:\/\/institutsaintdominique.fr\/wp-content\/uploads\/2024\/04\/ISD_College_162-610x270.jpg);}}\n\t\t\t\t\t\t\t@media (min-width: 768px) {\t#bloc_small_header_5 {background-image: url(https:\/\/institutsaintdominique.fr\/wp-content\/uploads\/2024\/04\/ISD_College_162-1024x683.jpg);}}\n\t\t\t\t\t\t\t@media (min-width: 992px) { #bloc_small_header_5 {background-image: url(https:\/\/institutsaintdominique.fr\/wp-content\/uploads\/2024\/04\/ISD_College_162-1024x683.jpg);}}\n\t\t\t\t\t\t\t@media (min-width: 1200px) { #bloc_small_header_5 {background-image: url(https:\/\/institutsaintdominique.fr\/wp-content\/uploads\/2024\/04\/ISD_College_162-1536x1024.jpg);}}\n\t\t\t\t\t\t<\/style>\n<div class=\"container d-flex flex-column justify-content-center align-items-start\">\n<h1><span>Perch\u00e9 scegliere St Dominique?<\/span><\/h1>\n<\/p><\/div>\n<\/p><\/div>\n<div class=\"bloctext bloctext--nocolor bloctext--haspattern\" id=\"bloc_6_6\">\n<div class=\"container\">\n<div class=\"row\">\n<div class=\"col-12 col-lg-4 col-xl-3 mb-1\">\n<h2><span>Nostra promessa<\/span><\/h2>\n<\/p><\/div>\n<div class=\"col-12 col-lg-8 col-xl-9\">\n<div class=\"text pl-lg-4\">\n<p>Riconosciuta per la sua filosofia educativa, l&rsquo;Institut International Saint-Dominique di Roma \u00e8 una delle scuole francesi pi\u00f9 prestigiose d&rsquo;Italia che unisce esigenza educativa e benessere. <strong>Scegliere St Dominique significa scegliere un&rsquo;educazione internazionale in cui l&rsquo;eccellenza educativa francese \u00e8 sotto i riflettori<\/strong>. I programmi di insegnamento sono garantiti dalla partnership con l&rsquo;AEFE e l&rsquo;approccio pedagogico consiste nell&rsquo;aprire i nostri studenti al mondo. Infatti, St Dominique offre un percorso plurilingue fin dalla scuola materna, dove gli insegnamenti sono offerti in tre lingue: francese\/inglese (dispositivo bilingue) e italiano. St Dominique \u00e8 anche una scuola del mondo di IB (International Baccalaureate). La scuola si d\u00e0 la missione di far crescere lo studente nel rispetto dell&rsquo;altro e nella fiducia in se stessi. Questo dispositivo si concretizza in un&rsquo;organizzazione pedagogica adattata ai bisogni dei nostri alunni e alle esigenze dei programmi.<\/p>\n<p>I valori che ci guidano e formano gli alunni a noi affidati sono quelli dell&rsquo;esigenza, della benevolenza e del rispetto della persona umana in tutte le sue dimensioni. Sono permesse e incarnate nella quotidianit\u00e0 per lo spirito di tolleranza che predomina tra tutte queste persone dai volti cos\u00ec diversi, e che l&rsquo;abbigliamento scolastico (come segno esterno) riunisce in un&rsquo;identit\u00e0 comune.<\/p>\n<\/p><\/div>\n<\/p><\/div>\n<\/p><\/div>\n<\/p><\/div>\n<\/div>\n<div class=\"cardsnumbers cardscolors--nocolor\" id=\"bloc_1_7\">\n<div class=\"container\">\n<h2><span>Perch\u00e9 unirsi a noi?<\/span><\/h2>\n<div class=\"row justify-content-center\">\n<div class=\"col-12 col-sm-6 col-lg-3 mb-2\">\n<div class=\"cardnumber d-flex flex-column align-self-stretch\">\n<div class=\"text \" >\n\t\t\t\t\t\t\t\t<strong>01<\/strong><\/p>\n<p>Una pedagogia multilingue di eccellenza<\/p>\n<\/p><\/div>\n<div class=\"\" >\n<div class=\"more d-flex align-items-center justify-content-center\" >\n<div>\n<\/div><\/div>\n<\/p><\/div>\n<\/p><\/div>\n<\/p><\/div>\n<div class=\"col-12 col-sm-6 col-lg-3 mb-2\">\n<div class=\"cardnumber d-flex flex-column align-self-stretch\">\n<div class=\"text \" >\n\t\t\t\t\t\t\t\t<strong>02<\/strong><\/p>\n<p>Un campus internazionale eccezionale a nord di Roma<\/p>\n<\/p><\/div>\n<div class=\"\" >\n<div class=\"more d-flex align-items-center justify-content-center\" >\n<div>\n<\/div><\/div>\n<\/p><\/div>\n<\/p><\/div>\n<\/p><\/div>\n<div class=\"col-12 col-sm-6 col-lg-3 mb-2\">\n<div class=\"cardnumber d-flex flex-column align-self-stretch\">\n<div class=\"text \" >\n\t\t\t\t\t\t\t\t<strong>03<\/strong><\/p>\n<p>L&#8217;impegno di un&#8217;intera comunit\u00e0 al servizio degli alunni<\/p>\n<\/p><\/div>\n<div class=\"\" >\n<div class=\"more d-flex align-items-center justify-content-center\" >\n<div>\n<\/div><\/div>\n<\/p><\/div>\n<\/p><\/div>\n<\/p><\/div>\n<div class=\"col-12 col-sm-6 col-lg-3 mb-2\">\n<div class=\"cardnumber d-flex flex-column align-self-stretch\">\n<div class=\"text \" >\n\t\t\t\t\t\t\t\t<strong>04<\/strong><\/p>\n<p>La nostra Boarding School \u00abSt Dominique\u00bb: un&#8217;esperienza unica al mondo<\/p>\n<\/p><\/div>\n<div class=\"\" >\n<div class=\"more d-flex align-items-center justify-content-center\" >\n<div>\n<\/div><\/div>\n<\/p><\/div>\n<\/p><\/div>\n<\/p><\/div>\n<\/p><\/div>\n<\/p><\/div>\n<\/div>\n<div class=\"blocinfo blocinfo--color4\" id=\"bloc_10_8\">\n<div class=\"container\">\n<div class=\"row\">\n<div class=\"col-12 col-md-6\">\n<h2><span>Hai bisogno di maggiori informazioni?<\/span><\/h2>\n<p>Il team dell&#8217;ufficio ammissioni \u00e8 a disposizione per rispondere a tutte le tue domande.<\/p>\n<p>\t\t\t\t<!-- Changer la classe de couleur du bouton en fonction de la couleur g\u00e9n\u00e9rale du bloc --><\/p>\n<div class=\"bloc_cta\" >\n\t<a href=\"https:\/\/institutsaintdominique.fr\/it\/contattaci\/\" title=\"Contattaci\" target=\"\" class=\"mr-3 btn btn--color4\" rel=\"noopener\">Contattaci<\/a> \t\t\t\t<\/div>\n<\/p><\/div>\n<\/p><\/div>\n<\/p><\/div>\n<\/div>\n","protected":false},"excerpt":{"rendered":"<p>Perch\u00e9 scegliere St Dominique? Nostra promessa Riconosciuta per la sua filosofia educativa, l&rsquo;Institut International Saint-Dominique di Roma \u00e8 una delle [&hellip;]<\/p>\n","protected":false},"author":6,"featured_media":0,"parent":4074,"menu_order":40,"comment_status":"closed","ping_status":"closed","template":"","meta":{"_acf_changed":false,"kdcopypost-origin-url":"","kdcopypost-origin-id":"","footnotes":""},"class_list":["post-4078","page","type-page","status-publish","hentry"],"acf":[],"yoast_head":"<!-- This site is optimized with the Yoast SEO plugin v27.0 - https:\/\/yoast.com\/product\/yoast-seo-wordpress\/ -->\n<title>Perch\u00e9 scegliere l\u2019ISD di Roma?<\/title>\n<meta name=\"robots\" content=\"index, follow, max-snippet:-1, max-image-preview:large, max-video-preview:-1\" \/>\n<link rel=\"canonical\" href=\"https:\/\/institutsaintdominique.fr\/it\/a-proposito\/perche-scegliere-st-dominique\/\" \/>\n<meta property=\"og:locale\" content=\"it_IT\" \/>\n<meta property=\"og:type\" content=\"article\" \/>\n<meta property=\"og:title\" content=\"Perch\u00e9 scegliere l\u2019ISD di Roma?\" \/>\n<meta property=\"og:description\" content=\"Perch\u00e9 scegliere St Dominique? Nostra promessa Riconosciuta per la sua filosofia educativa, l&rsquo;Institut International Saint-Dominique di Roma \u00e8 una delle [&hellip;]\" \/>\n<meta property=\"og:url\" content=\"https:\/\/institutsaintdominique.fr\/it\/a-proposito\/perche-scegliere-st-dominique\/\" \/>\n<meta property=\"og:site_name\" content=\"ISD Rome\" \/>\n<meta property=\"article:modified_time\" content=\"2024-10-15T14:05:29+00:00\" \/>\n<meta name=\"twitter:card\" content=\"summary_large_image\" \/>\n<meta name=\"twitter:label1\" content=\"Tempo di lettura stimato\" \/>\n\t<meta name=\"twitter:data1\" content=\"4 minuti\" \/>\n<script type=\"application\/ld+json\" class=\"yoast-schema-graph\">{\"@context\":\"https:\/\/schema.org\",\"@graph\":[{\"@type\":\"WebPage\",\"@id\":\"https:\/\/institutsaintdominique.fr\/it\/a-proposito\/perche-scegliere-st-dominique\/\",\"url\":\"https:\/\/institutsaintdominique.fr\/it\/a-proposito\/perche-scegliere-st-dominique\/\",\"name\":\"Perch\u00e9 scegliere l\u2019ISD di Roma?\",\"isPartOf\":{\"@id\":\"https:\/\/institutsaintdominique.fr\/it\/#website\"},\"datePublished\":\"2022-01-20T15:48:42+00:00\",\"dateModified\":\"2024-10-15T14:05:29+00:00\",\"breadcrumb\":{\"@id\":\"https:\/\/institutsaintdominique.fr\/it\/a-proposito\/perche-scegliere-st-dominique\/#breadcrumb\"},\"inLanguage\":\"it-IT\",\"potentialAction\":[{\"@type\":\"ReadAction\",\"target\":[\"https:\/\/institutsaintdominique.fr\/it\/a-proposito\/perche-scegliere-st-dominique\/\"]}]},{\"@type\":\"BreadcrumbList\",\"@id\":\"https:\/\/institutsaintdominique.fr\/it\/a-proposito\/perche-scegliere-st-dominique\/#breadcrumb\",\"itemListElement\":[{\"@type\":\"ListItem\",\"position\":1,\"name\":\"Accueil\",\"item\":\"https:\/\/institutsaintdominique.fr\/it\/\"},{\"@type\":\"ListItem\",\"position\":2,\"name\":\"A proposito\",\"item\":\"https:\/\/institutsaintdominique.fr\/it\/a-proposito\/\"},{\"@type\":\"ListItem\",\"position\":3,\"name\":\"Perch\u00e9 scegliere St Dominique?\"}]},{\"@type\":\"WebSite\",\"@id\":\"https:\/\/institutsaintdominique.fr\/it\/#website\",\"url\":\"https:\/\/institutsaintdominique.fr\/it\/\",\"name\":\"ISD Rome\",\"description\":\"ISD Rome\",\"potentialAction\":[{\"@type\":\"SearchAction\",\"target\":{\"@type\":\"EntryPoint\",\"urlTemplate\":\"https:\/\/institutsaintdominique.fr\/it\/?s={search_term_string}\"},\"query-input\":{\"@type\":\"PropertyValueSpecification\",\"valueRequired\":true,\"valueName\":\"search_term_string\"}}],\"inLanguage\":\"it-IT\"}]}<\/script>\n<!-- \/ Yoast SEO plugin. -->","yoast_head_json":{"title":"Perch\u00e9 scegliere l\u2019ISD di Roma?","robots":{"index":"index","follow":"follow","max-snippet":"max-snippet:-1","max-image-preview":"max-image-preview:large","max-video-preview":"max-video-preview:-1"},"canonical":"https:\/\/institutsaintdominique.fr\/it\/a-proposito\/perche-scegliere-st-dominique\/","og_locale":"it_IT","og_type":"article","og_title":"Perch\u00e9 scegliere l\u2019ISD di Roma?","og_description":"Perch\u00e9 scegliere St Dominique? Nostra promessa Riconosciuta per la sua filosofia educativa, l&rsquo;Institut International Saint-Dominique di Roma \u00e8 una delle [&hellip;]","og_url":"https:\/\/institutsaintdominique.fr\/it\/a-proposito\/perche-scegliere-st-dominique\/","og_site_name":"ISD Rome","article_modified_time":"2024-10-15T14:05:29+00:00","twitter_card":"summary_large_image","twitter_misc":{"Tempo di lettura stimato":"4 minuti"},"schema":{"@context":"https:\/\/schema.org","@graph":[{"@type":"WebPage","@id":"https:\/\/institutsaintdominique.fr\/it\/a-proposito\/perche-scegliere-st-dominique\/","url":"https:\/\/institutsaintdominique.fr\/it\/a-proposito\/perche-scegliere-st-dominique\/","name":"Perch\u00e9 scegliere l\u2019ISD di Roma?","isPartOf":{"@id":"https:\/\/institutsaintdominique.fr\/it\/#website"},"datePublished":"2022-01-20T15:48:42+00:00","dateModified":"2024-10-15T14:05:29+00:00","breadcrumb":{"@id":"https:\/\/institutsaintdominique.fr\/it\/a-proposito\/perche-scegliere-st-dominique\/#breadcrumb"},"inLanguage":"it-IT","potentialAction":[{"@type":"ReadAction","target":["https:\/\/institutsaintdominique.fr\/it\/a-proposito\/perche-scegliere-st-dominique\/"]}]},{"@type":"BreadcrumbList","@id":"https:\/\/institutsaintdominique.fr\/it\/a-proposito\/perche-scegliere-st-dominique\/#breadcrumb","itemListElement":[{"@type":"ListItem","position":1,"name":"Accueil","item":"https:\/\/institutsaintdominique.fr\/it\/"},{"@type":"ListItem","position":2,"name":"A proposito","item":"https:\/\/institutsaintdominique.fr\/it\/a-proposito\/"},{"@type":"ListItem","position":3,"name":"Perch\u00e9 scegliere St Dominique?"}]},{"@type":"WebSite","@id":"https:\/\/institutsaintdominique.fr\/it\/#website","url":"https:\/\/institutsaintdominique.fr\/it\/","name":"ISD Rome","description":"ISD Rome","potentialAction":[{"@type":"SearchAction","target":{"@type":"EntryPoint","urlTemplate":"https:\/\/institutsaintdominique.fr\/it\/?s={search_term_string}"},"query-input":{"@type":"PropertyValueSpecification","valueRequired":true,"valueName":"search_term_string"}}],"inLanguage":"it-IT"}]}},"_links":{"self":[{"href":"https:\/\/institutsaintdominique.fr\/it\/wp-json\/wp\/v2\/pages\/4078","targetHints":{"allow":["GET"]}}],"collection":[{"href":"https:\/\/institutsaintdominique.fr\/it\/wp-json\/wp\/v2\/pages"}],"about":[{"href":"https:\/\/institutsaintdominique.fr\/it\/wp-json\/wp\/v2\/types\/page"}],"author":[{"embeddable":true,"href":"https:\/\/institutsaintdominique.fr\/it\/wp-json\/wp\/v2\/users\/6"}],"replies":[{"embeddable":true,"href":"https:\/\/institutsaintdominique.fr\/it\/wp-json\/wp\/v2\/comments?post=4078"}],"version-history":[{"count":25,"href":"https:\/\/institutsaintdominique.fr\/it\/wp-json\/wp\/v2\/pages\/4078\/revisions"}],"predecessor-version":[{"id":24164,"href":"https:\/\/institutsaintdominique.fr\/it\/wp-json\/wp\/v2\/pages\/4078\/revisions\/24164"}],"up":[{"embeddable":true,"href":"https:\/\/institutsaintdominique.fr\/it\/wp-json\/wp\/v2\/pages\/4074"}],"wp:attachment":[{"href":"https:\/\/institutsaintdominique.fr\/it\/wp-json\/wp\/v2\/media?parent=4078"}],"curies":[{"name":"wp","href":"https:\/\/api.w.org\/{rel}","templated":true}]}}