{"id":4082,"date":"2022-01-21T16:14:46","date_gmt":"2022-01-21T15:14:46","guid":{"rendered":"https:\/\/institutsaintdominique.fr\/a-proposito\/rete-scolastica-odyssey\/"},"modified":"2025-10-15T15:34:53","modified_gmt":"2025-10-15T13:34:53","slug":"gruppo-odyssey-education","status":"publish","type":"page","link":"https:\/\/institutsaintdominique.fr\/it\/a-proposito\/gruppo-odyssey-education\/","title":{"rendered":"Gruppo Odyssey Education"},"content":{"rendered":"<p>\t\t\t\t<!-- avec ou sans CTA : m\u00eame code, \u00e7a centre verticalement le texte --><\/p>\n<div class=\"smallheader\" id=\"bloc_small_header_7\">\n<style type=\"text\/css\">\n\t\t\t\t\t\t\t#bloc_small_header_7 {background-image: url(https:\/\/institutsaintdominique.fr\/wp-content\/uploads\/2025\/02\/Small-Header_Odyssey-ecoles-610x270.png);}\n\t\t\t\t\t\t\t@media (min-width: 480px) {\t#bloc_small_header_7 {background-image: url(https:\/\/institutsaintdominique.fr\/wp-content\/uploads\/2025\/02\/Small-Header_Odyssey-ecoles-610x270.png);}}\n\t\t\t\t\t\t\t@media (min-width: 768px) {\t#bloc_small_header_7 {background-image: url(https:\/\/institutsaintdominique.fr\/wp-content\/uploads\/2025\/02\/Small-Header_Odyssey-ecoles-1024x252.png);}}\n\t\t\t\t\t\t\t@media (min-width: 992px) { #bloc_small_header_7 {background-image: url(https:\/\/institutsaintdominique.fr\/wp-content\/uploads\/2025\/02\/Small-Header_Odyssey-ecoles-1024x252.png);}}\n\t\t\t\t\t\t\t@media (min-width: 1200px) { #bloc_small_header_7 {background-image: url(https:\/\/institutsaintdominique.fr\/wp-content\/uploads\/2025\/02\/Small-Header_Odyssey-ecoles-1536x378.png);}}\n\t\t\t\t\t\t<\/style>\n<div class=\"container d-flex flex-column justify-content-center align-items-start\">\n<h1><span>Gruppo Odyssey Education<\/span><\/h1>\n<\/p><\/div>\n<\/p><\/div>\n<div class=\"blocmedia blocmedia--textright blocmedia--color1\" id=\"bloc_2_8\">\n<div class=\"container\">\n<div class=\"row\">\n<div class=\"col-12 col-md-6\">\n<div class=\"slider\">\n<div id=\"slider-bloc_2_8\" class=\"flexslider flexslider--blocmedia loading\">\n<ul class=\"slides list-unstyled\">\n<li class=\"slider-li\">\n\t\t\t\t\t\t\t\t\t\t     \t<a data-fancybox=\"rel-slider-bloc_2_8\" data-caption=\"\" href=\"https:\/\/institutsaintdominique.fr\/wp-content\/uploads\/2025\/02\/EFI-Casablanca_Science-Fair-2-722x564.jpg\"><br \/>\n\t\t\t\t\t\t\t\t\t\t\t\t\t<img decoding=\"async\" class=\"img-fluid\" src=\"https:\/\/institutsaintdominique.fr\/wp-content\/uploads\/2025\/02\/EFI-Casablanca_Science-Fair-2-722x564.jpg\" width=\"\" height=\"\" alt=\"\"><br \/>\n\t\t\t\t\t\t\t\t\t\t\t\t<\/a>\n\t\t\t\t\t\t\t\t\t\t     <\/li>\n<li class=\"slider-li\">\n\t\t\t\t\t\t\t\t\t\t     \t<a data-fancybox=\"rel-slider-bloc_2_8\" data-caption=\"\" href=\"https:\/\/institutsaintdominique.fr\/wp-content\/uploads\/2025\/02\/LPE-Singapore_Mandarin_Langues-722x564.jpg\"><br \/>\n\t\t\t\t\t\t\t\t\t\t\t\t\t<img decoding=\"async\" class=\"img-fluid\" src=\"https:\/\/institutsaintdominique.fr\/wp-content\/uploads\/2025\/02\/LPE-Singapore_Mandarin_Langues-722x564.jpg\" width=\"\" height=\"\" alt=\"\"><br \/>\n\t\t\t\t\t\t\t\t\t\t\t\t<\/a>\n\t\t\t\t\t\t\t\t\t\t     <\/li>\n<li class=\"slider-li\">\n\t\t\t\t\t\t\t\t\t\t     \t<a data-fancybox=\"rel-slider-bloc_2_8\" data-caption=\"\" href=\"https:\/\/institutsaintdominique.fr\/wp-content\/uploads\/2025\/02\/EFI-Bucarest_art-722x564.jpg\"><br \/>\n\t\t\t\t\t\t\t\t\t\t\t\t\t<img decoding=\"async\" class=\"img-fluid\" src=\"https:\/\/institutsaintdominique.fr\/wp-content\/uploads\/2025\/02\/EFI-Bucarest_art-722x564.jpg\" width=\"\" height=\"\" alt=\"\"><br \/>\n\t\t\t\t\t\t\t\t\t\t\t\t<\/a>\n\t\t\t\t\t\t\t\t\t\t     <\/li>\n<li class=\"slider-li\">\n\t\t\t\t\t\t\t\t\t\t     \t<a data-fancybox=\"rel-slider-bloc_2_8\" data-caption=\"\" href=\"https:\/\/institutsaintdominique.fr\/wp-content\/uploads\/2025\/02\/ISD-Rome_College-722x564.jpg\"><br \/>\n\t\t\t\t\t\t\t\t\t\t\t\t\t<img decoding=\"async\" class=\"img-fluid\" src=\"https:\/\/institutsaintdominique.fr\/wp-content\/uploads\/2025\/02\/ISD-Rome_College-722x564.jpg\" width=\"\" height=\"\" alt=\"\"><br \/>\n\t\t\t\t\t\t\t\t\t\t\t\t<\/a>\n\t\t\t\t\t\t\t\t\t\t     <\/li>\n<li class=\"slider-li\">\n\t\t\t\t\t\t\t\t\t\t     \t<a data-fancybox=\"rel-slider-bloc_2_8\" data-caption=\"\" href=\"https:\/\/institutsaintdominique.fr\/wp-content\/uploads\/2025\/02\/ISD-Rome_Lycee-722x564.jpg\"><br \/>\n\t\t\t\t\t\t\t\t\t\t\t\t\t<img decoding=\"async\" class=\"img-fluid\" src=\"https:\/\/institutsaintdominique.fr\/wp-content\/uploads\/2025\/02\/ISD-Rome_Lycee-722x564.jpg\" width=\"\" height=\"\" alt=\"\"><br \/>\n\t\t\t\t\t\t\t\t\t\t\t\t<\/a>\n\t\t\t\t\t\t\t\t\t\t     <\/li>\n<li class=\"slider-li\">\n\t\t\t\t\t\t\t\t\t\t     \t<a data-fancybox=\"rel-slider-bloc_2_8\" data-caption=\"\" href=\"https:\/\/institutsaintdominique.fr\/wp-content\/uploads\/2025\/02\/LPE-Hanoi_DSC00196_CP_professeur-722x564.jpg\"><br \/>\n\t\t\t\t\t\t\t\t\t\t\t\t\t<img decoding=\"async\" class=\"img-fluid\" src=\"https:\/\/institutsaintdominique.fr\/wp-content\/uploads\/2025\/02\/LPE-Hanoi_DSC00196_CP_professeur-722x564.jpg\" width=\"\" height=\"\" alt=\"\"><br \/>\n\t\t\t\t\t\t\t\t\t\t\t\t<\/a>\n\t\t\t\t\t\t\t\t\t\t     <\/li>\n<li class=\"slider-li\">\n\t\t\t\t\t\t\t\t\t\t     \t<a data-fancybox=\"rel-slider-bloc_2_8\" data-caption=\"\" href=\"https:\/\/institutsaintdominique.fr\/wp-content\/uploads\/2025\/02\/LPE-Singapore_Science-week-2-722x564.png\"><br \/>\n\t\t\t\t\t\t\t\t\t\t\t\t\t<img decoding=\"async\" class=\"img-fluid\" src=\"https:\/\/institutsaintdominique.fr\/wp-content\/uploads\/2025\/02\/LPE-Singapore_Science-week-2-722x564.png\" width=\"\" height=\"\" alt=\"\"><br \/>\n\t\t\t\t\t\t\t\t\t\t\t\t<\/a>\n\t\t\t\t\t\t\t\t\t\t     <\/li>\n<\/ul><\/div>\n<\/p><\/div>\n<\/p><\/div>\n<div class=\"col-12 col-md-5 d-flex flex-column justify-content-center align-items-start mb-2 mb-md-0\">\n<div class=\"text\">\n<h2><span>Odyssey Education<\/span><\/h2>\n<p>Odyssey Education \u00e8 un gruppo educativo internazionale francese le cui scuole in tutto il mondo offrono un&#8217;istruzione eccellente dalla scuola materna alle superiori, combinando programmi di studio francesi con metodi di insegnamento innovativi e una visione internazionale. Nell&#8217;ambito del curriculum educativo nazionale francese, le scuole del gruppo offrono corsi accademici in francese, inglese e nella lingua nazionale del paese ospitante a partire dalla scuola materna.<\/p>\n<p>\t\t\t\t\t\t<!-- Changer la classe de couleur du bouton en fonction de la couleur g\u00e9n\u00e9rale du bloc --><\/p>\n<div class=\"bloc_cta\" >\n<p><a class=\"btn btn--color1\" href=\"https:\/\/odyssey.education\/en\" target=\"_blank\">Vedere il sito web di Odyssey Education<\/a>\t\t\t\t\t<\/div>\n<\/p><\/div>\n<\/p><\/div>\n<\/p><\/div>\n<\/p><\/div>\n<\/div>\n<div class=\"cardsnumbers cardscolors--nocolor\" id=\"bloc_1_9\">\n<div class=\"container\">\n<h2><span>Essere parte di Odyssey Education&#8230;<\/span><\/h2>\n<div class=\"row justify-content-center\">\n<div class=\"col-12 col-sm-6 col-lg-3 mb-2\">\n<div class=\"cardnumber d-flex flex-column align-self-stretch\">\n<div class=\"text text_bis\" >\n\t\t\t\t\t\t\t\t<strong>01<\/strong><\/p>\n<p>Educazione internazionale al francese<\/p>\n<\/p><\/div>\n<div class=\"more_bis\" >\n<div class=\"more d-flex align-items-center justify-content-center\" >\n<div>\n<ul>\n<li>Scuole francesi e internazionali che offrono una formazione eccellente<\/li>\n<li>Insegnamento multilingue che apre il mondo ai nostri studenti<\/li>\n<\/ul>\n<\/div><\/div>\n<\/p><\/div>\n<\/p><\/div>\n<\/p><\/div>\n<div class=\"col-12 col-sm-6 col-lg-3 mb-2\">\n<div class=\"cardnumber d-flex flex-column align-self-stretch\">\n<div class=\"text text_bis\" >\n\t\t\t\t\t\t\t\t<strong>02<\/strong><\/p>\n<p>Un ambiente appagante<\/p>\n<\/p><\/div>\n<div class=\"more_bis\" >\n<div class=\"more d-flex align-items-center justify-content-center\" >\n<div>\n<ul>\n<li>Una comunit\u00e0 affiatata e attenta<\/li>\n<li>Strutture privilegiate che offrono servizi di alto livello<\/li>\n<\/ul>\n<\/div><\/div>\n<\/p><\/div>\n<\/p><\/div>\n<\/p><\/div>\n<div class=\"col-12 col-sm-6 col-lg-3 mb-2\">\n<div class=\"cardnumber d-flex flex-column align-self-stretch\">\n<div class=\"text text_bis\" >\n\t\t\t\t\t\t\t\t<strong>03<\/strong><\/p>\n<p>Eccellenza accademica<\/p>\n<\/p><\/div>\n<div class=\"more_bis\" >\n<div class=\"more d-flex align-items-center justify-content-center\" >\n<div>\n<ul>\n<li>Conoscenze fondamentali<\/li>\n<li>Multilinguismo<\/li>\n<li>Cultura generale<\/li>\n<li>Scienza e digitale<\/li>\n<li>Sport e valori umani<\/li>\n<li>Metodo e ragionamento<\/li>\n<\/ul>\n<\/div><\/div>\n<\/p><\/div>\n<\/p><\/div>\n<\/p><\/div>\n<div class=\"col-12 col-sm-6 col-lg-3 mb-2\">\n<div class=\"cardnumber d-flex flex-column align-self-stretch\">\n<div class=\"text text_bis\" >\n\t\t\t\t\t\t\t\t<strong>04<\/strong><\/p>\n<p>Insegnamento attivo e personalizzato<\/p>\n<\/p><\/div>\n<div class=\"more_bis\" >\n<div class=\"more d-flex align-items-center justify-content-center\" >\n<div>\n<ul>\n<li>Autonomia<\/li>\n<li>Differenziazione e valutazione<\/li>\n<li>Apprendimento basato su progetti<\/li>\n<li>Apertura mentale e valorizzazione<\/li>\n<\/ul>\n<\/div><\/div>\n<\/p><\/div>\n<\/p><\/div>\n<\/p><\/div>\n<\/p><\/div>\n<\/p><\/div>\n<\/div>\n<div class=\"citation citation--color1\" id=\"bloc_12_10\">\n<div class=\"container\">\n<div class=\"row justify-content-center\">\n<div class=\"col-12 col-lg-10\">\n<blockquote><p>\u201cIl nostro impegno non \u00e8 solo nei confronti dei nostri alunni, il cui successo e benessere sono la nostra priorit\u00e0, ma anche dei genitori che sono i nostri partner quotidiani: offrire a ciascuno dei nostri alunni un&#8217;istruzione eccellente accogliendo loro e le loro famiglie in una comunit\u00e0 educativa attenta e aperta al mondo.\u201d<\/p><\/blockquote>\n<p>\t\t\t\t<cite class=\"author\"><br \/>\n\t\t\t\t\t<img decoding=\"async\" src=\"https:\/\/institutsaintdominique.fr\/wp-content\/uploads\/2025\/02\/Luc-Chatel-2-Carre-284x284.jpg\" width=\"58\" height=\"58\" alt=\"\"><\/p>\n<div>\n\t\t\t\t\t\t<strong>Luc CHATEL<\/strong><br \/>\n\t\t\t\t\t\t<span>Presidente del Gruppo Odyssey Education ed ex Ministro<\/span>\n\t\t\t\t\t<\/div>\n<p>\t\t\t\t<\/cite>\n\t\t\t<\/div>\n<\/p><\/div>\n<\/p><\/div>\n<\/div>\n<div class=\"blocmedia blocmedia--textleft blocmedia--nocolor\" id=\"bloc_2_11\">\n<div class=\"container\">\n<div class=\"row\">\n<div class=\"col-12 col-md-6\">\n<div class=\"slider\">\n<div id=\"slider-bloc_2_11\" class=\"flexslider flexslider--blocmedia loading\">\n<ul class=\"slides list-unstyled\">\n<li class=\"slider-li\">\n\t\t\t\t\t\t\t\t\t\t     \t<a data-fancybox=\"rel-slider-bloc_2_11\" data-caption=\"\" href=\"https:\/\/institutsaintdominique.fr\/wp-content\/uploads\/2025\/02\/Carte-Odyssey-Education-13-ecoles-fond-transparent.png\"><br \/>\n\t\t\t\t\t\t\t\t\t\t\t\t\t<img decoding=\"async\" class=\"img-fluid\" src=\"https:\/\/institutsaintdominique.fr\/wp-content\/uploads\/2025\/02\/Carte-Odyssey-Education-13-ecoles-fond-transparent.png\" width=\"\" height=\"\" alt=\"\"><br \/>\n\t\t\t\t\t\t\t\t\t\t\t\t<\/a>\n\t\t\t\t\t\t\t\t\t\t     <\/li>\n<\/ul><\/div>\n<\/p><\/div>\n<\/p><\/div>\n<div class=\"col-12 col-md-5 d-flex flex-column justify-content-center align-items-start mb-2 mb-md-0\">\n<div class=\"text\">\n<h2><span>Scuole di tutto il mondo<\/span><\/h2>\n<p>Odyssey Education riunisce 12 scuole di eccellenza in 11 paesi in Europa, Africa e Asia. Riconosciuta dalle autorit\u00e0 francesi per la qualit\u00e0 dell&#8217;insegnamento, Odyssey ha firmato un accordo quadro con l&#8217;Agence pour l&#8217;Enseignement Fran\u00e7ais \u00e0 l&#8217;Etranger (AEFE), confermando il suo ruolo di partner chiave nella rete di istruzione internazionale francese.<\/p>\n<p>\t\t\t\t\t\t<!-- Changer la classe de couleur du bouton en fonction de la couleur g\u00e9n\u00e9rale du bloc --><\/p>\n<div class=\"bloc_cta\" >\n<p><a class=\"btn btn--nocolor\" href=\"https:\/\/odyssey.education\/en\/our-schools\/\" target=\"_blank\">Vedi le scuole del gruppo Odyssey Education<\/a>\t\t\t\t\t<\/div>\n<\/p><\/div>\n<\/p><\/div>\n<\/p><\/div>\n<\/p><\/div>\n<\/div>\n<div class=\"blocinfo blocinfo--color4\" id=\"bloc_10_12\">\n<div class=\"container\">\n<div class=\"row\">\n<div class=\"col-12 col-md-6\">\n<h2><span>Hai bisogno di maggiori informazioni?<\/span><\/h2>\n<p>Il team dell&#8217;ufficio ammissioni \u00e8 a disposizione per rispondere a tutte le tue domande.<\/p>\n<p>\t\t\t\t<!-- Changer la classe de couleur du bouton en fonction de la couleur g\u00e9n\u00e9rale du bloc --><\/p>\n<div class=\"bloc_cta\" >\n\t<a href=\"https:\/\/institutsaintdominique.fr\/it\/contattaci\/\" title=\"Contattaci\" target=\"\" class=\"mr-3 btn btn--color4\">Contattaci<\/a> \t\t\t\t<\/div>\n<\/p><\/div>\n<\/p><\/div>\n<\/p><\/div>\n<\/div>\n","protected":false},"excerpt":{"rendered":"<p>Gruppo Odyssey Education Odyssey Education Odyssey Education \u00e8 un gruppo educativo internazionale francese le cui scuole in tutto il mondo [&hellip;]<\/p>\n","protected":false},"author":6,"featured_media":25096,"parent":4074,"menu_order":60,"comment_status":"closed","ping_status":"closed","template":"","meta":{"_acf_changed":false,"kdcopypost-origin-url":"","kdcopypost-origin-id":"","footnotes":""},"class_list":["post-4082","page","type-page","status-publish","has-post-thumbnail","hentry"],"acf":[],"yoast_head":"<!-- This site is optimized with the Yoast SEO plugin v27.0 - https:\/\/yoast.com\/product\/yoast-seo-wordpress\/ -->\n<title>Odyssey Education | Institut International Saint-Dominique Rome<\/title>\n<meta name=\"description\" content=\"Odyssey Education \u00e8 un gruppo educativo internazionale francese con sedi dall&#039;asilo nido alle scuole superiori in tutto il mondo.\" \/>\n<meta name=\"robots\" content=\"index, follow, max-snippet:-1, max-image-preview:large, max-video-preview:-1\" \/>\n<link rel=\"canonical\" href=\"https:\/\/institutsaintdominique.fr\/it\/a-proposito\/gruppo-odyssey-education\/\" \/>\n<meta property=\"og:locale\" content=\"it_IT\" \/>\n<meta property=\"og:type\" content=\"article\" \/>\n<meta property=\"og:title\" content=\"Odyssey Education | Institut International Saint-Dominique Rome\" \/>\n<meta property=\"og:description\" content=\"Odyssey Education \u00e8 un gruppo educativo internazionale francese con sedi dall&#039;asilo nido alle scuole superiori in tutto il mondo.\" \/>\n<meta property=\"og:url\" content=\"https:\/\/institutsaintdominique.fr\/it\/a-proposito\/gruppo-odyssey-education\/\" \/>\n<meta property=\"og:site_name\" content=\"ISD Rome\" \/>\n<meta property=\"article:modified_time\" content=\"2025-10-15T13:34:53+00:00\" \/>\n<meta property=\"og:image\" content=\"https:\/\/institutsaintdominique.fr\/wp-content\/uploads\/2025\/02\/VF_LOGO_ODYSSEY_EDUCATION_SANS_BASELINE_COULEURS_SQUARE.png\" \/>\n\t<meta property=\"og:image:width\" content=\"2019\" \/>\n\t<meta property=\"og:image:height\" content=\"2020\" \/>\n\t<meta property=\"og:image:type\" content=\"image\/png\" \/>\n<meta name=\"twitter:card\" content=\"summary_large_image\" \/>\n<meta name=\"twitter:label1\" content=\"Tempo di lettura stimato\" \/>\n\t<meta name=\"twitter:data1\" content=\"7 minuti\" \/>\n<script type=\"application\/ld+json\" class=\"yoast-schema-graph\">{\"@context\":\"https:\/\/schema.org\",\"@graph\":[{\"@type\":\"WebPage\",\"@id\":\"https:\/\/institutsaintdominique.fr\/it\/a-proposito\/gruppo-odyssey-education\/\",\"url\":\"https:\/\/institutsaintdominique.fr\/it\/a-proposito\/gruppo-odyssey-education\/\",\"name\":\"Odyssey Education | Institut International Saint-Dominique Rome\",\"isPartOf\":{\"@id\":\"https:\/\/institutsaintdominique.fr\/it\/#website\"},\"primaryImageOfPage\":{\"@id\":\"https:\/\/institutsaintdominique.fr\/it\/a-proposito\/gruppo-odyssey-education\/#primaryimage\"},\"image\":{\"@id\":\"https:\/\/institutsaintdominique.fr\/it\/a-proposito\/gruppo-odyssey-education\/#primaryimage\"},\"thumbnailUrl\":\"https:\/\/institutsaintdominique.fr\/wp-content\/uploads\/2025\/02\/VF_LOGO_ODYSSEY_EDUCATION_SANS_BASELINE_COULEURS_SQUARE.png\",\"datePublished\":\"2022-01-21T15:14:46+00:00\",\"dateModified\":\"2025-10-15T13:34:53+00:00\",\"description\":\"Odyssey Education \u00e8 un gruppo educativo internazionale francese con sedi dall'asilo nido alle scuole superiori in tutto il mondo.\",\"breadcrumb\":{\"@id\":\"https:\/\/institutsaintdominique.fr\/it\/a-proposito\/gruppo-odyssey-education\/#breadcrumb\"},\"inLanguage\":\"it-IT\",\"potentialAction\":[{\"@type\":\"ReadAction\",\"target\":[\"https:\/\/institutsaintdominique.fr\/it\/a-proposito\/gruppo-odyssey-education\/\"]}]},{\"@type\":\"ImageObject\",\"inLanguage\":\"it-IT\",\"@id\":\"https:\/\/institutsaintdominique.fr\/it\/a-proposito\/gruppo-odyssey-education\/#primaryimage\",\"url\":\"https:\/\/institutsaintdominique.fr\/wp-content\/uploads\/2025\/02\/VF_LOGO_ODYSSEY_EDUCATION_SANS_BASELINE_COULEURS_SQUARE.png\",\"contentUrl\":\"https:\/\/institutsaintdominique.fr\/wp-content\/uploads\/2025\/02\/VF_LOGO_ODYSSEY_EDUCATION_SANS_BASELINE_COULEURS_SQUARE.png\",\"width\":2019,\"height\":2020},{\"@type\":\"BreadcrumbList\",\"@id\":\"https:\/\/institutsaintdominique.fr\/it\/a-proposito\/gruppo-odyssey-education\/#breadcrumb\",\"itemListElement\":[{\"@type\":\"ListItem\",\"position\":1,\"name\":\"Accueil\",\"item\":\"https:\/\/institutsaintdominique.fr\/it\/\"},{\"@type\":\"ListItem\",\"position\":2,\"name\":\"A proposito\",\"item\":\"https:\/\/institutsaintdominique.fr\/it\/a-proposito\/\"},{\"@type\":\"ListItem\",\"position\":3,\"name\":\"Gruppo Odyssey Education\"}]},{\"@type\":\"WebSite\",\"@id\":\"https:\/\/institutsaintdominique.fr\/it\/#website\",\"url\":\"https:\/\/institutsaintdominique.fr\/it\/\",\"name\":\"ISD Rome\",\"description\":\"ISD Rome\",\"potentialAction\":[{\"@type\":\"SearchAction\",\"target\":{\"@type\":\"EntryPoint\",\"urlTemplate\":\"https:\/\/institutsaintdominique.fr\/it\/?s={search_term_string}\"},\"query-input\":{\"@type\":\"PropertyValueSpecification\",\"valueRequired\":true,\"valueName\":\"search_term_string\"}}],\"inLanguage\":\"it-IT\"}]}<\/script>\n<!-- \/ Yoast SEO plugin. -->","yoast_head_json":{"title":"Odyssey Education | Institut International Saint-Dominique Rome","description":"Odyssey Education \u00e8 un gruppo educativo internazionale francese con sedi dall'asilo nido alle scuole superiori in tutto il mondo.","robots":{"index":"index","follow":"follow","max-snippet":"max-snippet:-1","max-image-preview":"max-image-preview:large","max-video-preview":"max-video-preview:-1"},"canonical":"https:\/\/institutsaintdominique.fr\/it\/a-proposito\/gruppo-odyssey-education\/","og_locale":"it_IT","og_type":"article","og_title":"Odyssey Education | Institut International Saint-Dominique Rome","og_description":"Odyssey Education \u00e8 un gruppo educativo internazionale francese con sedi dall'asilo nido alle scuole superiori in tutto il mondo.","og_url":"https:\/\/institutsaintdominique.fr\/it\/a-proposito\/gruppo-odyssey-education\/","og_site_name":"ISD Rome","article_modified_time":"2025-10-15T13:34:53+00:00","og_image":[{"width":2019,"height":2020,"url":"https:\/\/institutsaintdominique.fr\/wp-content\/uploads\/2025\/02\/VF_LOGO_ODYSSEY_EDUCATION_SANS_BASELINE_COULEURS_SQUARE.png","type":"image\/png"}],"twitter_card":"summary_large_image","twitter_misc":{"Tempo di lettura stimato":"7 minuti"},"schema":{"@context":"https:\/\/schema.org","@graph":[{"@type":"WebPage","@id":"https:\/\/institutsaintdominique.fr\/it\/a-proposito\/gruppo-odyssey-education\/","url":"https:\/\/institutsaintdominique.fr\/it\/a-proposito\/gruppo-odyssey-education\/","name":"Odyssey Education | Institut International Saint-Dominique Rome","isPartOf":{"@id":"https:\/\/institutsaintdominique.fr\/it\/#website"},"primaryImageOfPage":{"@id":"https:\/\/institutsaintdominique.fr\/it\/a-proposito\/gruppo-odyssey-education\/#primaryimage"},"image":{"@id":"https:\/\/institutsaintdominique.fr\/it\/a-proposito\/gruppo-odyssey-education\/#primaryimage"},"thumbnailUrl":"https:\/\/institutsaintdominique.fr\/wp-content\/uploads\/2025\/02\/VF_LOGO_ODYSSEY_EDUCATION_SANS_BASELINE_COULEURS_SQUARE.png","datePublished":"2022-01-21T15:14:46+00:00","dateModified":"2025-10-15T13:34:53+00:00","description":"Odyssey Education \u00e8 un gruppo educativo internazionale francese con sedi dall'asilo nido alle scuole superiori in tutto il mondo.","breadcrumb":{"@id":"https:\/\/institutsaintdominique.fr\/it\/a-proposito\/gruppo-odyssey-education\/#breadcrumb"},"inLanguage":"it-IT","potentialAction":[{"@type":"ReadAction","target":["https:\/\/institutsaintdominique.fr\/it\/a-proposito\/gruppo-odyssey-education\/"]}]},{"@type":"ImageObject","inLanguage":"it-IT","@id":"https:\/\/institutsaintdominique.fr\/it\/a-proposito\/gruppo-odyssey-education\/#primaryimage","url":"https:\/\/institutsaintdominique.fr\/wp-content\/uploads\/2025\/02\/VF_LOGO_ODYSSEY_EDUCATION_SANS_BASELINE_COULEURS_SQUARE.png","contentUrl":"https:\/\/institutsaintdominique.fr\/wp-content\/uploads\/2025\/02\/VF_LOGO_ODYSSEY_EDUCATION_SANS_BASELINE_COULEURS_SQUARE.png","width":2019,"height":2020},{"@type":"BreadcrumbList","@id":"https:\/\/institutsaintdominique.fr\/it\/a-proposito\/gruppo-odyssey-education\/#breadcrumb","itemListElement":[{"@type":"ListItem","position":1,"name":"Accueil","item":"https:\/\/institutsaintdominique.fr\/it\/"},{"@type":"ListItem","position":2,"name":"A proposito","item":"https:\/\/institutsaintdominique.fr\/it\/a-proposito\/"},{"@type":"ListItem","position":3,"name":"Gruppo Odyssey Education"}]},{"@type":"WebSite","@id":"https:\/\/institutsaintdominique.fr\/it\/#website","url":"https:\/\/institutsaintdominique.fr\/it\/","name":"ISD Rome","description":"ISD Rome","potentialAction":[{"@type":"SearchAction","target":{"@type":"EntryPoint","urlTemplate":"https:\/\/institutsaintdominique.fr\/it\/?s={search_term_string}"},"query-input":{"@type":"PropertyValueSpecification","valueRequired":true,"valueName":"search_term_string"}}],"inLanguage":"it-IT"}]}},"_links":{"self":[{"href":"https:\/\/institutsaintdominique.fr\/it\/wp-json\/wp\/v2\/pages\/4082","targetHints":{"allow":["GET"]}}],"collection":[{"href":"https:\/\/institutsaintdominique.fr\/it\/wp-json\/wp\/v2\/pages"}],"about":[{"href":"https:\/\/institutsaintdominique.fr\/it\/wp-json\/wp\/v2\/types\/page"}],"author":[{"embeddable":true,"href":"https:\/\/institutsaintdominique.fr\/it\/wp-json\/wp\/v2\/users\/6"}],"replies":[{"embeddable":true,"href":"https:\/\/institutsaintdominique.fr\/it\/wp-json\/wp\/v2\/comments?post=4082"}],"version-history":[{"count":32,"href":"https:\/\/institutsaintdominique.fr\/it\/wp-json\/wp\/v2\/pages\/4082\/revisions"}],"predecessor-version":[{"id":26623,"href":"https:\/\/institutsaintdominique.fr\/it\/wp-json\/wp\/v2\/pages\/4082\/revisions\/26623"}],"up":[{"embeddable":true,"href":"https:\/\/institutsaintdominique.fr\/it\/wp-json\/wp\/v2\/pages\/4074"}],"wp:featuredmedia":[{"embeddable":true,"href":"https:\/\/institutsaintdominique.fr\/it\/wp-json\/wp\/v2\/media\/25096"}],"wp:attachment":[{"href":"https:\/\/institutsaintdominique.fr\/it\/wp-json\/wp\/v2\/media?parent=4082"}],"curies":[{"name":"wp","href":"https:\/\/api.w.org\/{rel}","templated":true}]}}