{"id":4090,"date":"2022-01-26T14:03:28","date_gmt":"2022-01-26T13:03:28","guid":{"rendered":"https:\/\/institutsaintdominique.fr\/curriculum-scolastico\/scuola-materna\/"},"modified":"2026-02-17T17:11:43","modified_gmt":"2026-02-17T16:11:43","slug":"scuola-materna","status":"publish","type":"page","link":"https:\/\/institutsaintdominique.fr\/it\/curriculum-scolastico\/scuola-materna\/","title":{"rendered":"Scuola Materna"},"content":{"rendered":"<p>\t\t\t\t<!-- avec ou sans CTA : m\u00eame code, \u00e7a centre verticalement le texte --><\/p>\n<div class=\"smallheader\" id=\"bloc_small_header_9\">\n<style type=\"text\/css\">\n\t\t\t\t\t\t\t#bloc_small_header_9 {background-image: url(https:\/\/institutsaintdominique.fr\/wp-content\/uploads\/2024\/03\/Communaute-610x270.jpg);}\n\t\t\t\t\t\t\t@media (min-width: 480px) {\t#bloc_small_header_9 {background-image: url(https:\/\/institutsaintdominique.fr\/wp-content\/uploads\/2024\/03\/Communaute-610x270.jpg);}}\n\t\t\t\t\t\t\t@media (min-width: 768px) {\t#bloc_small_header_9 {background-image: url(https:\/\/institutsaintdominique.fr\/wp-content\/uploads\/2024\/03\/Communaute-1024x684.jpg);}}\n\t\t\t\t\t\t\t@media (min-width: 992px) { #bloc_small_header_9 {background-image: url(https:\/\/institutsaintdominique.fr\/wp-content\/uploads\/2024\/03\/Communaute-1024x684.jpg);}}\n\t\t\t\t\t\t\t@media (min-width: 1200px) { #bloc_small_header_9 {background-image: url(https:\/\/institutsaintdominique.fr\/wp-content\/uploads\/2024\/03\/Communaute-1536x1025.jpg);}}\n\t\t\t\t\t\t<\/style>\n<div class=\"container d-flex flex-column justify-content-center align-items-start\">\n<h1><span>Scuola Materna<\/span><\/h1>\n<p>Amare imparare e vivere insieme<\/p>\n<\/p><\/div>\n<\/p><\/div>\n<div class=\"bloc_ctas bloc_cta container pt-2 pb-2 text-center\" id=\"bloc_ctas_10\">\n<div class=\"btns\">\t<a href=\"https:\/\/isdrome.eduka.school\/registration\/web\/33\/3d1495a2dda2\" title=\"Prenotate una visita ora\" target=\"_blank\" class=\" ml-1   mr-1  btn btn--color3\">Prenotate una visita ora<\/a> \t<a href=\"https:\/\/institutsaintdominique.fr\/it\/ammissioni\/\" title=\"Iscriversi alla materna St Dominique\" target=\"\" class=\" ml-1   mr-1  btn btn--color2\">Iscriversi alla materna St Dominique<\/a> <\/div>\n<\/p><\/div>\n<div class=\"bloctext bloctext--nocolor bloctext--haspattern\" id=\"bloc_6_11\">\n<div class=\"container\">\n<div class=\"row\">\n<div class=\"col-12 col-lg-4 col-xl-3 mb-1\">\n<h2><span>Crescere insieme dai 18 mesi ai 6 anni<\/span><\/h2>\n<\/p><\/div>\n<div class=\"col-12 col-lg-8 col-xl-9\">\n<div class=\"text pl-lg-4\">\n<p>Per crescere e padroneggiare il multilinguismo sin da piccolissimi, il nostro programma offre un accompagnamento personalizzato, sviluppa delle basi solide d\u2019apprendimento e immerge i bambini in un ambiente multiculturale. L<span data-sheets-root=\"1\">&lsquo;Institut International Saint-Dominique di Roma<\/span>\u00a0promuove una crescita equilibrata attraverso l\u2019arte e lo sport, mentre la riflessione e la memoria sono stimolate attraverso il gioco e la comunicazione.<\/p>\n<ul>\n<li><strong>Toute Petite Section (TPS) Pre-materna<\/strong> 18 mesi-3 anni: <em>Autonomia<\/em><\/li>\n<li><strong>Petite Section (PS) Materna<\/strong> 3-4 anni: <em>Regole sociali e del vivere insieme<\/em><\/li>\n<li><strong>Moyenne Section (MS)<\/strong> <strong>Materna <\/strong>4-5 anni: <em>Verso la lettura e la scrittura<\/em><\/li>\n<li><strong>Grande Section (GS) Materna<\/strong> 5-6 anni: <em>Precedenza al linguaggio<\/em><\/li>\n<\/ul>\n<p>Ogni bambino potr\u00e0 abituarsi ad una realt\u00e0 quotidiana, <strong>multilingue e multiculturale<\/strong>, e imparer\u00e0 3 lingue: il francese, l\u2019inglese e l&rsquo;italiano. Ogni bambino viene accompagnato progressivamente verso il futuro ambiente educativo della scuola elementare, tramite un insegnamento bilingue<strong> (al 50% in inglese e al 50% in francese). <\/strong>L&rsquo;insegnamento dell&rsquo;italiano si svolge 2 ore alla settimana. I bambini sono sensibilizzati alla lingua italiana con canzoni, album giovanili, ecc. Progressivamente imparano ad usare il linguaggio orale per comunicare.<\/p>\n<\/p><\/div>\n<\/p><\/div>\n<\/p><\/div>\n<\/p><\/div>\n<\/div>\n<div class=\"bloctext bloctext--color4 bloctext--haspattern\" id=\"bloc_6_12\">\n<div class=\"container\">\n<div class=\"row\">\n<div class=\"col-12 col-lg-4 col-xl-3 mb-1\">\n<h2><span>Orari<\/span><\/h2>\n<\/p><\/div>\n<div class=\"col-12 col-lg-8 col-xl-9\">\n<div class=\"text pl-lg-4\">\n<p id=\"tw-target-text\" class=\"tw-data-text tw-text-large tw-ta\" dir=\"ltr\" data-placeholder=\"Traduction\"><strong><span class=\"Y2IQFc\" lang=\"it\">Luned\u00ec<\/span>:<\/strong> 8h30-15h30<\/p>\n<p id=\"tw-target-text\" class=\"tw-data-text tw-text-large tw-ta\" dir=\"ltr\" data-placeholder=\"Traduction\"><strong><span class=\"Y2IQFc\" lang=\"it\">Marted\u00ec<\/span>:<\/strong> 8h30-15h30<\/p>\n<p dir=\"ltr\" data-placeholder=\"Traduction\"><strong><span class=\"Y2IQFc\" lang=\"it\">Mercoled\u00ec<\/span>:<\/strong> 8h30-15h30<\/p>\n<p id=\"tw-target-text\" class=\"tw-data-text tw-text-large tw-ta\" dir=\"ltr\" data-placeholder=\"Traduction\"><strong><span class=\"Y2IQFc\" lang=\"it\">Gioved\u00ec<\/span>:<\/strong> 8h30-15h30<\/p>\n<p id=\"tw-target-text\" class=\"tw-data-text tw-text-large tw-ta\" dir=\"ltr\" data-placeholder=\"Traduction\"><strong><span class=\"Y2IQFc\" lang=\"it\">Venerd\u00ec<\/span>:<\/strong> 8h30-15h30<\/p>\n<p id=\"tw-target-text\" class=\"tw-data-text tw-text-large tw-ta\" dir=\"ltr\" data-placeholder=\"Traduction\"><span class=\"Y2IQFc\" lang=\"it\">L&rsquo;accoglienza degli alunni \u00e8 possibile dalle 7:45. La giornata \u00e8 scandita da una ricreazione mattutina dalle 10:00 alle 10:30 e dalla pausa meridiana.<\/span><\/p>\n<p class=\"tw-data-text tw-text-large tw-ta\" dir=\"ltr\" data-placeholder=\"Traduction\"><span class=\"Y2IQFc\" lang=\"it\">Il doposcuola e le attivit\u00e0 extracurriculari sono possibili <strong>fino alle 18:00.<\/strong><\/span><\/p>\n<p dir=\"ltr\" data-placeholder=\"Traduction\">Durante le vacanze scolastiche, un Holiday Camp \u00e8 proposto alle famiglie.<\/p>\n<\/p><\/div>\n<\/p><\/div>\n<\/p><\/div>\n<\/p><\/div>\n<\/div>\n<div class=\"blocsrounds blocsrounds--style1 \" id=\"bloc_4_13\">\n<div class=\"container text-center\">\n<h2><span>5 campi di competenza<\/span><\/h2>\n<div class=\"row\">\n<div class=\"col-6 col-md-4 mb-2\">\n<div class=\"blocround\">\n\t\t\t\t\t\t<img decoding=\"async\" class=\"img-fluid\" src=\"https:\/\/institutsaintdominique.fr\/wp-content\/uploads\/2023\/03\/1679930116079-284x284.jpg\" width=\"\" height=\"\" alt=\"\"><\/p>\n<div class=\"text\">\n<h4>Mobilitare il linguaggio in tutte le sue dimensioni<\/h4>\n<p>per riaffermare fin dalla scuola materna il ruolo primordiale del linguaggio, condizione sine qua non del successo di tutte e di tutti. La stimolazione e la strutturazione del linguaggio orale e, d\u2019altro canto, l\u2019introduzione progressiva della cultura della lingua scritta, sono la priorit\u00e0 della scuola materna, estensibile a tutti gli altri campi dell\u2019apprendimento.<\/p>\n<\/p><\/div>\n<\/p><\/div>\n<\/p><\/div>\n<div class=\"col-6 col-md-4 mb-2\">\n<div class=\"blocround\">\n\t\t\t\t\t\t<img decoding=\"async\" class=\"img-fluid\" src=\"https:\/\/institutsaintdominique.fr\/wp-content\/uploads\/2022\/02\/0226-scaled-284x284.jpg\" width=\"\" height=\"\" alt=\"\"><\/p>\n<div class=\"text\">\n<h4>Agire ed esprimersi attraverso l\u2019attivit\u00e0 fisica<\/h4>\n<p>Le attivit\u00e0 fisiche permettono ai bambini di esplorare le loro capacit\u00e0, di elargire e affinare le loro abilit\u00e0 motorie e di padroneggiare nuovi equilibri, aiutandoli a costruire la loro lateralit\u00e0, a proiettare un&#8217;immagine orientata de proprio corpo e a situarsi meglio nello spazio e nel tempo.<\/p>\n<\/p><\/div>\n<\/p><\/div>\n<\/p><\/div>\n<div class=\"col-6 col-md-4 mb-2\">\n<div class=\"blocround\">\n\t\t\t\t\t\t<img decoding=\"async\" class=\"img-fluid\" src=\"https:\/\/institutsaintdominique.fr\/wp-content\/uploads\/2023\/07\/IMG_20230619_110501-284x284.jpg\" width=\"\" height=\"\" alt=\"\"><\/p>\n<div class=\"text\">\n<h4>Agire, esprimersi e capire attraverso le attivit\u00e0 artistiche <\/h4>\n<p>Le attivit\u00e0 artistiche permettono di sviluppare le interazioni tra azione, sensazioni, immaginazione, sensibilit\u00e0 e pensiero.<\/p>\n<\/p><\/div>\n<\/p><\/div>\n<\/p><\/div>\n<div class=\"col-6 col-md-4 mb-2\">\n<div class=\"blocround\">\n\t\t\t\t\t\t<img decoding=\"async\" class=\"img-fluid\" src=\"https:\/\/institutsaintdominique.fr\/wp-content\/uploads\/2024\/03\/1711226510037-1-284x284.jpg\" width=\"\" height=\"\" alt=\"\"><\/p>\n<div class=\"text\">\n<h4>Acquisire i primi strumenti matematici<\/h4>\n<p>La scuola materna deve permettere progressivamente a ciascuno di scoprire i numeri e il loro utilizzo, e ad esplorare le forme e le dimensioni. L\u2019insegnante, in questa fascia di et\u00e0, pu\u00f2 stimolare la riflessione dei bambini, confrontandoli a problemi alla loro portata.<\/p>\n<\/p><\/div>\n<\/p><\/div>\n<\/p><\/div>\n<div class=\"col-6 col-md-4 mb-2\">\n<div class=\"blocround\">\n\t\t\t\t\t\t<img decoding=\"async\" class=\"img-fluid\" src=\"https:\/\/institutsaintdominique.fr\/wp-content\/uploads\/2024\/03\/Copie-de-_DSC3845-284x284.jpg\" width=\"\" height=\"\" alt=\"\"><\/p>\n<div class=\"text\">\n<h4>Esplorare il mondo<\/h4>\n<p>Questo campo \u00e8 volto a sviluppare un primo approccio della comprensione dell\u2019ambiente circostante nei bambini, stimolandone la curiosit\u00e0. Appoggiandosi su conoscenze iniziali legate al loro vissuto, la scuola materna struttura un percorso che permette ai bambini di ordinare il mondo che li circonda, accedendo a rappresentazioni comuni e a nozioni che verranno poi perfezionate nel corso della scuola elementare.<\/p>\n<\/p><\/div>\n<\/p><\/div>\n<\/p><\/div>\n<\/p><\/div>\n<\/p><\/div>\n<\/div>\n<div class=\"bloctext bloctext--color1 bloctext--haspattern\" id=\"bloc_6_14\">\n<div class=\"container\">\n<div class=\"row\">\n<div class=\"col-12 col-lg-4 col-xl-3 mb-1\">\n<h2><span>La Scuola Materna St Dominique<\/span><\/h2>\n<\/p><\/div>\n<div class=\"col-12 col-lg-8 col-xl-9\">\n<div class=\"text pl-lg-4\">\n<p><strong>Le nostre promesse:<\/strong><\/p>\n<ul>\n<li><strong>Accompagnamento personalizzato<\/strong>: Mettiamo al centro i bisogni di sviluppo specifici dei bambini piccoli, con un\u2019attenzione particolare al benessere e alla fiducia in s\u00e9.<\/li>\n<li><strong>Basi d\u2019apprendimento:<\/strong> Il nostro programma educativo sviluppa le basi fondamentali per prepararsi alle sfide degli apprendimenti futuri: comprendere, esprimere il proprio pensiero, esplorare il mondo&#8230;<\/li>\n<li><strong>Apprendimento ludico e riflessivo<\/strong>: Diamo la precedenza all\u2019acquisizione degli apprendimenti attraverso l\u2019azione e il gioco, che favoriscono la memorizzazione e la motivazione dei bambini.<\/li>\n<li><strong>Ambiente Multilingue e Multiculturale<\/strong>: L\u2019alternanza di giornate in francese e in inglese, arricchita di 2 ore settimanali di italiano, consente un\u2019immersione quotidiana in un ambiente plurilingue.<\/li>\n<li><strong>Sviluppo attraverso l&rsquo;Arte e lo Sport<\/strong>: I bambini svolgono attivit\u00e0 fisiche e artistiche quotidianamente per favorire lo sviluppo armonioso tra azione, sensazioni, immaginazione, sensibilit\u00e0, pensiero e linguaggio.<\/li>\n<\/ul>\n<p>La scuola propone anche un <a href=\"https:\/\/institutsaintdominique.fr\/it\/attivita-extrascolastiche\/proposta-pastorale\/\">insegnamento spirituale<\/a> dalla scuola materna al liceo.<\/p>\n<\/p><\/div>\n<\/p><\/div>\n<\/p><\/div>\n<\/p><\/div>\n<\/div>\n<div class=\"blocsrounds blocsrounds--style2 \" id=\"bloc_4_15\">\n<div class=\"container text-center\">\n<h2><span>Le nostre infrastrutture<\/span><\/h2>\n<div class=\"row\">\n<div class=\"col-6 col-md-4 mb-2\">\n<div class=\"blocround\">\n\t\t\t\t\t\t<img decoding=\"async\" class=\"img-fluid\" src=\"https:\/\/institutsaintdominique.fr\/wp-content\/uploads\/2024\/04\/DSC4641-284x284.jpg\" width=\"\" height=\"\" alt=\"Cantine de la maternelle bilingue de l'Institut International Saint-Dominique\"><\/p>\n<div class=\"text\">\n<h4>Mensa dedicata alla scuola materna<\/h4>\n<p>Divisa in 2 spazi per una maggiore serenit\u00e0.<\/p>\n<\/p><\/div>\n<\/p><\/div>\n<\/p><\/div>\n<div class=\"col-6 col-md-4 mb-2\">\n<div class=\"blocround\">\n\t\t\t\t\t\t<img decoding=\"async\" class=\"img-fluid\" src=\"https:\/\/institutsaintdominique.fr\/wp-content\/uploads\/2024\/02\/baby-1266116_1280-284x284.jpg\" width=\"\" height=\"\" alt=\"\"><\/p>\n<div class=\"text\">\n<h4>Stanza per il pisolino<\/h4>\n<p>Per i pi\u00f9 piccoli.<\/p>\n<\/p><\/div>\n<\/p><\/div>\n<\/p><\/div>\n<div class=\"col-6 col-md-4 mb-2\">\n<div class=\"blocround\">\n\t\t\t\t\t\t<img decoding=\"async\" class=\"img-fluid\" src=\"https:\/\/institutsaintdominique.fr\/wp-content\/uploads\/2023\/01\/DSC0583-2-284x284.jpg\" width=\"\" height=\"\" alt=\"\"><\/p>\n<div class=\"text\">\n<h4>Biblioteca dedicata alla scuola primaria<\/h4>\n<p>La biblioteca comprende XXX album e documentari.<\/p>\n<\/p><\/div>\n<\/p><\/div>\n<\/p><\/div>\n<div class=\"col-6 col-md-4 mb-2\">\n<div class=\"blocround\">\n\t\t\t\t\t\t<img decoding=\"async\" class=\"img-fluid\" src=\"https:\/\/institutsaintdominique.fr\/wp-content\/uploads\/2023\/09\/IMG_20230904_103933-284x284.jpg\" width=\"\" height=\"\" alt=\"\"><\/p>\n<div class=\"text\">\n<h4>Aree ricreative all&#8217;aperto<\/h4>\n<p>Campo sportivo, pineta con prato, pineta adatta a giochi collettivi, campi da gioco, tabelloni sportivi di abilit\u00e0 e motricit\u00e0, orto, giardino degli asili e piccolo anfiteatro.<\/p>\n<\/p><\/div>\n<\/p><\/div>\n<\/p><\/div>\n<div class=\"col-6 col-md-4 mb-2\">\n<div class=\"blocround\">\n\t\t\t\t\t\t<img decoding=\"async\" class=\"img-fluid\" src=\"https:\/\/institutsaintdominique.fr\/wp-content\/uploads\/2024\/02\/DSC0612-284x284.jpg\" width=\"\" height=\"\" alt=\"\"><\/p>\n<div class=\"text\">\n<h4>La sala per la motricit\u00e0<\/h4>\n<p>Dispone dell&#8217;attrezzatura necessaria per permettere ai bambini di realizzare percorsi di motricit\u00e0 (imparare a saltare, strisciare, muoversi, lanciare, ecc.) ma anche diverse biciclette e cicli per imparare a muoversi su un circuito.<\/p>\n<\/p><\/div>\n<\/p><\/div>\n<\/p><\/div>\n<\/p><\/div>\n<\/p><\/div>\n<\/div>\n<div class=\"blocinfo blocinfo--color4\" id=\"bloc_10_16\">\n<div class=\"container\">\n<div class=\"row\">\n<div class=\"col-12 col-md-6\">\n<h2><span>Inizia oggi il tuo futuro!<\/span><\/h2>\n<p>Iscrizioni aperte tutto l&#8217;anno.<\/p>\n<p>\t\t\t\t<!-- Changer la classe de couleur du bouton en fonction de la couleur g\u00e9n\u00e9rale du bloc --><\/p>\n<div class=\"bloc_cta\" >\n\t<a href=\"https:\/\/institutsaintdominique.fr\/it\/ammissioni\/\" title=\"Iscriversi\" target=\"\" class=\"mr-3 btn btn--color4\">Iscriversi<\/a> \t\t\t\t<\/div>\n<\/p><\/div>\n<\/p><\/div>\n<\/p><\/div>\n<\/div>\n","protected":false},"excerpt":{"rendered":"<p>Scuola Materna Amare imparare e vivere insieme Prenotate una visita ora Iscriversi alla materna St Dominique Crescere insieme dai 18 [&hellip;]<\/p>\n","protected":false},"author":6,"featured_media":0,"parent":4088,"menu_order":100,"comment_status":"closed","ping_status":"closed","template":"","meta":{"_acf_changed":false,"kdcopypost-origin-url":"","kdcopypost-origin-id":"","footnotes":""},"class_list":["post-4090","page","type-page","status-publish","hentry"],"acf":[],"yoast_head":"<!-- This site is optimized with the Yoast SEO plugin v27.0 - https:\/\/yoast.com\/product\/yoast-seo-wordpress\/ -->\n<title>Scuola Materna - ISD Rome<\/title>\n<meta name=\"description\" content=\"St Dominique, Rome French International School promuove una crescita equilibrata attraverso l\u2019arte, lo sport, la riflessione e la memoria.\" \/>\n<meta name=\"robots\" content=\"index, follow, max-snippet:-1, max-image-preview:large, max-video-preview:-1\" \/>\n<link rel=\"canonical\" href=\"https:\/\/institutsaintdominique.fr\/it\/curriculum-scolastico\/scuola-materna\/\" \/>\n<meta property=\"og:locale\" content=\"it_IT\" \/>\n<meta property=\"og:type\" content=\"article\" \/>\n<meta property=\"og:title\" content=\"Scuola Materna - ISD Rome\" \/>\n<meta property=\"og:description\" content=\"St Dominique, Rome French International School promuove una crescita equilibrata attraverso l\u2019arte, lo sport, la riflessione e la memoria.\" \/>\n<meta property=\"og:url\" content=\"https:\/\/institutsaintdominique.fr\/it\/curriculum-scolastico\/scuola-materna\/\" \/>\n<meta property=\"og:site_name\" content=\"ISD Rome\" \/>\n<meta property=\"article:modified_time\" content=\"2026-02-17T16:11:43+00:00\" \/>\n<meta property=\"og:image\" content=\"https:\/\/institutsaintdominique.fr\/wp-content\/uploads\/2023\/03\/1679930116079-284x284.jpg\" \/>\n<meta name=\"twitter:card\" content=\"summary_large_image\" \/>\n<meta name=\"twitter:label1\" content=\"Tempo di lettura stimato\" \/>\n\t<meta name=\"twitter:data1\" content=\"13 minuti\" \/>\n<script type=\"application\/ld+json\" class=\"yoast-schema-graph\">{\"@context\":\"https:\/\/schema.org\",\"@graph\":[{\"@type\":\"WebPage\",\"@id\":\"https:\/\/institutsaintdominique.fr\/it\/curriculum-scolastico\/scuola-materna\/\",\"url\":\"https:\/\/institutsaintdominique.fr\/it\/curriculum-scolastico\/scuola-materna\/\",\"name\":\"Scuola Materna - ISD Rome\",\"isPartOf\":{\"@id\":\"https:\/\/institutsaintdominique.fr\/it\/#website\"},\"primaryImageOfPage\":{\"@id\":\"https:\/\/institutsaintdominique.fr\/it\/curriculum-scolastico\/scuola-materna\/#primaryimage\"},\"image\":{\"@id\":\"https:\/\/institutsaintdominique.fr\/it\/curriculum-scolastico\/scuola-materna\/#primaryimage\"},\"thumbnailUrl\":\"https:\/\/institutsaintdominique.fr\/wp-content\/uploads\/2023\/03\/1679930116079-284x284.jpg\",\"datePublished\":\"2022-01-26T13:03:28+00:00\",\"dateModified\":\"2026-02-17T16:11:43+00:00\",\"description\":\"St Dominique, Rome French International School promuove una crescita equilibrata attraverso l\u2019arte, lo sport, la riflessione e la memoria.\",\"breadcrumb\":{\"@id\":\"https:\/\/institutsaintdominique.fr\/it\/curriculum-scolastico\/scuola-materna\/#breadcrumb\"},\"inLanguage\":\"it-IT\",\"potentialAction\":[{\"@type\":\"ReadAction\",\"target\":[\"https:\/\/institutsaintdominique.fr\/it\/curriculum-scolastico\/scuola-materna\/\"]}]},{\"@type\":\"ImageObject\",\"inLanguage\":\"it-IT\",\"@id\":\"https:\/\/institutsaintdominique.fr\/it\/curriculum-scolastico\/scuola-materna\/#primaryimage\",\"url\":\"https:\/\/institutsaintdominique.fr\/wp-content\/uploads\/2023\/03\/1679930116079-284x284.jpg\",\"contentUrl\":\"https:\/\/institutsaintdominique.fr\/wp-content\/uploads\/2023\/03\/1679930116079-284x284.jpg\"},{\"@type\":\"BreadcrumbList\",\"@id\":\"https:\/\/institutsaintdominique.fr\/it\/curriculum-scolastico\/scuola-materna\/#breadcrumb\",\"itemListElement\":[{\"@type\":\"ListItem\",\"position\":1,\"name\":\"Accueil\",\"item\":\"https:\/\/institutsaintdominique.fr\/it\/\"},{\"@type\":\"ListItem\",\"position\":2,\"name\":\"Curriculum scolastico\",\"item\":\"https:\/\/institutsaintdominique.fr\/it\/curriculum-scolastico\/\"},{\"@type\":\"ListItem\",\"position\":3,\"name\":\"Scuola Materna\"}]},{\"@type\":\"WebSite\",\"@id\":\"https:\/\/institutsaintdominique.fr\/it\/#website\",\"url\":\"https:\/\/institutsaintdominique.fr\/it\/\",\"name\":\"ISD Rome\",\"description\":\"ISD Rome\",\"potentialAction\":[{\"@type\":\"SearchAction\",\"target\":{\"@type\":\"EntryPoint\",\"urlTemplate\":\"https:\/\/institutsaintdominique.fr\/it\/?s={search_term_string}\"},\"query-input\":{\"@type\":\"PropertyValueSpecification\",\"valueRequired\":true,\"valueName\":\"search_term_string\"}}],\"inLanguage\":\"it-IT\"}]}<\/script>\n<!-- \/ Yoast SEO plugin. -->","yoast_head_json":{"title":"Scuola Materna - ISD Rome","description":"St Dominique, Rome French International School promuove una crescita equilibrata attraverso l\u2019arte, lo sport, la riflessione e la memoria.","robots":{"index":"index","follow":"follow","max-snippet":"max-snippet:-1","max-image-preview":"max-image-preview:large","max-video-preview":"max-video-preview:-1"},"canonical":"https:\/\/institutsaintdominique.fr\/it\/curriculum-scolastico\/scuola-materna\/","og_locale":"it_IT","og_type":"article","og_title":"Scuola Materna - ISD Rome","og_description":"St Dominique, Rome French International School promuove una crescita equilibrata attraverso l\u2019arte, lo sport, la riflessione e la memoria.","og_url":"https:\/\/institutsaintdominique.fr\/it\/curriculum-scolastico\/scuola-materna\/","og_site_name":"ISD Rome","article_modified_time":"2026-02-17T16:11:43+00:00","og_image":[{"url":"https:\/\/institutsaintdominique.fr\/wp-content\/uploads\/2023\/03\/1679930116079-284x284.jpg","type":"","width":"","height":""}],"twitter_card":"summary_large_image","twitter_misc":{"Tempo di lettura stimato":"13 minuti"},"schema":{"@context":"https:\/\/schema.org","@graph":[{"@type":"WebPage","@id":"https:\/\/institutsaintdominique.fr\/it\/curriculum-scolastico\/scuola-materna\/","url":"https:\/\/institutsaintdominique.fr\/it\/curriculum-scolastico\/scuola-materna\/","name":"Scuola Materna - ISD Rome","isPartOf":{"@id":"https:\/\/institutsaintdominique.fr\/it\/#website"},"primaryImageOfPage":{"@id":"https:\/\/institutsaintdominique.fr\/it\/curriculum-scolastico\/scuola-materna\/#primaryimage"},"image":{"@id":"https:\/\/institutsaintdominique.fr\/it\/curriculum-scolastico\/scuola-materna\/#primaryimage"},"thumbnailUrl":"https:\/\/institutsaintdominique.fr\/wp-content\/uploads\/2023\/03\/1679930116079-284x284.jpg","datePublished":"2022-01-26T13:03:28+00:00","dateModified":"2026-02-17T16:11:43+00:00","description":"St Dominique, Rome French International School promuove una crescita equilibrata attraverso l\u2019arte, lo sport, la riflessione e la memoria.","breadcrumb":{"@id":"https:\/\/institutsaintdominique.fr\/it\/curriculum-scolastico\/scuola-materna\/#breadcrumb"},"inLanguage":"it-IT","potentialAction":[{"@type":"ReadAction","target":["https:\/\/institutsaintdominique.fr\/it\/curriculum-scolastico\/scuola-materna\/"]}]},{"@type":"ImageObject","inLanguage":"it-IT","@id":"https:\/\/institutsaintdominique.fr\/it\/curriculum-scolastico\/scuola-materna\/#primaryimage","url":"https:\/\/institutsaintdominique.fr\/wp-content\/uploads\/2023\/03\/1679930116079-284x284.jpg","contentUrl":"https:\/\/institutsaintdominique.fr\/wp-content\/uploads\/2023\/03\/1679930116079-284x284.jpg"},{"@type":"BreadcrumbList","@id":"https:\/\/institutsaintdominique.fr\/it\/curriculum-scolastico\/scuola-materna\/#breadcrumb","itemListElement":[{"@type":"ListItem","position":1,"name":"Accueil","item":"https:\/\/institutsaintdominique.fr\/it\/"},{"@type":"ListItem","position":2,"name":"Curriculum scolastico","item":"https:\/\/institutsaintdominique.fr\/it\/curriculum-scolastico\/"},{"@type":"ListItem","position":3,"name":"Scuola Materna"}]},{"@type":"WebSite","@id":"https:\/\/institutsaintdominique.fr\/it\/#website","url":"https:\/\/institutsaintdominique.fr\/it\/","name":"ISD Rome","description":"ISD Rome","potentialAction":[{"@type":"SearchAction","target":{"@type":"EntryPoint","urlTemplate":"https:\/\/institutsaintdominique.fr\/it\/?s={search_term_string}"},"query-input":{"@type":"PropertyValueSpecification","valueRequired":true,"valueName":"search_term_string"}}],"inLanguage":"it-IT"}]}},"_links":{"self":[{"href":"https:\/\/institutsaintdominique.fr\/it\/wp-json\/wp\/v2\/pages\/4090","targetHints":{"allow":["GET"]}}],"collection":[{"href":"https:\/\/institutsaintdominique.fr\/it\/wp-json\/wp\/v2\/pages"}],"about":[{"href":"https:\/\/institutsaintdominique.fr\/it\/wp-json\/wp\/v2\/types\/page"}],"author":[{"embeddable":true,"href":"https:\/\/institutsaintdominique.fr\/it\/wp-json\/wp\/v2\/users\/6"}],"replies":[{"embeddable":true,"href":"https:\/\/institutsaintdominique.fr\/it\/wp-json\/wp\/v2\/comments?post=4090"}],"version-history":[{"count":61,"href":"https:\/\/institutsaintdominique.fr\/it\/wp-json\/wp\/v2\/pages\/4090\/revisions"}],"predecessor-version":[{"id":30305,"href":"https:\/\/institutsaintdominique.fr\/it\/wp-json\/wp\/v2\/pages\/4090\/revisions\/30305"}],"up":[{"embeddable":true,"href":"https:\/\/institutsaintdominique.fr\/it\/wp-json\/wp\/v2\/pages\/4088"}],"wp:attachment":[{"href":"https:\/\/institutsaintdominique.fr\/it\/wp-json\/wp\/v2\/media?parent=4090"}],"curies":[{"name":"wp","href":"https:\/\/api.w.org\/{rel}","templated":true}]}}