{"id":4094,"date":"2022-01-26T15:07:09","date_gmt":"2022-01-26T14:07:09","guid":{"rendered":"https:\/\/institutsaintdominique.fr\/curriculum-scolastico\/scuola-media\/"},"modified":"2025-02-11T14:50:37","modified_gmt":"2025-02-11T13:50:37","slug":"scuola-media","status":"publish","type":"page","link":"https:\/\/institutsaintdominique.fr\/it\/curriculum-scolastico\/scuola-media\/","title":{"rendered":"Scuola Media"},"content":{"rendered":"<p>\t\t\t\t<!-- avec ou sans CTA : m\u00eame code, \u00e7a centre verticalement le texte --><\/p>\n<div class=\"smallheader\" id=\"bloc_small_header_12\">\n<style type=\"text\/css\">\n\t\t\t\t\t\t\t#bloc_small_header_12 {background-image: url(https:\/\/institutsaintdominique.fr\/wp-content\/uploads\/2024\/03\/Copie-de-Copie-de-_DSC4406-610x270.jpg);}\n\t\t\t\t\t\t\t@media (min-width: 480px) {\t#bloc_small_header_12 {background-image: url(https:\/\/institutsaintdominique.fr\/wp-content\/uploads\/2024\/03\/Copie-de-Copie-de-_DSC4406-610x270.jpg);}}\n\t\t\t\t\t\t\t@media (min-width: 768px) {\t#bloc_small_header_12 {background-image: url(https:\/\/institutsaintdominique.fr\/wp-content\/uploads\/2024\/03\/Copie-de-Copie-de-_DSC4406-1024x684.jpg);}}\n\t\t\t\t\t\t\t@media (min-width: 992px) { #bloc_small_header_12 {background-image: url(https:\/\/institutsaintdominique.fr\/wp-content\/uploads\/2024\/03\/Copie-de-Copie-de-_DSC4406-1024x684.jpg);}}\n\t\t\t\t\t\t\t@media (min-width: 1200px) { #bloc_small_header_12 {background-image: url(https:\/\/institutsaintdominique.fr\/wp-content\/uploads\/2024\/03\/Copie-de-Copie-de-_DSC4406-1536x1025.jpg);}}\n\t\t\t\t\t\t<\/style>\n<div class=\"container d-flex flex-column justify-content-center align-items-start\">\n<h1><span>Scuola Media<\/span><\/h1>\n<p>Un vero e proprio trampolino per il successo personale e accademico <\/p>\n<\/p><\/div>\n<\/p><\/div>\n<div class=\"bloc_ctas bloc_cta container pt-2 pb-2 text-right\" id=\"bloc_ctas_13\">\n<div class=\"btns\">\t<a href=\"https:\/\/institutsaintdominique.fr\/it\/ammissioni\/\" title=\"Iscriversi alle medie a St Dominique\" target=\"\" class=\" ml-1   mr-1  btn btn--color2\">Iscriversi alle medie a St Dominique<\/a> <\/div>\n<\/p><\/div>\n<div class=\"bloctext bloctext--nocolor bloctext--haspattern\" id=\"bloc_6_14\">\n<div class=\"container\">\n<div class=\"row\">\n<div class=\"col-12 col-lg-4 col-xl-3 mb-1\">\n<h2><span>La scuola media<\/span><\/h2>\n<\/p><\/div>\n<div class=\"col-12 col-lg-8 col-xl-9\">\n<div class=\"text pl-lg-4\">\n<p>Gli anni del college sono determinanti per l&rsquo;acquisizione di solidi metodi di lavoro e la padronanza di tutti i nuovi contenuti. Ci impegniamo ad offrire un plurilinguismo integrato, percorsi individualizzati e un accompagnamento personalizzato. St Dominique promuove l&rsquo;autonomia, il pensiero critico e lo sviluppo degli studenti e prestiamo attenzione sia alla transizione dalla scuola primaria alla scuola media (6\u00e8me e 5\u00e8me), sia a quella dal college al liceo (4\u00e8me e 3\u00e8me).<\/p>\n<p>Il Coll\u00e8ge (scuola media) comprende il<strong> terzo ciclo<\/strong> (3\u00e8me) e il <strong>quarto ciclo<\/strong>:<\/p>\n<ul>\n<li>La 6\u00e8me corrisponde alla <strong>Prima Media <\/strong>(11-12 anni): <em>Adattarsi e organizzarsi<\/em><\/li>\n<li>La 5\u00e8me corrisponde alla <strong>Seconda Media<\/strong> (12-13 anni):\u00a0<em>Consolidare le acquisizioni e scoprire<\/em><\/li>\n<li>La 4\u00e8me corrisponde alla <strong>Terza Media <\/strong>(13-14 anni): <em>Approfondire e analizzare<\/em><\/li>\n<li>La 3\u00e8me corrisponde alla <strong>Prima Liceo <\/strong>(14-15 anni): <em>Orientarsi e prepararsi al liceo<\/em><\/li>\n<\/ul><\/div>\n<\/p><\/div>\n<\/p><\/div>\n<\/p><\/div>\n<\/div>\n<div class=\"blocmedia blocmedia--textright blocmedia--nocolor\" id=\"bloc_2_15\">\n<div class=\"container\">\n<div class=\"row\">\n<div class=\"col-12 col-md-6\">\n<div class=\"slider\">\n<div id=\"slider-bloc_2_15\" class=\"flexslider flexslider--blocmedia loading\">\n<ul class=\"slides list-unstyled\">\n<li class=\"slider-li\">\n\t\t\t\t\t\t\t\t\t\t     \t<a data-fancybox=\"rel-slider-bloc_2_15\" data-caption=\"\" href=\"https:\/\/institutsaintdominique.fr\/wp-content\/uploads\/2024\/03\/Copie-de-Copie-de-_DSC4406-722x564.jpg\"><br \/>\n\t\t\t\t\t\t\t\t\t\t\t\t\t<img decoding=\"async\" class=\"img-fluid\" src=\"https:\/\/institutsaintdominique.fr\/wp-content\/uploads\/2024\/03\/Copie-de-Copie-de-_DSC4406-722x564.jpg\" width=\"\" height=\"\" alt=\"\"><br \/>\n\t\t\t\t\t\t\t\t\t\t\t\t<\/a>\n\t\t\t\t\t\t\t\t\t\t     <\/li>\n<\/ul><\/div>\n<\/p><\/div>\n<\/p><\/div>\n<div class=\"col-12 col-md-5 d-flex flex-column justify-content-center align-items-start mb-2 mb-md-0\">\n<div class=\"text\">\n<h2><span>UN&#8217;OFFERTA INTERNAZIONALE ESTESA DAL COLLEGE<\/span><\/h2>\n<p>In continuit\u00e0 con il loro percorso alla scuola elementare, i nostri studenti del college hanno un insegnamento sostenuto in inglese che consente loro di raggiungere il livello B2 (livello avanzato). Gli studenti che desiderano anche prepararsi per il diploma di Terza Media, beneficiano di orari organizzati.<br \/>\nUn programma Pre-IB in inglese \u00e8 accessibile agli studenti che lo desiderano, per una transizione fluida verso l&#8217;International Baccalaureate. Include discipline chiave come lingua e letteratura inglese, arte, tecnologia, matematica e scienze.<\/p>\n<p>\t\t\t\t\t\t<!-- Changer la classe de couleur du bouton en fonction de la couleur g\u00e9n\u00e9rale du bloc --><\/p>\n<div class=\"bloc_cta\" >\n<p><a class=\"btn btn--nocolor\" href=\"https:\/\/institutsaintdominique.fr\/it\/ammissioni\/\" target=\"\">Iscriversi<\/a>\t\t\t\t\t<\/div>\n<\/p><\/div>\n<\/p><\/div>\n<\/p><\/div>\n<\/p><\/div>\n<\/div>\n<div class=\"bloctext bloctext--color1 bloctext--haspattern\" id=\"bloc_6_16\">\n<div class=\"container\">\n<div class=\"row\">\n<div class=\"col-12 col-lg-4 col-xl-3 mb-1\">\n<h2><span>Apertura del Grade 9<\/span><\/h2>\n<\/p><\/div>\n<div class=\"col-12 col-lg-8 col-xl-9\">\n<div class=\"text pl-lg-4\">\n<p><em><strong>Exciting Opportunities on the Horizon!<\/strong><\/em><\/p>\n<p>In risposta alla crescente domanda, siamo lieti di annunciare l&rsquo;eventuale apertura di un Grade 9 il prossimo anno. Questa classe presenter\u00e0 un programma diversificato con:<\/p>\n<ul>\n<li>ENGLISH<\/li>\n<li>FRENCH<\/li>\n<li>MATHEMATICS<\/li>\n<li>ITALIAN<\/li>\n<li>COMBINED SCIENCES<\/li>\n<li>GLOBAL PERSPECTIVES<\/li>\n<li>TECHNOLOGY<\/li>\n<li>PHYSICAL AND HEALTH EDUCATION<\/li>\n<li>ARTS<\/li>\n<li>CORE<\/li>\n<li>COMMUNITY SERVICES<\/li>\n<\/ul>\n<p>Unisciti a noi sulla strada dell&rsquo;eccellenza e prospera in un mondo interconnesso.<\/p>\n<\/p><\/div>\n<\/p><\/div>\n<\/p><\/div>\n<\/p><\/div>\n<\/div>\n<div class=\"blocmedia blocmedia--textleft blocmedia--nocolor\" id=\"bloc_2_17\">\n<div class=\"container\">\n<div class=\"row\">\n<div class=\"col-12 col-md-6\">\n<div class=\"slider\">\n<div id=\"slider-bloc_2_17\" class=\"flexslider flexslider--blocmedia loading\">\n<ul class=\"slides list-unstyled\">\n<li class=\"slider-li\">\n\t\t\t\t\t\t\t\t\t\t     \t<a data-fancybox=\"rel-slider-bloc_2_17\" data-caption=\"\" href=\"https:\/\/institutsaintdominique.fr\/wp-content\/uploads\/2024\/03\/Copie-de-_DSC4447-1-722x564.jpg\"><br \/>\n\t\t\t\t\t\t\t\t\t\t\t\t\t<img decoding=\"async\" class=\"img-fluid\" src=\"https:\/\/institutsaintdominique.fr\/wp-content\/uploads\/2024\/03\/Copie-de-_DSC4447-1-722x564.jpg\" width=\"\" height=\"\" alt=\"\"><br \/>\n\t\t\t\t\t\t\t\t\t\t\t\t<\/a>\n\t\t\t\t\t\t\t\t\t\t     <\/li>\n<\/ul><\/div>\n<\/p><\/div>\n<\/p><\/div>\n<div class=\"col-12 col-md-5 d-flex flex-column justify-content-center align-items-start mb-2 mb-md-0\">\n<div class=\"text\">\n<h2><span>Dipl\u00f4me National du Brevet<\/span><\/h2>\n<p>Alla fine della 3\u00e8me viene rilasciato il Dipl\u00f4me National du Brevet (DNB), che attesta la padronanza delle conoscenze e competenze acquisite durante il Coll\u00e8ge (Scuola media). Il nucleo comune di conoscenze, competenze e cultura comprende tutto ci\u00f2 che l\u2019allievo deve sapere e padroneggiare alla fine della scolarit\u00e0 obbligatoria e raggruppa tutte le conoscenze, competenze, valori e attitudini necessari per completare il percorso scolastico con successo, nonch\u00e9 la propria vita in quanto individuo e futuro cittadino attivo.<\/p>\n<p>\t\t\t\t\t\t<!-- Changer la classe de couleur du bouton en fonction de la couleur g\u00e9n\u00e9rale du bloc --><\/p>\n<div class=\"bloc_cta\" >\n<p><a class=\"btn btn--nocolor\" href=\"https:\/\/institutsaintdominique.fr\/it\/ammissioni\/\" target=\"\">Iscriversi<\/a>\t\t\t\t\t<\/div>\n<\/p><\/div>\n<\/p><\/div>\n<\/p><\/div>\n<\/p><\/div>\n<\/div>\n<div class=\"bloctext bloctext--color4 bloctext--haspattern\" id=\"bloc_6_18\">\n<div class=\"container\">\n<div class=\"row\">\n<div class=\"col-12 col-lg-4 col-xl-3 mb-1\">\n<h2><span>Orari<\/span><\/h2>\n<\/p><\/div>\n<div class=\"col-12 col-lg-8 col-xl-9\">\n<div class=\"text pl-lg-4\">\n<p><strong>Dal luned\u00ec al venerd\u00ec, gli studenti sono accolti dalle 8:00 alle 18:00. <\/strong><\/p>\n<p>Le<strong> <a href=\"https:\/\/institutsaintdominique.fr\/it\/attivita-extrascolastiche\/\">attivit\u00e0 extracurriculari<\/a> <\/strong>estendono l&rsquo;apprendimento al<span data-sheets-root=\"1\">l&rsquo;Institut International Saint-Dominique di Roma<\/span><i>\u00a0<\/i>attraverso l&rsquo;accesso a sport, arte e cultura. Un&rsquo;ampia scelta di attivit\u00e0 sportive, culturali, artistiche, educative e\/o laboratori linguistici, il tutto supervisionato da specialisti, viene offerto durante tutto l&rsquo;anno, a partire dalla scuola dell&rsquo;infanzia. Queste attivit\u00e0 consentono agli studenti di scoprire e sviluppare i propri talenti e passioni, incoraggiando la diversit\u00e0 e l&rsquo;eccellenza.<\/p>\n<p>2 linee di<strong> <a href=\"https:\/\/institutsaintdominique.fr\/it\/info-pratiche\/servizi\/trasporto-scolastico\/\">scuolabus <\/a><\/strong>attraversano la citt\u00e0 di Roma da e per St Dominique.<\/p>\n<\/p><\/div>\n<\/p><\/div>\n<\/p><\/div>\n<\/p><\/div>\n<\/div>\n<div class=\"bloctext bloctext--color1 bloctext--haspattern\" id=\"bloc_6_19\">\n<div class=\"container\">\n<div class=\"row\">\n<div class=\"col-12 col-lg-4 col-xl-3 mb-1\">\n<h2><span>Incontri Genitori &#8211; Professori<\/span><\/h2>\n<\/p><\/div>\n<div class=\"col-12 col-lg-8 col-xl-9\">\n<div class=\"text pl-lg-4\">\n<p>Gli incontri tra genitori e insegnanti avvengono secondo 3 modalit\u00e0 distinte e complementari:<\/p>\n<ul>\n<li>le riunioni del rientro (settembre)<\/li>\n<li>i consigli di classe (tramite i rappresentanti dei genitori)<\/li>\n<li>gli appuntamenti individuali (su richiesta)<\/li>\n<\/ul>\n<p>Il Coll\u00e8ge (scuola media) \u00e8 anche il momento di promuovere la crescita individuale perfezionando la propria capacit\u00e0 di relazionarsi con gli altri e con il mondo: gli incontri sportivi tra le scuole della rete Odyssey permettono di creare relazioni facili e durature con altri allievi di tutto il mondo iscritti agli Istituti affiliati all\u2019AEFE.<\/p>\n<\/p><\/div>\n<\/p><\/div>\n<\/p><\/div>\n<\/p><\/div>\n<\/div>\n<div class=\"bloctext bloctext--nocolor bloctext--haspattern\" id=\"bloc_6_20\">\n<div class=\"container\">\n<div class=\"row\">\n<div class=\"col-12 col-lg-4 col-xl-3 mb-1\">\n<h2><span>IL CONVITTO ST DOMINIQUE<\/span><\/h2>\n<\/p><\/div>\n<div class=\"col-12 col-lg-8 col-xl-9\">\n<div class=\"text pl-lg-4\">\n<p>La Boarding School St Dominique \u00e8 una scuola del mondo dell&rsquo;IB (International Baccalaureate). Il nostro campus eccezionale su 6 ettari in un ambiente sicuro e verde nel cuore di una citt\u00e0 ricca di storia, ci consente di ospitare un numero crescente di studenti al convitto e di implementare metodi di insegnamento e apprendimento avanzati. St Dominique propone:<\/p>\n<ul>\n<li><strong>Un&rsquo;educazione multilingue <\/strong><\/li>\n<li><strong>Un&rsquo;accompagnamento personalizzato<\/strong><\/li>\n<li><strong>Un programma culturale, sportivo ed artistico<\/strong><\/li>\n<\/ul>\n<p>Il nostro convitto si impegna a sviluppare un&rsquo;offerta educativa di qualit\u00e0, ricca anche di esperienze umane, acquisite attraverso una vita comunitaria che richiede attenzione e rispetto nel rapporto con gli altri.<\/p>\n<ul>\n<li><strong>Camere doppie o singole <\/strong><\/li>\n<li><strong>5\/7 giorni possibili in convitto<\/strong><\/li>\n<li><strong>1 decina di attivit\u00e0 culturali e sportive proposte<\/strong><\/li>\n<\/ul><\/div>\n<\/p><\/div>\n<\/p><\/div>\n<\/p><\/div>\n<\/div>\n<div class=\"blocsphotos blocsphotos--nocolor\" id=\"bloc_14_21\">\n<div class=\"container\">\n<div class=\"row\">\n<div class=\"col-6 col-md-3 mb-1 mb-md-0\">\n<div class=\"blocphoto\">\n\t\t\t\t\t<img decoding=\"async\" class=\"img-fluid img-rounded\" src=\"https:\/\/institutsaintdominique.fr\/wp-content\/uploads\/2024\/04\/ISD_Boarding-School_636-270x310.jpg\" width=\"\" height=\"\" alt=\"\">\n\t\t\t\t<\/div>\n<\/p><\/div>\n<div class=\"col-6 col-md-3 mb-1 mb-md-0\">\n<div class=\"blocphoto\">\n\t\t\t\t\t<img decoding=\"async\" class=\"img-fluid img-rounded\" src=\"https:\/\/institutsaintdominique.fr\/wp-content\/uploads\/2024\/04\/ISD_Boarding-School_686-270x310.jpg\" width=\"\" height=\"\" alt=\"\">\n\t\t\t\t<\/div>\n<\/p><\/div>\n<div class=\"col-6 col-md-3 mb-1 mb-md-0\">\n<div class=\"blocphoto\">\n\t\t\t\t\t<img decoding=\"async\" class=\"img-fluid img-rounded\" src=\"https:\/\/institutsaintdominique.fr\/wp-content\/uploads\/2024\/04\/ISD_Boarding-School_520-270x310.jpg\" width=\"\" height=\"\" alt=\"\">\n\t\t\t\t<\/div>\n<\/p><\/div>\n<div class=\"col-6 col-md-3 mb-1 mb-md-0\">\n<div class=\"blocphoto\">\n\t\t\t\t\t<img decoding=\"async\" class=\"img-fluid img-rounded\" src=\"https:\/\/institutsaintdominique.fr\/wp-content\/uploads\/2024\/04\/ISD_Boarding-School_733-270x310.jpg\" width=\"\" height=\"\" alt=\"\">\n\t\t\t\t<\/div>\n<\/p><\/div>\n<\/p><\/div>\n<\/p><\/div>\n<\/div>\n<div class=\"blocinfo blocinfo--color4\" id=\"bloc_10_22\">\n<div class=\"container\">\n<div class=\"row\">\n<div class=\"col-12 col-md-6\">\n<h2><span>Inizia oggi il tuo futuro!<\/span><\/h2>\n<p>Iscrizioni aperte tutto l&#8217;anno.<\/p>\n<p>\t\t\t\t<!-- Changer la classe de couleur du bouton en fonction de la couleur g\u00e9n\u00e9rale du bloc --><\/p>\n<div class=\"bloc_cta\" >\n\t<a href=\"https:\/\/institutsaintdominique.fr\/it\/ammissioni\/\" title=\"Iscriversi\" target=\"\" class=\"mr-3 btn btn--color4\">Iscriversi<\/a> \t\t\t\t<\/div>\n<\/p><\/div>\n<\/p><\/div>\n<\/p><\/div>\n<\/div>\n","protected":false},"excerpt":{"rendered":"<p>Scuola Media Un vero e proprio trampolino per il successo personale e accademico Iscriversi alle medie a St Dominique La [&hellip;]<\/p>\n","protected":false},"author":6,"featured_media":0,"parent":4088,"menu_order":120,"comment_status":"closed","ping_status":"closed","template":"","meta":{"_acf_changed":false,"kdcopypost-origin-url":"","kdcopypost-origin-id":"","footnotes":""},"class_list":["post-4094","page","type-page","status-publish","hentry"],"acf":[],"yoast_head":"<!-- This site is optimized with the Yoast SEO plugin v27.0 - https:\/\/yoast.com\/product\/yoast-seo-wordpress\/ -->\n<title>Scuola Media<\/title>\n<meta name=\"robots\" content=\"index, follow, max-snippet:-1, max-image-preview:large, max-video-preview:-1\" \/>\n<link rel=\"canonical\" href=\"https:\/\/institutsaintdominique.fr\/it\/curriculum-scolastico\/scuola-media\/\" \/>\n<meta property=\"og:locale\" content=\"it_IT\" \/>\n<meta property=\"og:type\" content=\"article\" \/>\n<meta property=\"og:title\" content=\"Scuola Media\" \/>\n<meta property=\"og:description\" content=\"Scuola Media Un vero e proprio trampolino per il successo personale e accademico Iscriversi alle medie a St Dominique La [&hellip;]\" \/>\n<meta property=\"og:url\" content=\"https:\/\/institutsaintdominique.fr\/it\/curriculum-scolastico\/scuola-media\/\" \/>\n<meta property=\"og:site_name\" content=\"ISD Rome\" \/>\n<meta property=\"article:modified_time\" content=\"2025-02-11T13:50:37+00:00\" \/>\n<meta property=\"og:image\" content=\"https:\/\/institutsaintdominique.fr\/wp-content\/uploads\/2024\/03\/Copie-de-Copie-de-_DSC4406-722x564.jpg\" \/>\n<meta name=\"twitter:card\" content=\"summary_large_image\" \/>\n<meta name=\"twitter:label1\" content=\"Tempo di lettura stimato\" \/>\n\t<meta name=\"twitter:data1\" content=\"10 minuti\" \/>\n<script type=\"application\/ld+json\" class=\"yoast-schema-graph\">{\"@context\":\"https:\/\/schema.org\",\"@graph\":[{\"@type\":\"WebPage\",\"@id\":\"https:\/\/institutsaintdominique.fr\/it\/curriculum-scolastico\/scuola-media\/\",\"url\":\"https:\/\/institutsaintdominique.fr\/it\/curriculum-scolastico\/scuola-media\/\",\"name\":\"Scuola Media\",\"isPartOf\":{\"@id\":\"https:\/\/institutsaintdominique.fr\/it\/#website\"},\"primaryImageOfPage\":{\"@id\":\"https:\/\/institutsaintdominique.fr\/it\/curriculum-scolastico\/scuola-media\/#primaryimage\"},\"image\":{\"@id\":\"https:\/\/institutsaintdominique.fr\/it\/curriculum-scolastico\/scuola-media\/#primaryimage\"},\"thumbnailUrl\":\"https:\/\/institutsaintdominique.fr\/wp-content\/uploads\/2024\/03\/Copie-de-Copie-de-_DSC4406-722x564.jpg\",\"datePublished\":\"2022-01-26T14:07:09+00:00\",\"dateModified\":\"2025-02-11T13:50:37+00:00\",\"breadcrumb\":{\"@id\":\"https:\/\/institutsaintdominique.fr\/it\/curriculum-scolastico\/scuola-media\/#breadcrumb\"},\"inLanguage\":\"it-IT\",\"potentialAction\":[{\"@type\":\"ReadAction\",\"target\":[\"https:\/\/institutsaintdominique.fr\/it\/curriculum-scolastico\/scuola-media\/\"]}]},{\"@type\":\"ImageObject\",\"inLanguage\":\"it-IT\",\"@id\":\"https:\/\/institutsaintdominique.fr\/it\/curriculum-scolastico\/scuola-media\/#primaryimage\",\"url\":\"https:\/\/institutsaintdominique.fr\/wp-content\/uploads\/2024\/03\/Copie-de-Copie-de-_DSC4406-722x564.jpg\",\"contentUrl\":\"https:\/\/institutsaintdominique.fr\/wp-content\/uploads\/2024\/03\/Copie-de-Copie-de-_DSC4406-722x564.jpg\"},{\"@type\":\"BreadcrumbList\",\"@id\":\"https:\/\/institutsaintdominique.fr\/it\/curriculum-scolastico\/scuola-media\/#breadcrumb\",\"itemListElement\":[{\"@type\":\"ListItem\",\"position\":1,\"name\":\"Accueil\",\"item\":\"https:\/\/institutsaintdominique.fr\/it\/\"},{\"@type\":\"ListItem\",\"position\":2,\"name\":\"Curriculum scolastico\",\"item\":\"https:\/\/institutsaintdominique.fr\/it\/curriculum-scolastico\/\"},{\"@type\":\"ListItem\",\"position\":3,\"name\":\"Scuola Media\"}]},{\"@type\":\"WebSite\",\"@id\":\"https:\/\/institutsaintdominique.fr\/it\/#website\",\"url\":\"https:\/\/institutsaintdominique.fr\/it\/\",\"name\":\"ISD Rome\",\"description\":\"ISD Rome\",\"potentialAction\":[{\"@type\":\"SearchAction\",\"target\":{\"@type\":\"EntryPoint\",\"urlTemplate\":\"https:\/\/institutsaintdominique.fr\/it\/?s={search_term_string}\"},\"query-input\":{\"@type\":\"PropertyValueSpecification\",\"valueRequired\":true,\"valueName\":\"search_term_string\"}}],\"inLanguage\":\"it-IT\"}]}<\/script>\n<!-- \/ Yoast SEO plugin. -->","yoast_head_json":{"title":"Scuola Media","robots":{"index":"index","follow":"follow","max-snippet":"max-snippet:-1","max-image-preview":"max-image-preview:large","max-video-preview":"max-video-preview:-1"},"canonical":"https:\/\/institutsaintdominique.fr\/it\/curriculum-scolastico\/scuola-media\/","og_locale":"it_IT","og_type":"article","og_title":"Scuola Media","og_description":"Scuola Media Un vero e proprio trampolino per il successo personale e accademico Iscriversi alle medie a St Dominique La [&hellip;]","og_url":"https:\/\/institutsaintdominique.fr\/it\/curriculum-scolastico\/scuola-media\/","og_site_name":"ISD Rome","article_modified_time":"2025-02-11T13:50:37+00:00","og_image":[{"url":"https:\/\/institutsaintdominique.fr\/wp-content\/uploads\/2024\/03\/Copie-de-Copie-de-_DSC4406-722x564.jpg","type":"","width":"","height":""}],"twitter_card":"summary_large_image","twitter_misc":{"Tempo di lettura stimato":"10 minuti"},"schema":{"@context":"https:\/\/schema.org","@graph":[{"@type":"WebPage","@id":"https:\/\/institutsaintdominique.fr\/it\/curriculum-scolastico\/scuola-media\/","url":"https:\/\/institutsaintdominique.fr\/it\/curriculum-scolastico\/scuola-media\/","name":"Scuola Media","isPartOf":{"@id":"https:\/\/institutsaintdominique.fr\/it\/#website"},"primaryImageOfPage":{"@id":"https:\/\/institutsaintdominique.fr\/it\/curriculum-scolastico\/scuola-media\/#primaryimage"},"image":{"@id":"https:\/\/institutsaintdominique.fr\/it\/curriculum-scolastico\/scuola-media\/#primaryimage"},"thumbnailUrl":"https:\/\/institutsaintdominique.fr\/wp-content\/uploads\/2024\/03\/Copie-de-Copie-de-_DSC4406-722x564.jpg","datePublished":"2022-01-26T14:07:09+00:00","dateModified":"2025-02-11T13:50:37+00:00","breadcrumb":{"@id":"https:\/\/institutsaintdominique.fr\/it\/curriculum-scolastico\/scuola-media\/#breadcrumb"},"inLanguage":"it-IT","potentialAction":[{"@type":"ReadAction","target":["https:\/\/institutsaintdominique.fr\/it\/curriculum-scolastico\/scuola-media\/"]}]},{"@type":"ImageObject","inLanguage":"it-IT","@id":"https:\/\/institutsaintdominique.fr\/it\/curriculum-scolastico\/scuola-media\/#primaryimage","url":"https:\/\/institutsaintdominique.fr\/wp-content\/uploads\/2024\/03\/Copie-de-Copie-de-_DSC4406-722x564.jpg","contentUrl":"https:\/\/institutsaintdominique.fr\/wp-content\/uploads\/2024\/03\/Copie-de-Copie-de-_DSC4406-722x564.jpg"},{"@type":"BreadcrumbList","@id":"https:\/\/institutsaintdominique.fr\/it\/curriculum-scolastico\/scuola-media\/#breadcrumb","itemListElement":[{"@type":"ListItem","position":1,"name":"Accueil","item":"https:\/\/institutsaintdominique.fr\/it\/"},{"@type":"ListItem","position":2,"name":"Curriculum scolastico","item":"https:\/\/institutsaintdominique.fr\/it\/curriculum-scolastico\/"},{"@type":"ListItem","position":3,"name":"Scuola Media"}]},{"@type":"WebSite","@id":"https:\/\/institutsaintdominique.fr\/it\/#website","url":"https:\/\/institutsaintdominique.fr\/it\/","name":"ISD Rome","description":"ISD Rome","potentialAction":[{"@type":"SearchAction","target":{"@type":"EntryPoint","urlTemplate":"https:\/\/institutsaintdominique.fr\/it\/?s={search_term_string}"},"query-input":{"@type":"PropertyValueSpecification","valueRequired":true,"valueName":"search_term_string"}}],"inLanguage":"it-IT"}]}},"_links":{"self":[{"href":"https:\/\/institutsaintdominique.fr\/it\/wp-json\/wp\/v2\/pages\/4094","targetHints":{"allow":["GET"]}}],"collection":[{"href":"https:\/\/institutsaintdominique.fr\/it\/wp-json\/wp\/v2\/pages"}],"about":[{"href":"https:\/\/institutsaintdominique.fr\/it\/wp-json\/wp\/v2\/types\/page"}],"author":[{"embeddable":true,"href":"https:\/\/institutsaintdominique.fr\/it\/wp-json\/wp\/v2\/users\/6"}],"replies":[{"embeddable":true,"href":"https:\/\/institutsaintdominique.fr\/it\/wp-json\/wp\/v2\/comments?post=4094"}],"version-history":[{"count":51,"href":"https:\/\/institutsaintdominique.fr\/it\/wp-json\/wp\/v2\/pages\/4094\/revisions"}],"predecessor-version":[{"id":24954,"href":"https:\/\/institutsaintdominique.fr\/it\/wp-json\/wp\/v2\/pages\/4094\/revisions\/24954"}],"up":[{"embeddable":true,"href":"https:\/\/institutsaintdominique.fr\/it\/wp-json\/wp\/v2\/pages\/4088"}],"wp:attachment":[{"href":"https:\/\/institutsaintdominique.fr\/it\/wp-json\/wp\/v2\/media?parent=4094"}],"curies":[{"name":"wp","href":"https:\/\/api.w.org\/{rel}","templated":true}]}}