{"id":4100,"date":"2022-01-26T17:02:06","date_gmt":"2022-01-26T16:02:06","guid":{"rendered":"https:\/\/institutsaintdominique.fr\/attivita-extrascolastiche\/"},"modified":"2024-10-15T16:54:46","modified_gmt":"2024-10-15T14:54:46","slug":"attivita-extrascolastiche","status":"publish","type":"page","link":"https:\/\/institutsaintdominique.fr\/it\/attivita-extrascolastiche\/","title":{"rendered":"Extrascolastico"},"content":{"rendered":"<p>\t\t\t\t<!-- avec ou sans CTA : m\u00eame code, \u00e7a centre verticalement le texte --><\/p>\n<div class=\"smallheader\" id=\"bloc_small_header_4\">\n<style type=\"text\/css\">\n\t\t\t\t\t\t\t#bloc_small_header_4 {background-image: url(https:\/\/institutsaintdominique.fr\/wp-content\/uploads\/2022\/01\/actvites-extrascolaires@2x-610x270.jpg);}\n\t\t\t\t\t\t\t@media (min-width: 480px) {\t#bloc_small_header_4 {background-image: url(https:\/\/institutsaintdominique.fr\/wp-content\/uploads\/2022\/01\/actvites-extrascolaires@2x-610x270.jpg);}}\n\t\t\t\t\t\t\t@media (min-width: 768px) {\t#bloc_small_header_4 {background-image: url(https:\/\/institutsaintdominique.fr\/wp-content\/uploads\/2022\/01\/actvites-extrascolaires@2x-1024x214.jpg);}}\n\t\t\t\t\t\t\t@media (min-width: 992px) { #bloc_small_header_4 {background-image: url(https:\/\/institutsaintdominique.fr\/wp-content\/uploads\/2022\/01\/actvites-extrascolaires@2x-1024x214.jpg);}}\n\t\t\t\t\t\t\t@media (min-width: 1200px) { #bloc_small_header_4 {background-image: url(https:\/\/institutsaintdominique.fr\/wp-content\/uploads\/2022\/01\/actvites-extrascolaires@2x-1536x322.jpg);}}\n\t\t\t\t\t\t<\/style>\n<div class=\"container d-flex flex-column justify-content-center align-items-start\">\n<h1><span>Attivit\u00e0 extrascolastiche<\/span><\/h1>\n<\/p><\/div>\n<\/p><\/div>\n<div class=\"cardscolors cardscolors--nocolor\" id=\"bloc_1_5\">\n<div class=\"container\">\n<div class=\"row mb-2\">\n<div class=\"col-12 col-lg-5 col-xl-4\">\n<h2><span>Attivit\u00e0<\/span><\/h2>\n<\/p><\/div>\n<div class=\"col-12 col-lg-7 col-xl-8\">\n<p>L&#8217;Institut International Saint-Dominique di Roma si impegna per promuovere ogni giorno la coesione di gruppo, proponendo svariate attivit\u00e0 nell\u2019arco dell\u2019anno scolastico. Le attivit\u00e0 extracurriculari estendono l\u2019apprendimento presso St Dominique attraverso l\u2019accesso allo sport, alle arti ed alla cultura. <\/p>\n<\/p><\/div>\n<\/p><\/div>\n<div class=\"row justify-content-center\">\n<div class=\"col-12 col-sm-6 col-lg-3 mb-2\">\n<div class=\"cardcolor d-flex flex-column\">\n\t\t\t\t\t\t\t<img decoding=\"async\" class=\"img-fluid\" src=\"https:\/\/institutsaintdominique.fr\/wp-content\/uploads\/2022\/01\/0152-372x300.jpg\" width=\"\" height=\"\" alt=\"\"><\/p>\n<div class=\"text d-flex flex-column justify-content-center align-self-stretch\">\n<div class=\"title d-flex flex-column justify-content-center\">\n<h4>Arti e Sport<\/h4>\n<\/p><\/div>\n<p>\t\t\t\t<a href=\"https:\/\/institutsaintdominique.fr\/it\/attivita-extrascolastiche\/accademia-dello-sport-e-delle-arti\/\" target=\"\" class=\"link\" rel=\"noopener\"> Scoprire<\/a>\n\t\t\t\t\t<\/div>\n<\/p><\/div>\n<\/p><\/div>\n<div class=\"col-12 col-sm-6 col-lg-3 mb-2\">\n<div class=\"cardcolor d-flex flex-column\">\n\t\t\t\t\t\t\t<img decoding=\"async\" class=\"img-fluid\" src=\"https:\/\/institutsaintdominique.fr\/wp-content\/uploads\/2024\/03\/DSC4760-1-372x300.jpg\" width=\"\" height=\"\" alt=\"\"><\/p>\n<div class=\"text d-flex flex-column justify-content-center align-self-stretch\">\n<div class=\"title d-flex flex-column justify-content-center\">\n<h4>Doposcuola e nursery<\/h4>\n<\/p><\/div>\n<p>\t\t\t\t<a href=\"https:\/\/institutsaintdominique.fr\/it\/attivita-extrascolastiche\/doposcuola-e-studio\/\" target=\"\" class=\"link\" rel=\"noopener\"> Scoprire<\/a>\n\t\t\t\t\t<\/div>\n<\/p><\/div>\n<\/p><\/div>\n<div class=\"col-12 col-sm-6 col-lg-3 mb-2\">\n<div class=\"cardcolor d-flex flex-column\">\n\t\t\t\t\t\t\t<img decoding=\"async\" class=\"img-fluid\" src=\"https:\/\/institutsaintdominique.fr\/wp-content\/uploads\/2022\/04\/0381-372x300.jpg\" width=\"\" height=\"\" alt=\"\"><\/p>\n<div class=\"text d-flex flex-column justify-content-center align-self-stretch\">\n<div class=\"title d-flex flex-column justify-content-center\">\n<h4>Holiday camps<\/h4>\n<\/p><\/div>\n<p>\t\t\t\t<a href=\"https:\/\/institutsaintdominique.fr\/it\/attivita-extrascolastiche\/holiday-camps\/\" target=\"\" class=\"link\" rel=\"noopener\"> Scoprire<\/a>\n\t\t\t\t\t<\/div>\n<\/p><\/div>\n<\/p><\/div>\n<div class=\"col-12 col-sm-6 col-lg-3 mb-2\">\n<div class=\"cardcolor d-flex flex-column\">\n\t\t\t\t\t\t\t<img decoding=\"async\" class=\"img-fluid\" src=\"https:\/\/institutsaintdominique.fr\/wp-content\/uploads\/2022\/01\/0227-scaled-372x300.jpg\" width=\"\" height=\"\" alt=\"\"><\/p>\n<div class=\"text d-flex flex-column justify-content-center align-self-stretch\">\n<div class=\"title d-flex flex-column justify-content-center\">\n<h4>Proposta Pastorale<\/h4>\n<\/p><\/div>\n<p>\t\t\t\t<a href=\"https:\/\/institutsaintdominique.fr\/it\/pedagogie\/vita-spirituale-e-pastorale\/\" target=\"\" class=\"link\" rel=\"noopener\"> Scoprire<\/a>\n\t\t\t\t\t<\/div>\n<\/p><\/div>\n<\/p><\/div>\n<\/p><\/div>\n<\/p><\/div>\n<\/div>\n<div class=\"blocinfo blocinfo--color4\" id=\"bloc_10_6\">\n<div class=\"container\">\n<div class=\"row\">\n<div class=\"col-12 col-md-6\">\n<h2><span> Hai bisogno di maggiori informazioni?<\/span><\/h2>\n<p> Il team dell&#8217;ufficio ammissioni \u00e8 a disposizione per rispondere a tutte le tue domande.<\/p>\n<p>\t\t\t\t<!-- Changer la classe de couleur du bouton en fonction de la couleur g\u00e9n\u00e9rale du bloc --><\/p>\n<div class=\"bloc_cta\" >\n\t<a href=\"https:\/\/institutsaintdominique.fr\/it\/contattaci\/\" title=\"Contattaci\" target=\"\" class=\"mr-3 btn btn--color4\" rel=\"noopener\">Contattaci<\/a> \t\t\t\t<\/div>\n<\/p><\/div>\n<\/p><\/div>\n<\/p><\/div>\n<\/div>\n","protected":false},"excerpt":{"rendered":"<p>Attivit\u00e0 extrascolastiche Attivit\u00e0 L&#8217;Institut International Saint-Dominique di Roma si impegna per promuovere ogni giorno la coesione di gruppo, proponendo svariate [&hellip;]<\/p>\n","protected":false},"author":6,"featured_media":0,"parent":0,"menu_order":150,"comment_status":"closed","ping_status":"closed","template":"","meta":{"_acf_changed":false,"kdcopypost-origin-url":"","kdcopypost-origin-id":"","footnotes":""},"class_list":["post-4100","page","type-page","status-publish","hentry"],"acf":[],"yoast_head":"<!-- This site is optimized with the Yoast SEO plugin v27.0 - https:\/\/yoast.com\/product\/yoast-seo-wordpress\/ -->\n<title>Attivit\u00e0 extrascolastiche<\/title>\n<meta name=\"robots\" content=\"index, follow, max-snippet:-1, max-image-preview:large, max-video-preview:-1\" \/>\n<link rel=\"canonical\" href=\"https:\/\/institutsaintdominique.fr\/it\/attivita-extrascolastiche\/\" \/>\n<meta property=\"og:locale\" content=\"it_IT\" \/>\n<meta property=\"og:type\" content=\"article\" \/>\n<meta property=\"og:title\" content=\"Attivit\u00e0 extrascolastiche\" \/>\n<meta property=\"og:description\" content=\"Attivit\u00e0 extrascolastiche Attivit\u00e0 L&#8217;Institut International Saint-Dominique di Roma si impegna per promuovere ogni giorno la coesione di gruppo, proponendo svariate [&hellip;]\" \/>\n<meta property=\"og:url\" content=\"https:\/\/institutsaintdominique.fr\/it\/attivita-extrascolastiche\/\" \/>\n<meta property=\"og:site_name\" content=\"ISD Rome\" \/>\n<meta property=\"article:modified_time\" content=\"2024-10-15T14:54:46+00:00\" \/>\n<meta property=\"og:image\" content=\"https:\/\/institutsaintdominique.fr\/wp-content\/uploads\/2022\/01\/0152-372x300.jpg\" \/>\n<meta name=\"twitter:card\" content=\"summary_large_image\" \/>\n<meta name=\"twitter:label1\" content=\"Tempo di lettura stimato\" \/>\n\t<meta name=\"twitter:data1\" content=\"3 minuti\" \/>\n<script type=\"application\/ld+json\" class=\"yoast-schema-graph\">{\"@context\":\"https:\/\/schema.org\",\"@graph\":[{\"@type\":\"WebPage\",\"@id\":\"https:\/\/institutsaintdominique.fr\/it\/attivita-extrascolastiche\/\",\"url\":\"https:\/\/institutsaintdominique.fr\/it\/attivita-extrascolastiche\/\",\"name\":\"Attivit\u00e0 extrascolastiche\",\"isPartOf\":{\"@id\":\"https:\/\/institutsaintdominique.fr\/it\/#website\"},\"primaryImageOfPage\":{\"@id\":\"https:\/\/institutsaintdominique.fr\/it\/attivita-extrascolastiche\/#primaryimage\"},\"image\":{\"@id\":\"https:\/\/institutsaintdominique.fr\/it\/attivita-extrascolastiche\/#primaryimage\"},\"thumbnailUrl\":\"https:\/\/institutsaintdominique.fr\/wp-content\/uploads\/2022\/01\/0152-372x300.jpg\",\"datePublished\":\"2022-01-26T16:02:06+00:00\",\"dateModified\":\"2024-10-15T14:54:46+00:00\",\"breadcrumb\":{\"@id\":\"https:\/\/institutsaintdominique.fr\/it\/attivita-extrascolastiche\/#breadcrumb\"},\"inLanguage\":\"it-IT\",\"potentialAction\":[{\"@type\":\"ReadAction\",\"target\":[\"https:\/\/institutsaintdominique.fr\/it\/attivita-extrascolastiche\/\"]}]},{\"@type\":\"ImageObject\",\"inLanguage\":\"it-IT\",\"@id\":\"https:\/\/institutsaintdominique.fr\/it\/attivita-extrascolastiche\/#primaryimage\",\"url\":\"https:\/\/institutsaintdominique.fr\/wp-content\/uploads\/2022\/01\/0152-372x300.jpg\",\"contentUrl\":\"https:\/\/institutsaintdominique.fr\/wp-content\/uploads\/2022\/01\/0152-372x300.jpg\"},{\"@type\":\"BreadcrumbList\",\"@id\":\"https:\/\/institutsaintdominique.fr\/it\/attivita-extrascolastiche\/#breadcrumb\",\"itemListElement\":[{\"@type\":\"ListItem\",\"position\":1,\"name\":\"Accueil\",\"item\":\"https:\/\/institutsaintdominique.fr\/it\/\"},{\"@type\":\"ListItem\",\"position\":2,\"name\":\"Extrascolastico\"}]},{\"@type\":\"WebSite\",\"@id\":\"https:\/\/institutsaintdominique.fr\/it\/#website\",\"url\":\"https:\/\/institutsaintdominique.fr\/it\/\",\"name\":\"ISD Rome\",\"description\":\"ISD Rome\",\"potentialAction\":[{\"@type\":\"SearchAction\",\"target\":{\"@type\":\"EntryPoint\",\"urlTemplate\":\"https:\/\/institutsaintdominique.fr\/it\/?s={search_term_string}\"},\"query-input\":{\"@type\":\"PropertyValueSpecification\",\"valueRequired\":true,\"valueName\":\"search_term_string\"}}],\"inLanguage\":\"it-IT\"}]}<\/script>\n<!-- \/ Yoast SEO plugin. -->","yoast_head_json":{"title":"Attivit\u00e0 extrascolastiche","robots":{"index":"index","follow":"follow","max-snippet":"max-snippet:-1","max-image-preview":"max-image-preview:large","max-video-preview":"max-video-preview:-1"},"canonical":"https:\/\/institutsaintdominique.fr\/it\/attivita-extrascolastiche\/","og_locale":"it_IT","og_type":"article","og_title":"Attivit\u00e0 extrascolastiche","og_description":"Attivit\u00e0 extrascolastiche Attivit\u00e0 L&#8217;Institut International Saint-Dominique di Roma si impegna per promuovere ogni giorno la coesione di gruppo, proponendo svariate [&hellip;]","og_url":"https:\/\/institutsaintdominique.fr\/it\/attivita-extrascolastiche\/","og_site_name":"ISD Rome","article_modified_time":"2024-10-15T14:54:46+00:00","og_image":[{"url":"https:\/\/institutsaintdominique.fr\/wp-content\/uploads\/2022\/01\/0152-372x300.jpg","type":"","width":"","height":""}],"twitter_card":"summary_large_image","twitter_misc":{"Tempo di lettura stimato":"3 minuti"},"schema":{"@context":"https:\/\/schema.org","@graph":[{"@type":"WebPage","@id":"https:\/\/institutsaintdominique.fr\/it\/attivita-extrascolastiche\/","url":"https:\/\/institutsaintdominique.fr\/it\/attivita-extrascolastiche\/","name":"Attivit\u00e0 extrascolastiche","isPartOf":{"@id":"https:\/\/institutsaintdominique.fr\/it\/#website"},"primaryImageOfPage":{"@id":"https:\/\/institutsaintdominique.fr\/it\/attivita-extrascolastiche\/#primaryimage"},"image":{"@id":"https:\/\/institutsaintdominique.fr\/it\/attivita-extrascolastiche\/#primaryimage"},"thumbnailUrl":"https:\/\/institutsaintdominique.fr\/wp-content\/uploads\/2022\/01\/0152-372x300.jpg","datePublished":"2022-01-26T16:02:06+00:00","dateModified":"2024-10-15T14:54:46+00:00","breadcrumb":{"@id":"https:\/\/institutsaintdominique.fr\/it\/attivita-extrascolastiche\/#breadcrumb"},"inLanguage":"it-IT","potentialAction":[{"@type":"ReadAction","target":["https:\/\/institutsaintdominique.fr\/it\/attivita-extrascolastiche\/"]}]},{"@type":"ImageObject","inLanguage":"it-IT","@id":"https:\/\/institutsaintdominique.fr\/it\/attivita-extrascolastiche\/#primaryimage","url":"https:\/\/institutsaintdominique.fr\/wp-content\/uploads\/2022\/01\/0152-372x300.jpg","contentUrl":"https:\/\/institutsaintdominique.fr\/wp-content\/uploads\/2022\/01\/0152-372x300.jpg"},{"@type":"BreadcrumbList","@id":"https:\/\/institutsaintdominique.fr\/it\/attivita-extrascolastiche\/#breadcrumb","itemListElement":[{"@type":"ListItem","position":1,"name":"Accueil","item":"https:\/\/institutsaintdominique.fr\/it\/"},{"@type":"ListItem","position":2,"name":"Extrascolastico"}]},{"@type":"WebSite","@id":"https:\/\/institutsaintdominique.fr\/it\/#website","url":"https:\/\/institutsaintdominique.fr\/it\/","name":"ISD Rome","description":"ISD Rome","potentialAction":[{"@type":"SearchAction","target":{"@type":"EntryPoint","urlTemplate":"https:\/\/institutsaintdominique.fr\/it\/?s={search_term_string}"},"query-input":{"@type":"PropertyValueSpecification","valueRequired":true,"valueName":"search_term_string"}}],"inLanguage":"it-IT"}]}},"_links":{"self":[{"href":"https:\/\/institutsaintdominique.fr\/it\/wp-json\/wp\/v2\/pages\/4100","targetHints":{"allow":["GET"]}}],"collection":[{"href":"https:\/\/institutsaintdominique.fr\/it\/wp-json\/wp\/v2\/pages"}],"about":[{"href":"https:\/\/institutsaintdominique.fr\/it\/wp-json\/wp\/v2\/types\/page"}],"author":[{"embeddable":true,"href":"https:\/\/institutsaintdominique.fr\/it\/wp-json\/wp\/v2\/users\/6"}],"replies":[{"embeddable":true,"href":"https:\/\/institutsaintdominique.fr\/it\/wp-json\/wp\/v2\/comments?post=4100"}],"version-history":[{"count":18,"href":"https:\/\/institutsaintdominique.fr\/it\/wp-json\/wp\/v2\/pages\/4100\/revisions"}],"predecessor-version":[{"id":24222,"href":"https:\/\/institutsaintdominique.fr\/it\/wp-json\/wp\/v2\/pages\/4100\/revisions\/24222"}],"wp:attachment":[{"href":"https:\/\/institutsaintdominique.fr\/it\/wp-json\/wp\/v2\/media?parent=4100"}],"curies":[{"name":"wp","href":"https:\/\/api.w.org\/{rel}","templated":true}]}}