{"id":4114,"date":"2022-01-27T17:13:25","date_gmt":"2022-01-27T16:13:25","guid":{"rendered":"https:\/\/institutsaintdominique.fr\/informazione\/servizi\/trasporto-scolastico\/"},"modified":"2025-12-09T15:14:06","modified_gmt":"2025-12-09T14:14:06","slug":"trasporto-scolastico","status":"publish","type":"page","link":"https:\/\/institutsaintdominique.fr\/it\/info-pratiche\/servizi\/trasporto-scolastico\/","title":{"rendered":"Trasporto Scolastico"},"content":{"rendered":"<p>\t\t\t\t<!-- avec ou sans CTA : m\u00eame code, \u00e7a centre verticalement le texte --><\/p>\n<div class=\"smallheader\" id=\"bloc_small_header_5\">\n<style type=\"text\/css\">\n\t\t\t\t\t\t\t#bloc_small_header_5 {background-image: url(https:\/\/institutsaintdominique.fr\/wp-content\/uploads\/2022\/01\/bus-scolaire@2x-610x270.jpg);}\n\t\t\t\t\t\t\t@media (min-width: 480px) {\t#bloc_small_header_5 {background-image: url(https:\/\/institutsaintdominique.fr\/wp-content\/uploads\/2022\/01\/bus-scolaire@2x-610x270.jpg);}}\n\t\t\t\t\t\t\t@media (min-width: 768px) {\t#bloc_small_header_5 {background-image: url(https:\/\/institutsaintdominique.fr\/wp-content\/uploads\/2022\/01\/bus-scolaire@2x-1024x214.jpg);}}\n\t\t\t\t\t\t\t@media (min-width: 992px) { #bloc_small_header_5 {background-image: url(https:\/\/institutsaintdominique.fr\/wp-content\/uploads\/2022\/01\/bus-scolaire@2x-1024x214.jpg);}}\n\t\t\t\t\t\t\t@media (min-width: 1200px) { #bloc_small_header_5 {background-image: url(https:\/\/institutsaintdominique.fr\/wp-content\/uploads\/2022\/01\/bus-scolaire@2x-1536x322.jpg);}}\n\t\t\t\t\t\t<\/style>\n<div class=\"container d-flex flex-column justify-content-center align-items-start\">\n<h1><span>Trasporto Scolastico<\/span><\/h1>\n<\/p><\/div>\n<\/p><\/div>\n<div class=\"bloctext bloctext--nocolor bloctext--haspattern\" id=\"bloc_6_6\">\n<div class=\"container\">\n<div class=\"row\">\n<div class=\"col-12 col-lg-4 col-xl-3 mb-1\">\n<h2><span>Lo scuolabus<\/span><\/h2>\n<\/p><\/div>\n<div class=\"col-12 col-lg-8 col-xl-9\">\n<div class=\"text pl-lg-4\">\n<p><strong>2 linee di autobus percorrono la citt\u00e0 di Roma<\/strong> con la possibilit\u00e0 di aprirne una terza poich\u00e9 i percorsi sono studiati secondo i desideri delle famiglie. Lo scuolabus propone tratte operative dal luned\u00ec al venerd\u00ec, per facilitare i tragitti quotidiani delle nostre famiglie.<\/p>\n<p><strong>Sono disponibili diverse tariffe:<\/strong><\/p>\n<ul>\n<li>Il servizio completo (5 andata e ritorno)<\/li>\n<li>Solo 5 andate o 5 ritorni<\/li>\n<li>5 andate + alcuni ritorni (basati sugli orari degli studenti delle scuole superiori)<\/li>\n<li>Tragitti puntuali (a seconda del riempimento del bus)<\/li>\n<\/ul>\n<p>Questo servizio pu\u00f2 essere preso in carico dalla borsa scolastica dell\u2019AEFE, riservata esclusivamente ai Francesi residenti in Italia.<\/p>\n<\/p><\/div>\n<\/p><\/div>\n<\/p><\/div>\n<\/p><\/div>\n<\/div>\n<div class=\"blocmedia blocmedia--textright blocmedia--color4\" id=\"bloc_2_7\">\n<div class=\"container\">\n<div class=\"row\">\n<div class=\"col-12 col-md-6\">\n<div class=\"slider\">\n<div id=\"slider-bloc_2_7\" class=\"flexslider flexslider--blocmedia loading\">\n<ul class=\"slides list-unstyled\">\n<li class=\"slider-li\">\n\t\t\t\t\t\t\t\t\t\t     \t<a data-fancybox=\"rel-slider-bloc_2_7\" data-caption=\"\" href=\"https:\/\/institutsaintdominique.fr\/wp-content\/uploads\/2024\/09\/L1-589x564.png\"><br \/>\n\t\t\t\t\t\t\t\t\t\t\t\t\t<img decoding=\"async\" class=\"img-fluid\" src=\"https:\/\/institutsaintdominique.fr\/wp-content\/uploads\/2024\/09\/L1-589x564.png\" width=\"\" height=\"\" alt=\"\"><br \/>\n\t\t\t\t\t\t\t\t\t\t\t\t<\/a>\n\t\t\t\t\t\t\t\t\t\t     <\/li>\n<\/ul><\/div>\n<\/p><\/div>\n<\/p><\/div>\n<div class=\"col-12 col-md-5 d-flex flex-column justify-content-center align-items-start mb-2 mb-md-0\">\n<div class=\"text\">\n<h2><span>Linea 1<\/span><\/h2>\n<p>VIA LUIGI GALLO &#8211; VIALE DELLE MEDAGLIE D&#8217;ORO &#8211; VIA COLA DI RIENZO &#8211; VIA DI SAN VALENTINO &#8211; PIAZZALE CARDINALE CONSALVI &#8211; VIA GIULIO ROMANO &#8211; CORSO FRANCIA &#8211; VIA DI VIGNA STELLUTI &#8211; VIA GEROLAMO BELLONI &#8211; VIA DELLA FARNESINA &#8211; VIA DELLA FARNESINA &#8211; VIA CASSIA\n<\/p>\n<p>\t\t\t\t\t\t<!-- Changer la classe de couleur du bouton en fonction de la couleur g\u00e9n\u00e9rale du bloc --><\/p>\n<div class=\"bloc_cta\" ><\/div>\n<\/p><\/div>\n<\/p><\/div>\n<\/p><\/div>\n<\/p><\/div>\n<\/div>\n<div class=\"blocmedia blocmedia--textright blocmedia--color4\" id=\"bloc_2_8\">\n<div class=\"container\">\n<div class=\"row\">\n<div class=\"col-12 col-md-6\">\n<div class=\"slider\">\n<div id=\"slider-bloc_2_8\" class=\"flexslider flexslider--blocmedia loading\">\n<ul class=\"slides list-unstyled\">\n<li class=\"slider-li\">\n\t\t\t\t\t\t\t\t\t\t     \t<a data-fancybox=\"rel-slider-bloc_2_8\" data-caption=\"\" href=\"https:\/\/institutsaintdominique.fr\/wp-content\/uploads\/2024\/09\/L2.png\"><br \/>\n\t\t\t\t\t\t\t\t\t\t\t\t\t<img decoding=\"async\" class=\"img-fluid\" src=\"https:\/\/institutsaintdominique.fr\/wp-content\/uploads\/2024\/09\/L2.png\" width=\"\" height=\"\" alt=\"\"><br \/>\n\t\t\t\t\t\t\t\t\t\t\t\t<\/a>\n\t\t\t\t\t\t\t\t\t\t     <\/li>\n<\/ul><\/div>\n<\/p><\/div>\n<\/p><\/div>\n<div class=\"col-12 col-md-5 d-flex flex-column justify-content-center align-items-start mb-2 mb-md-0\">\n<div class=\"text\">\n<h2><span>Linea 2<\/span><\/h2>\n<p>VIA WOLF FERRARI &#8211; PANORAMA BOCCEA &#8211; VIA TIBET<\/p>\n<p>\t\t\t\t\t\t<!-- Changer la classe de couleur du bouton en fonction de la couleur g\u00e9n\u00e9rale du bloc --><\/p>\n<div class=\"bloc_cta\" ><\/div>\n<\/p><\/div>\n<\/p><\/div>\n<\/p><\/div>\n<\/p><\/div>\n<\/div>\n","protected":false},"excerpt":{"rendered":"<p>Trasporto Scolastico Lo scuolabus 2 linee di autobus percorrono la citt\u00e0 di Roma con la possibilit\u00e0 di aprirne una terza [&hellip;]<\/p>\n","protected":false},"author":6,"featured_media":0,"parent":4112,"menu_order":220,"comment_status":"closed","ping_status":"closed","template":"","meta":{"_acf_changed":false,"kdcopypost-origin-url":"","kdcopypost-origin-id":"","footnotes":""},"class_list":["post-4114","page","type-page","status-publish","hentry"],"acf":[],"yoast_head":"<!-- This site is optimized with the Yoast SEO plugin v27.0 - https:\/\/yoast.com\/product\/yoast-seo-wordpress\/ -->\n<title>Trasporto Scolastico<\/title>\n<meta name=\"robots\" content=\"index, follow, max-snippet:-1, max-image-preview:large, max-video-preview:-1\" \/>\n<link rel=\"canonical\" href=\"https:\/\/institutsaintdominique.fr\/it\/info-pratiche\/servizi\/trasporto-scolastico\/\" \/>\n<meta property=\"og:locale\" content=\"it_IT\" \/>\n<meta property=\"og:type\" content=\"article\" \/>\n<meta property=\"og:title\" content=\"Trasporto Scolastico\" \/>\n<meta property=\"og:description\" content=\"Trasporto Scolastico Lo scuolabus 2 linee di autobus percorrono la citt\u00e0 di Roma con la possibilit\u00e0 di aprirne una terza [&hellip;]\" \/>\n<meta property=\"og:url\" content=\"https:\/\/institutsaintdominique.fr\/it\/info-pratiche\/servizi\/trasporto-scolastico\/\" \/>\n<meta property=\"og:site_name\" content=\"ISD Rome\" \/>\n<meta property=\"article:modified_time\" content=\"2025-12-09T14:14:06+00:00\" \/>\n<meta property=\"og:image\" content=\"https:\/\/institutsaintdominique.fr\/wp-content\/uploads\/2024\/09\/L1-589x564.png\" \/>\n<meta name=\"twitter:card\" content=\"summary_large_image\" \/>\n<meta name=\"twitter:label1\" content=\"Tempo di lettura stimato\" \/>\n\t<meta name=\"twitter:data1\" content=\"3 minuti\" \/>\n<script type=\"application\/ld+json\" class=\"yoast-schema-graph\">{\"@context\":\"https:\/\/schema.org\",\"@graph\":[{\"@type\":\"WebPage\",\"@id\":\"https:\/\/institutsaintdominique.fr\/it\/info-pratiche\/servizi\/trasporto-scolastico\/\",\"url\":\"https:\/\/institutsaintdominique.fr\/it\/info-pratiche\/servizi\/trasporto-scolastico\/\",\"name\":\"Trasporto Scolastico\",\"isPartOf\":{\"@id\":\"https:\/\/institutsaintdominique.fr\/it\/#website\"},\"primaryImageOfPage\":{\"@id\":\"https:\/\/institutsaintdominique.fr\/it\/info-pratiche\/servizi\/trasporto-scolastico\/#primaryimage\"},\"image\":{\"@id\":\"https:\/\/institutsaintdominique.fr\/it\/info-pratiche\/servizi\/trasporto-scolastico\/#primaryimage\"},\"thumbnailUrl\":\"https:\/\/institutsaintdominique.fr\/wp-content\/uploads\/2024\/09\/L1-589x564.png\",\"datePublished\":\"2022-01-27T16:13:25+00:00\",\"dateModified\":\"2025-12-09T14:14:06+00:00\",\"breadcrumb\":{\"@id\":\"https:\/\/institutsaintdominique.fr\/it\/info-pratiche\/servizi\/trasporto-scolastico\/#breadcrumb\"},\"inLanguage\":\"it-IT\",\"potentialAction\":[{\"@type\":\"ReadAction\",\"target\":[\"https:\/\/institutsaintdominique.fr\/it\/info-pratiche\/servizi\/trasporto-scolastico\/\"]}]},{\"@type\":\"ImageObject\",\"inLanguage\":\"it-IT\",\"@id\":\"https:\/\/institutsaintdominique.fr\/it\/info-pratiche\/servizi\/trasporto-scolastico\/#primaryimage\",\"url\":\"https:\/\/institutsaintdominique.fr\/wp-content\/uploads\/2024\/09\/L1-589x564.png\",\"contentUrl\":\"https:\/\/institutsaintdominique.fr\/wp-content\/uploads\/2024\/09\/L1-589x564.png\"},{\"@type\":\"BreadcrumbList\",\"@id\":\"https:\/\/institutsaintdominique.fr\/it\/info-pratiche\/servizi\/trasporto-scolastico\/#breadcrumb\",\"itemListElement\":[{\"@type\":\"ListItem\",\"position\":1,\"name\":\"Accueil\",\"item\":\"https:\/\/institutsaintdominique.fr\/it\/\"},{\"@type\":\"ListItem\",\"position\":2,\"name\":\"Informazioni\",\"item\":\"https:\/\/institutsaintdominique.fr\/it\/info-pratiche\/\"},{\"@type\":\"ListItem\",\"position\":3,\"name\":\"Servizi\",\"item\":\"https:\/\/institutsaintdominique.fr\/it\/info-pratiche\/servizi\/\"},{\"@type\":\"ListItem\",\"position\":4,\"name\":\"Trasporto Scolastico\"}]},{\"@type\":\"WebSite\",\"@id\":\"https:\/\/institutsaintdominique.fr\/it\/#website\",\"url\":\"https:\/\/institutsaintdominique.fr\/it\/\",\"name\":\"ISD Rome\",\"description\":\"ISD Rome\",\"potentialAction\":[{\"@type\":\"SearchAction\",\"target\":{\"@type\":\"EntryPoint\",\"urlTemplate\":\"https:\/\/institutsaintdominique.fr\/it\/?s={search_term_string}\"},\"query-input\":{\"@type\":\"PropertyValueSpecification\",\"valueRequired\":true,\"valueName\":\"search_term_string\"}}],\"inLanguage\":\"it-IT\"}]}<\/script>\n<!-- \/ Yoast SEO plugin. -->","yoast_head_json":{"title":"Trasporto Scolastico","robots":{"index":"index","follow":"follow","max-snippet":"max-snippet:-1","max-image-preview":"max-image-preview:large","max-video-preview":"max-video-preview:-1"},"canonical":"https:\/\/institutsaintdominique.fr\/it\/info-pratiche\/servizi\/trasporto-scolastico\/","og_locale":"it_IT","og_type":"article","og_title":"Trasporto Scolastico","og_description":"Trasporto Scolastico Lo scuolabus 2 linee di autobus percorrono la citt\u00e0 di Roma con la possibilit\u00e0 di aprirne una terza [&hellip;]","og_url":"https:\/\/institutsaintdominique.fr\/it\/info-pratiche\/servizi\/trasporto-scolastico\/","og_site_name":"ISD Rome","article_modified_time":"2025-12-09T14:14:06+00:00","og_image":[{"url":"https:\/\/institutsaintdominique.fr\/wp-content\/uploads\/2024\/09\/L1-589x564.png","type":"","width":"","height":""}],"twitter_card":"summary_large_image","twitter_misc":{"Tempo di lettura stimato":"3 minuti"},"schema":{"@context":"https:\/\/schema.org","@graph":[{"@type":"WebPage","@id":"https:\/\/institutsaintdominique.fr\/it\/info-pratiche\/servizi\/trasporto-scolastico\/","url":"https:\/\/institutsaintdominique.fr\/it\/info-pratiche\/servizi\/trasporto-scolastico\/","name":"Trasporto Scolastico","isPartOf":{"@id":"https:\/\/institutsaintdominique.fr\/it\/#website"},"primaryImageOfPage":{"@id":"https:\/\/institutsaintdominique.fr\/it\/info-pratiche\/servizi\/trasporto-scolastico\/#primaryimage"},"image":{"@id":"https:\/\/institutsaintdominique.fr\/it\/info-pratiche\/servizi\/trasporto-scolastico\/#primaryimage"},"thumbnailUrl":"https:\/\/institutsaintdominique.fr\/wp-content\/uploads\/2024\/09\/L1-589x564.png","datePublished":"2022-01-27T16:13:25+00:00","dateModified":"2025-12-09T14:14:06+00:00","breadcrumb":{"@id":"https:\/\/institutsaintdominique.fr\/it\/info-pratiche\/servizi\/trasporto-scolastico\/#breadcrumb"},"inLanguage":"it-IT","potentialAction":[{"@type":"ReadAction","target":["https:\/\/institutsaintdominique.fr\/it\/info-pratiche\/servizi\/trasporto-scolastico\/"]}]},{"@type":"ImageObject","inLanguage":"it-IT","@id":"https:\/\/institutsaintdominique.fr\/it\/info-pratiche\/servizi\/trasporto-scolastico\/#primaryimage","url":"https:\/\/institutsaintdominique.fr\/wp-content\/uploads\/2024\/09\/L1-589x564.png","contentUrl":"https:\/\/institutsaintdominique.fr\/wp-content\/uploads\/2024\/09\/L1-589x564.png"},{"@type":"BreadcrumbList","@id":"https:\/\/institutsaintdominique.fr\/it\/info-pratiche\/servizi\/trasporto-scolastico\/#breadcrumb","itemListElement":[{"@type":"ListItem","position":1,"name":"Accueil","item":"https:\/\/institutsaintdominique.fr\/it\/"},{"@type":"ListItem","position":2,"name":"Informazioni","item":"https:\/\/institutsaintdominique.fr\/it\/info-pratiche\/"},{"@type":"ListItem","position":3,"name":"Servizi","item":"https:\/\/institutsaintdominique.fr\/it\/info-pratiche\/servizi\/"},{"@type":"ListItem","position":4,"name":"Trasporto Scolastico"}]},{"@type":"WebSite","@id":"https:\/\/institutsaintdominique.fr\/it\/#website","url":"https:\/\/institutsaintdominique.fr\/it\/","name":"ISD Rome","description":"ISD Rome","potentialAction":[{"@type":"SearchAction","target":{"@type":"EntryPoint","urlTemplate":"https:\/\/institutsaintdominique.fr\/it\/?s={search_term_string}"},"query-input":{"@type":"PropertyValueSpecification","valueRequired":true,"valueName":"search_term_string"}}],"inLanguage":"it-IT"}]}},"_links":{"self":[{"href":"https:\/\/institutsaintdominique.fr\/it\/wp-json\/wp\/v2\/pages\/4114","targetHints":{"allow":["GET"]}}],"collection":[{"href":"https:\/\/institutsaintdominique.fr\/it\/wp-json\/wp\/v2\/pages"}],"about":[{"href":"https:\/\/institutsaintdominique.fr\/it\/wp-json\/wp\/v2\/types\/page"}],"author":[{"embeddable":true,"href":"https:\/\/institutsaintdominique.fr\/it\/wp-json\/wp\/v2\/users\/6"}],"replies":[{"embeddable":true,"href":"https:\/\/institutsaintdominique.fr\/it\/wp-json\/wp\/v2\/comments?post=4114"}],"version-history":[{"count":42,"href":"https:\/\/institutsaintdominique.fr\/it\/wp-json\/wp\/v2\/pages\/4114\/revisions"}],"predecessor-version":[{"id":26903,"href":"https:\/\/institutsaintdominique.fr\/it\/wp-json\/wp\/v2\/pages\/4114\/revisions\/26903"}],"up":[{"embeddable":true,"href":"https:\/\/institutsaintdominique.fr\/it\/wp-json\/wp\/v2\/pages\/4112"}],"wp:attachment":[{"href":"https:\/\/institutsaintdominique.fr\/it\/wp-json\/wp\/v2\/media?parent=4114"}],"curies":[{"name":"wp","href":"https:\/\/api.w.org\/{rel}","templated":true}]}}