{"id":4118,"date":"2022-01-27T18:04:29","date_gmt":"2022-01-27T17:04:29","guid":{"rendered":"https:\/\/institutsaintdominique.fr\/informazione\/servizi\/scuola-inclusiva\/"},"modified":"2024-10-15T17:10:04","modified_gmt":"2024-10-15T15:10:04","slug":"scuola-inclusiva","status":"publish","type":"page","link":"https:\/\/institutsaintdominique.fr\/it\/info-pratiche\/servizi\/scuola-inclusiva\/","title":{"rendered":"Scuola Inclusiva"},"content":{"rendered":"<p>\t\t\t\t<!-- avec ou sans CTA : m\u00eame code, \u00e7a centre verticalement le texte --><\/p>\n<div class=\"smallheader\" id=\"bloc_small_header_8\">\n<style type=\"text\/css\">\n\t\t\t\t\t\t\t#bloc_small_header_8 {background-image: url(https:\/\/institutsaintdominique.fr\/wp-content\/uploads\/2024\/04\/ISD_College_164-610x270.jpg);}\n\t\t\t\t\t\t\t@media (min-width: 480px) {\t#bloc_small_header_8 {background-image: url(https:\/\/institutsaintdominique.fr\/wp-content\/uploads\/2024\/04\/ISD_College_164-610x270.jpg);}}\n\t\t\t\t\t\t\t@media (min-width: 768px) {\t#bloc_small_header_8 {background-image: url(https:\/\/institutsaintdominique.fr\/wp-content\/uploads\/2024\/04\/ISD_College_164-1024x683.jpg);}}\n\t\t\t\t\t\t\t@media (min-width: 992px) { #bloc_small_header_8 {background-image: url(https:\/\/institutsaintdominique.fr\/wp-content\/uploads\/2024\/04\/ISD_College_164-1024x683.jpg);}}\n\t\t\t\t\t\t\t@media (min-width: 1200px) { #bloc_small_header_8 {background-image: url(https:\/\/institutsaintdominique.fr\/wp-content\/uploads\/2024\/04\/ISD_College_164-1536x1024.jpg);}}\n\t\t\t\t\t\t<\/style>\n<div class=\"container d-flex flex-column justify-content-center align-items-start\">\n<h1><span>Scuola Inclusiva<\/span><\/h1>\n<\/p><\/div>\n<\/p><\/div>\n<div class=\"bloctext bloctext--color4 bloctext--haspattern\" id=\"bloc_6_9\">\n<div class=\"container\">\n<div class=\"row\">\n<div class=\"col-12 col-lg-4 col-xl-3 mb-1\">\n<h2><span>Pari opportunit\u00e0<\/span><\/h2>\n<\/p><\/div>\n<div class=\"col-12 col-lg-8 col-xl-9\">\n<div class=\"text pl-lg-4\">\n<p><span data-sheets-root=\"1\">L&rsquo;Institut International Saint-Dominique di Roma <\/span>proporre un accompagnamento attento al fine di tutelare la salute fisica e psicologica degli alunni e del personale con la presenza quotidiana di un&rsquo;infermiera e di una psicologa che lavorano in stretta collaborazione con il gruppo docente per garantire un follow-up personalizzato e intervengono direttamente in classe con sessioni di prevenzione e temi legati alla salute e alla psicologia.<\/p>\n<\/p><\/div>\n<\/p><\/div>\n<\/p><\/div>\n<\/p><\/div>\n<\/div>\n<div class=\"bloctext bloctext--nocolor bloctext--haspattern\" id=\"bloc_6_10\">\n<div class=\"container\">\n<div class=\"row\">\n<div class=\"col-12 col-lg-4 col-xl-3 mb-1\">\n<h2><span>Spazio salute<\/span><\/h2>\n<\/p><\/div>\n<div class=\"col-12 col-lg-8 col-xl-9\">\n<div class=\"text pl-lg-4\">\n<p>Lo Spazio Salute dell<span data-sheets-root=\"1\">&lsquo;Institut International Saint-Dominique di Roma<\/span> \u00e8 un luogo di accoglienza, ascolto, supporto e primo soccorso sotto la supervisione di un&rsquo;infermiera scolastica.<\/p>\n<p>Infermiera presso St Dominique significa promuovere il successo degli alunni supportandoli in un ambiente armonioso, dove sono incoraggiati a diventare attori responsabili durante tutta la loro scolarit\u00e0. \u00c8 vincolato dal segreto professionale.<\/p>\n<\/p><\/div>\n<\/p><\/div>\n<\/p><\/div>\n<\/p><\/div>\n<\/div>\n<div class=\"carouseltexts carouseltexts--color2\" id=\"bloc_9_11\">\n<div class=\"container\">\n<h2><span>Missioni<\/span><\/h2>\n<p class=\"mb-2 mb-md-4\">\n<div class=\"row\">\n<div class=\"col-12\">\n<div id=\"carousel-2\" class=\"flexslider flexslider--carouseltexts\">\n<ul class=\"slides list-unstyled\">\n<li class=\"slider-li\">\n<div class=\"cardtext\">\n<div class=\"text\">\n<blockquote><p>\n\t\t\t\t\t    \t\t\t\t<strong><\/strong><\/p>\n<p>Accogliere, ascoltare, sostenere gli studenti con empatia. <br \/>\nCollaborare con la psicologa, la logopedista e il team educativo per monitorare gli alunni con bisogni speciali. Presenza per le famiglie.<\/p>\n<\/blockquote>\n<p>\t\t\t\t\t    \t\t\t<cite class=\"author\"><br \/>\n\t\t\t\t\t\t\t\t\t\t<img decoding=\"async\" src=\"https:\/\/institutsaintdominique.fr\/wp-content\/uploads\/2022\/01\/inclusive-150x150.png\" alt=\"\" width=\"58\" height=\"58\"><\/p>\n<div>\n\t\t\t\t\t\t\t\t\t\t\t<strong><\/strong><br \/>\n\t\t\t\t\t\t\t\t\t\t\t<span><\/span>\n\t\t\t\t\t\t\t\t\t\t<\/div>\n<p>\t\t\t\t\t\t\t\t\t<\/cite><\/p><\/div>\n<\/p><\/div>\n<\/li>\n<li class=\"slider-li\">\n<div class=\"cardtext\">\n<div class=\"text\">\n<blockquote><p>\n\t\t\t\t\t    \t\t\t\t<strong><\/strong><\/p>\n<p>Organizzare l&#8217;assistenza (attuazione dell&#8217;assistenza infermieristica sotto la sua responsabilit\u00e0 e applicazione delle prescrizioni mediche) e le emergenze (sintomi acuti, incidenti, protezione dei bambini). <br \/>\nOrganizzare il monitoraggio dello stato di salute degli alunni.<\/p>\n<\/blockquote>\n<p>\t\t\t\t\t    \t\t\t<cite class=\"author\"><br \/>\n\t\t\t\t\t\t\t\t\t\t<img decoding=\"async\" src=\"https:\/\/institutsaintdominique.fr\/wp-content\/uploads\/2022\/01\/inclusive-150x150.png\" alt=\"\" width=\"58\" height=\"58\"><\/p>\n<div>\n\t\t\t\t\t\t\t\t\t\t\t<strong><\/strong><br \/>\n\t\t\t\t\t\t\t\t\t\t\t<span><\/span>\n\t\t\t\t\t\t\t\t\t\t<\/div>\n<p>\t\t\t\t\t\t\t\t\t<\/cite><\/p><\/div>\n<\/p><\/div>\n<\/li>\n<li class=\"slider-li\">\n<div class=\"cardtext\">\n<div class=\"text\">\n<blockquote><p>\n\t\t\t\t\t    \t\t\t\t<strong><\/strong><\/p>\n<p>Partecipare all&#8217;educazione sanitaria e svolgere azioni preventive.<br \/>\nContribuire all&#8217;integrazione scolastica di bambini, adolescenti, disabili e\/o affetti da problemi di salute che si evolvono in un lungo periodo.<\/p>\n<\/blockquote>\n<p>\t\t\t\t\t    \t\t\t<cite class=\"author\"><br \/>\n\t\t\t\t\t\t\t\t\t\t<img decoding=\"async\" src=\"https:\/\/institutsaintdominique.fr\/wp-content\/uploads\/2022\/01\/inclusive-150x150.png\" alt=\"\" width=\"58\" height=\"58\"><\/p>\n<div>\n\t\t\t\t\t\t\t\t\t\t\t<strong><\/strong><br \/>\n\t\t\t\t\t\t\t\t\t\t\t<span><\/span>\n\t\t\t\t\t\t\t\t\t\t<\/div>\n<p>\t\t\t\t\t\t\t\t\t<\/cite><\/p><\/div>\n<\/p><\/div>\n<\/li>\n<li class=\"slider-li\">\n<div class=\"cardtext\">\n<div class=\"text\">\n<blockquote><p>\n\t\t\t\t\t    \t\t\t\t<strong><\/strong><\/p>\n<p>Una logopedista \u00e8 presente presso St Dominique per svolgere valutazioni logopediche o sedute riabilitative: riabilitazione dei disturbi del linguaggio orale e scritto, riabilitazione della voce e della balbuzie e riabilitazione dei disturbi del calcolo e del ragionamento logico e dei disturbi della memoria.<\/p>\n<\/blockquote>\n<p>\t\t\t\t\t    \t\t\t<cite class=\"author\"><br \/>\n\t\t\t\t\t\t\t\t\t\t<img decoding=\"async\" src=\"https:\/\/institutsaintdominique.fr\/wp-content\/uploads\/2022\/01\/inclusive-150x150.png\" alt=\"\" width=\"58\" height=\"58\"><\/p>\n<div>\n\t\t\t\t\t\t\t\t\t\t\t<strong><\/strong><br \/>\n\t\t\t\t\t\t\t\t\t\t\t<span><\/span>\n\t\t\t\t\t\t\t\t\t\t<\/div>\n<p>\t\t\t\t\t\t\t\t\t<\/cite><\/p><\/div>\n<\/p><\/div>\n<\/li>\n<\/ul><\/div>\n<\/p><\/div>\n<\/p><\/div>\n<\/p><\/div>\n<\/div>\n<div class=\"bloctext bloctext--color1 bloctext--haspattern\" id=\"bloc_6_12\">\n<div class=\"container\">\n<div class=\"row\">\n<div class=\"col-12 col-lg-4 col-xl-3 mb-1\">\n<h2><span>Psicologia<\/span><\/h2>\n<\/p><\/div>\n<div class=\"col-12 col-lg-8 col-xl-9\">\n<div class=\"text pl-lg-4\">\n<p>Oggi pi\u00f9 che mai la scuola \u00e8 tenuta a creare condizioni di lavoro al passo coi tempi, strutturando l\u2019accompagnamento di bambini e famiglie su basi innovanti. <span data-sheets-root=\"1\">L&rsquo;Institut International Saint-Dominique di Roma<\/span> ha quindi optato per l&rsquo;instaurazione di un dispositivo di ascolto e sostegno psicologico che sia in grado di permettere ad ognuno di riflettere serenamente al proprio stile di vita, per progredire e fare in modo che il futuro continui ad unire i componenti della comunit\u00e0 intorno a valori comuni.<\/p>\n<p>Lo spazio Benessere all&rsquo;interno della scuola \u00e8 stato pensato come un dispositivo di aiuto e di sostegno. L\u2019educazione completa, detta \u201cEducazione integrale\u201d \u00e8 un concetto basato sul principio secondo il quale \u00e8 necessario prendere in considerazione tutte le dimensioni che costituiscono l\u2019essere umano nel suo insieme, ovvero: il corpo, che \u00e8 necessario imparare a rispettare, l\u2019intelletto, che \u00e8 necessario alimentare con un complesso di principi fondamentali e di nozioni organizzate, e, infine, l\u2019animo, che dev\u2019essere perfezionato al massimo, per fare della volont\u00e0 un atto puro e capace di operare scelte libere, in grado di acquisire le virt\u00f9 morali e spirituali necessarie per realizzare pienamente la propria umanit\u00e0.<\/p>\n<p>Consulenze possibili presso lo spazio Benessere psicologico del campus (su appuntamento). Un luogo di benessere e armonia. Sedute individuali, familiari o per i membri del personale: <a href=\"mailto:psychologue@institutsaintdominique.it\">psychologue@institutsaintdominique.it<\/a><\/p>\n<\/p><\/div>\n<\/p><\/div>\n<\/p><\/div>\n<\/p><\/div>\n<\/div>\n<div class=\"blocscontacts blocscontacts--nocolor\" id=\"bloc_contacts_13\" >\n<div class=\"container text-center\">\n<h2><span>Contatti<\/span><\/h2>\n<p>I nostri team rimangono a tua disposizione per rispondere a tutte le tue domande.<\/p>\n<div class=\"row justify-content-center pt-2\">\n<div class=\"col-12 col-xl-11\">\n<div class=\"row\">\n<div class=\"col-12 col-md-6 mb-2\">\n<div class=\"bloccontact\">\n\t\t\t\t\t\t<img decoding=\"async\" class=\"img-fluid\" src=\"https:\/\/institutsaintdominique.fr\/wp-content\/uploads\/2022\/03\/Anne-LAMBERSEND-165x165.jpg\" width=\"165\" height=\"165\" alt=\"\"><\/p>\n<div class=\"text\">\n<h4>Infermeria <\/h4>\n<div><a href=\"tel:+39 06 30 31 08 17\"><svg xmlns=\"http:\/\/www.w3.org\/2000\/svg\" viewBox=\"0 0 512 512\"><path d=\"M493.4 24.6l-104-24c-11.3-2.6-22.9 3.3-27.5 13.9l-48 112c-4.2 9.8-1.4 21.3 6.9 28l60.6 49.6c-36 76.7-98.9 140.5-177.2 177.2l-49.6-60.6c-6.8-8.3-18.2-11.1-28-6.9l-112 48C3.9 366.5-2 378.1.6 389.4l24 104C27.1 504.2 36.7 512 48 512c256.1 0 464-207.5 464-464 0-11.2-7.7-20.9-18.6-23.4z\"\/><\/svg><span>+39 06 30 31 08 17<\/span><\/a><\/div>\n<div><a href=\"mailto:infirmerie@institutsaintdominique.it\"><svg xmlns=\"http:\/\/www.w3.org\/2000\/svg\" viewBox=\"0 0 512 512\"><path d=\"M502.3 190.8c3.9-3.1 9.7-.2 9.7 4.7V400c0 26.5-21.5 48-48 48H48c-26.5 0-48-21.5-48-48V195.6c0-5 5.7-7.8 9.7-4.7 22.4 17.4 52.1 39.5 154.1 113.6 21.1 15.4 56.7 47.8 92.2 47.6 35.7.3 72-32.8 92.3-47.6 102-74.1 131.6-96.3 154-113.7zM256 320c23.2.4 56.6-29.2 73.4-41.4 132.7-96.3 142.8-104.7 173.4-128.7 5.8-4.5 9.2-11.5 9.2-18.9v-19c0-26.5-21.5-48-48-48H48C21.5 64 0 85.5 0 112v19c0 7.4 3.4 14.3 9.2 18.9 30.6 23.9 40.7 32.4 173.4 128.7 16.8 12.2 50.2 41.8 73.4 41.4z\"\/><\/svg><span>infirmerie@institutsaintdominique.it<\/span><\/a><\/div>\n<\/p><\/div>\n<\/p><\/div>\n<\/p><\/div>\n<div class=\"col-12 col-md-6 mb-2\">\n<div class=\"bloccontact\">\n\t\t\t\t\t\t<img decoding=\"async\" class=\"img-fluid\" src=\"https:\/\/institutsaintdominique.fr\/wp-content\/uploads\/2022\/03\/Groupe-937-165x165.jpg\" width=\"165\" height=\"165\" alt=\"\"><\/p>\n<div class=\"text\">\n<h4>Psicologia <\/h4>\n<div><a href=\"tel:+39 06 30 31 08 17\"><svg xmlns=\"http:\/\/www.w3.org\/2000\/svg\" viewBox=\"0 0 512 512\"><path d=\"M493.4 24.6l-104-24c-11.3-2.6-22.9 3.3-27.5 13.9l-48 112c-4.2 9.8-1.4 21.3 6.9 28l60.6 49.6c-36 76.7-98.9 140.5-177.2 177.2l-49.6-60.6c-6.8-8.3-18.2-11.1-28-6.9l-112 48C3.9 366.5-2 378.1.6 389.4l24 104C27.1 504.2 36.7 512 48 512c256.1 0 464-207.5 464-464 0-11.2-7.7-20.9-18.6-23.4z\"\/><\/svg><span>+39 06 30 31 08 17<\/span><\/a><\/div>\n<div><a href=\"mailto:psychologue@institutsaintdominique.it\"><svg xmlns=\"http:\/\/www.w3.org\/2000\/svg\" viewBox=\"0 0 512 512\"><path d=\"M502.3 190.8c3.9-3.1 9.7-.2 9.7 4.7V400c0 26.5-21.5 48-48 48H48c-26.5 0-48-21.5-48-48V195.6c0-5 5.7-7.8 9.7-4.7 22.4 17.4 52.1 39.5 154.1 113.6 21.1 15.4 56.7 47.8 92.2 47.6 35.7.3 72-32.8 92.3-47.6 102-74.1 131.6-96.3 154-113.7zM256 320c23.2.4 56.6-29.2 73.4-41.4 132.7-96.3 142.8-104.7 173.4-128.7 5.8-4.5 9.2-11.5 9.2-18.9v-19c0-26.5-21.5-48-48-48H48C21.5 64 0 85.5 0 112v19c0 7.4 3.4 14.3 9.2 18.9 30.6 23.9 40.7 32.4 173.4 128.7 16.8 12.2 50.2 41.8 73.4 41.4z\"\/><\/svg><span>psychologue@institutsaintdominique.it<\/span><\/a><\/div>\n<\/p><\/div>\n<\/p><\/div>\n<\/p><\/div>\n<div class=\"col-12 col-md-6 mb-2\">\n<div class=\"bloccontact\">\n\t\t\t\t\t\t<img decoding=\"async\" class=\"img-fluid\" src=\"https:\/\/institutsaintdominique.fr\/wp-content\/uploads\/2022\/03\/Groupe-937-165x165.jpg\" width=\"165\" height=\"165\" alt=\"\"><\/p>\n<div class=\"text\">\n<h4>Ortofonia <\/h4>\n<div><a href=\"tel:+39 06 30 31 08 17\"><svg xmlns=\"http:\/\/www.w3.org\/2000\/svg\" viewBox=\"0 0 512 512\"><path d=\"M493.4 24.6l-104-24c-11.3-2.6-22.9 3.3-27.5 13.9l-48 112c-4.2 9.8-1.4 21.3 6.9 28l60.6 49.6c-36 76.7-98.9 140.5-177.2 177.2l-49.6-60.6c-6.8-8.3-18.2-11.1-28-6.9l-112 48C3.9 366.5-2 378.1.6 389.4l24 104C27.1 504.2 36.7 512 48 512c256.1 0 464-207.5 464-464 0-11.2-7.7-20.9-18.6-23.4z\"\/><\/svg><span>+39 06 30 31 08 17<\/span><\/a><\/div>\n<div><a href=\"mailto:m.givanovitch@gmail.com\"><svg xmlns=\"http:\/\/www.w3.org\/2000\/svg\" viewBox=\"0 0 512 512\"><path d=\"M502.3 190.8c3.9-3.1 9.7-.2 9.7 4.7V400c0 26.5-21.5 48-48 48H48c-26.5 0-48-21.5-48-48V195.6c0-5 5.7-7.8 9.7-4.7 22.4 17.4 52.1 39.5 154.1 113.6 21.1 15.4 56.7 47.8 92.2 47.6 35.7.3 72-32.8 92.3-47.6 102-74.1 131.6-96.3 154-113.7zM256 320c23.2.4 56.6-29.2 73.4-41.4 132.7-96.3 142.8-104.7 173.4-128.7 5.8-4.5 9.2-11.5 9.2-18.9v-19c0-26.5-21.5-48-48-48H48C21.5 64 0 85.5 0 112v19c0 7.4 3.4 14.3 9.2 18.9 30.6 23.9 40.7 32.4 173.4 128.7 16.8 12.2 50.2 41.8 73.4 41.4z\"\/><\/svg><span>m.givanovitch@gmail.com<\/span><\/a><\/div>\n<\/p><\/div>\n<\/p><\/div>\n<\/p><\/div>\n<\/p><\/div>\n<\/p><\/div>\n<\/p><\/div>\n<\/p><\/div>\n<\/div>\n<div class=\"blocinfo blocinfo--color4\" id=\"bloc_10_14\">\n<div class=\"container\">\n<div class=\"row\">\n<div class=\"col-12 col-md-6\">\n<h2><span>Hai bisogno di maggiori informazioni?<\/span><\/h2>\n<p> Il team dell&#8217;ufficio ammissioni \u00e8 a disposizione per rispondere a tutte le tue domande.<\/p>\n<p>\t\t\t\t<!-- Changer la classe de couleur du bouton en fonction de la couleur g\u00e9n\u00e9rale du bloc --><\/p>\n<div class=\"bloc_cta\" >\n\t<a href=\"https:\/\/institutsaintdominique.fr\/it\/contattaci\/\" title=\"Contattaci\" target=\"\" class=\"mr-3 btn btn--color4\" rel=\"noopener\">Contattaci<\/a> \t\t\t\t<\/div>\n<\/p><\/div>\n<\/p><\/div>\n<\/p><\/div>\n<\/div>\n","protected":false},"excerpt":{"rendered":"<p>Scuola Inclusiva Pari opportunit\u00e0 L&rsquo;Institut International Saint-Dominique di Roma proporre un accompagnamento attento al fine di tutelare la salute fisica [&hellip;]<\/p>\n","protected":false},"author":6,"featured_media":0,"parent":4112,"menu_order":240,"comment_status":"closed","ping_status":"closed","template":"","meta":{"_acf_changed":false,"kdcopypost-origin-url":"","kdcopypost-origin-id":"","footnotes":""},"class_list":["post-4118","page","type-page","status-publish","hentry"],"acf":[],"yoast_head":"<!-- This site is optimized with the Yoast SEO plugin v27.0 - https:\/\/yoast.com\/product\/yoast-seo-wordpress\/ -->\n<title>Scuola Inclusiva<\/title>\n<meta name=\"robots\" content=\"index, follow, max-snippet:-1, max-image-preview:large, max-video-preview:-1\" \/>\n<link rel=\"canonical\" href=\"https:\/\/institutsaintdominique.fr\/it\/info-pratiche\/servizi\/scuola-inclusiva\/\" \/>\n<meta property=\"og:locale\" content=\"it_IT\" \/>\n<meta property=\"og:type\" content=\"article\" \/>\n<meta property=\"og:title\" content=\"Scuola Inclusiva\" \/>\n<meta property=\"og:description\" content=\"Scuola Inclusiva Pari opportunit\u00e0 L&rsquo;Institut International Saint-Dominique di Roma proporre un accompagnamento attento al fine di tutelare la salute fisica [&hellip;]\" \/>\n<meta property=\"og:url\" content=\"https:\/\/institutsaintdominique.fr\/it\/info-pratiche\/servizi\/scuola-inclusiva\/\" \/>\n<meta property=\"og:site_name\" content=\"ISD Rome\" \/>\n<meta property=\"article:modified_time\" content=\"2024-10-15T15:10:04+00:00\" \/>\n<meta property=\"og:image\" content=\"https:\/\/institutsaintdominique.fr\/wp-content\/uploads\/2022\/01\/inclusive-150x150.png\" \/>\n<meta name=\"twitter:card\" content=\"summary_large_image\" \/>\n<meta name=\"twitter:label1\" content=\"Tempo di lettura stimato\" \/>\n\t<meta name=\"twitter:data1\" content=\"7 minuti\" \/>\n<script type=\"application\/ld+json\" class=\"yoast-schema-graph\">{\"@context\":\"https:\/\/schema.org\",\"@graph\":[{\"@type\":\"WebPage\",\"@id\":\"https:\/\/institutsaintdominique.fr\/it\/info-pratiche\/servizi\/scuola-inclusiva\/\",\"url\":\"https:\/\/institutsaintdominique.fr\/it\/info-pratiche\/servizi\/scuola-inclusiva\/\",\"name\":\"Scuola Inclusiva\",\"isPartOf\":{\"@id\":\"https:\/\/institutsaintdominique.fr\/it\/#website\"},\"primaryImageOfPage\":{\"@id\":\"https:\/\/institutsaintdominique.fr\/it\/info-pratiche\/servizi\/scuola-inclusiva\/#primaryimage\"},\"image\":{\"@id\":\"https:\/\/institutsaintdominique.fr\/it\/info-pratiche\/servizi\/scuola-inclusiva\/#primaryimage\"},\"thumbnailUrl\":\"https:\/\/institutsaintdominique.fr\/wp-content\/uploads\/2022\/01\/inclusive-150x150.png\",\"datePublished\":\"2022-01-27T17:04:29+00:00\",\"dateModified\":\"2024-10-15T15:10:04+00:00\",\"breadcrumb\":{\"@id\":\"https:\/\/institutsaintdominique.fr\/it\/info-pratiche\/servizi\/scuola-inclusiva\/#breadcrumb\"},\"inLanguage\":\"it-IT\",\"potentialAction\":[{\"@type\":\"ReadAction\",\"target\":[\"https:\/\/institutsaintdominique.fr\/it\/info-pratiche\/servizi\/scuola-inclusiva\/\"]}]},{\"@type\":\"ImageObject\",\"inLanguage\":\"it-IT\",\"@id\":\"https:\/\/institutsaintdominique.fr\/it\/info-pratiche\/servizi\/scuola-inclusiva\/#primaryimage\",\"url\":\"https:\/\/institutsaintdominique.fr\/wp-content\/uploads\/2022\/01\/inclusive-150x150.png\",\"contentUrl\":\"https:\/\/institutsaintdominique.fr\/wp-content\/uploads\/2022\/01\/inclusive-150x150.png\"},{\"@type\":\"BreadcrumbList\",\"@id\":\"https:\/\/institutsaintdominique.fr\/it\/info-pratiche\/servizi\/scuola-inclusiva\/#breadcrumb\",\"itemListElement\":[{\"@type\":\"ListItem\",\"position\":1,\"name\":\"Accueil\",\"item\":\"https:\/\/institutsaintdominique.fr\/it\/\"},{\"@type\":\"ListItem\",\"position\":2,\"name\":\"Informazioni\",\"item\":\"https:\/\/institutsaintdominique.fr\/it\/info-pratiche\/\"},{\"@type\":\"ListItem\",\"position\":3,\"name\":\"Servizi\",\"item\":\"https:\/\/institutsaintdominique.fr\/it\/info-pratiche\/servizi\/\"},{\"@type\":\"ListItem\",\"position\":4,\"name\":\"Scuola Inclusiva\"}]},{\"@type\":\"WebSite\",\"@id\":\"https:\/\/institutsaintdominique.fr\/it\/#website\",\"url\":\"https:\/\/institutsaintdominique.fr\/it\/\",\"name\":\"ISD Rome\",\"description\":\"ISD Rome\",\"potentialAction\":[{\"@type\":\"SearchAction\",\"target\":{\"@type\":\"EntryPoint\",\"urlTemplate\":\"https:\/\/institutsaintdominique.fr\/it\/?s={search_term_string}\"},\"query-input\":{\"@type\":\"PropertyValueSpecification\",\"valueRequired\":true,\"valueName\":\"search_term_string\"}}],\"inLanguage\":\"it-IT\"}]}<\/script>\n<!-- \/ Yoast SEO plugin. -->","yoast_head_json":{"title":"Scuola Inclusiva","robots":{"index":"index","follow":"follow","max-snippet":"max-snippet:-1","max-image-preview":"max-image-preview:large","max-video-preview":"max-video-preview:-1"},"canonical":"https:\/\/institutsaintdominique.fr\/it\/info-pratiche\/servizi\/scuola-inclusiva\/","og_locale":"it_IT","og_type":"article","og_title":"Scuola Inclusiva","og_description":"Scuola Inclusiva Pari opportunit\u00e0 L&rsquo;Institut International Saint-Dominique di Roma proporre un accompagnamento attento al fine di tutelare la salute fisica [&hellip;]","og_url":"https:\/\/institutsaintdominique.fr\/it\/info-pratiche\/servizi\/scuola-inclusiva\/","og_site_name":"ISD Rome","article_modified_time":"2024-10-15T15:10:04+00:00","og_image":[{"url":"https:\/\/institutsaintdominique.fr\/wp-content\/uploads\/2022\/01\/inclusive-150x150.png","type":"","width":"","height":""}],"twitter_card":"summary_large_image","twitter_misc":{"Tempo di lettura stimato":"7 minuti"},"schema":{"@context":"https:\/\/schema.org","@graph":[{"@type":"WebPage","@id":"https:\/\/institutsaintdominique.fr\/it\/info-pratiche\/servizi\/scuola-inclusiva\/","url":"https:\/\/institutsaintdominique.fr\/it\/info-pratiche\/servizi\/scuola-inclusiva\/","name":"Scuola Inclusiva","isPartOf":{"@id":"https:\/\/institutsaintdominique.fr\/it\/#website"},"primaryImageOfPage":{"@id":"https:\/\/institutsaintdominique.fr\/it\/info-pratiche\/servizi\/scuola-inclusiva\/#primaryimage"},"image":{"@id":"https:\/\/institutsaintdominique.fr\/it\/info-pratiche\/servizi\/scuola-inclusiva\/#primaryimage"},"thumbnailUrl":"https:\/\/institutsaintdominique.fr\/wp-content\/uploads\/2022\/01\/inclusive-150x150.png","datePublished":"2022-01-27T17:04:29+00:00","dateModified":"2024-10-15T15:10:04+00:00","breadcrumb":{"@id":"https:\/\/institutsaintdominique.fr\/it\/info-pratiche\/servizi\/scuola-inclusiva\/#breadcrumb"},"inLanguage":"it-IT","potentialAction":[{"@type":"ReadAction","target":["https:\/\/institutsaintdominique.fr\/it\/info-pratiche\/servizi\/scuola-inclusiva\/"]}]},{"@type":"ImageObject","inLanguage":"it-IT","@id":"https:\/\/institutsaintdominique.fr\/it\/info-pratiche\/servizi\/scuola-inclusiva\/#primaryimage","url":"https:\/\/institutsaintdominique.fr\/wp-content\/uploads\/2022\/01\/inclusive-150x150.png","contentUrl":"https:\/\/institutsaintdominique.fr\/wp-content\/uploads\/2022\/01\/inclusive-150x150.png"},{"@type":"BreadcrumbList","@id":"https:\/\/institutsaintdominique.fr\/it\/info-pratiche\/servizi\/scuola-inclusiva\/#breadcrumb","itemListElement":[{"@type":"ListItem","position":1,"name":"Accueil","item":"https:\/\/institutsaintdominique.fr\/it\/"},{"@type":"ListItem","position":2,"name":"Informazioni","item":"https:\/\/institutsaintdominique.fr\/it\/info-pratiche\/"},{"@type":"ListItem","position":3,"name":"Servizi","item":"https:\/\/institutsaintdominique.fr\/it\/info-pratiche\/servizi\/"},{"@type":"ListItem","position":4,"name":"Scuola Inclusiva"}]},{"@type":"WebSite","@id":"https:\/\/institutsaintdominique.fr\/it\/#website","url":"https:\/\/institutsaintdominique.fr\/it\/","name":"ISD Rome","description":"ISD Rome","potentialAction":[{"@type":"SearchAction","target":{"@type":"EntryPoint","urlTemplate":"https:\/\/institutsaintdominique.fr\/it\/?s={search_term_string}"},"query-input":{"@type":"PropertyValueSpecification","valueRequired":true,"valueName":"search_term_string"}}],"inLanguage":"it-IT"}]}},"_links":{"self":[{"href":"https:\/\/institutsaintdominique.fr\/it\/wp-json\/wp\/v2\/pages\/4118","targetHints":{"allow":["GET"]}}],"collection":[{"href":"https:\/\/institutsaintdominique.fr\/it\/wp-json\/wp\/v2\/pages"}],"about":[{"href":"https:\/\/institutsaintdominique.fr\/it\/wp-json\/wp\/v2\/types\/page"}],"author":[{"embeddable":true,"href":"https:\/\/institutsaintdominique.fr\/it\/wp-json\/wp\/v2\/users\/6"}],"replies":[{"embeddable":true,"href":"https:\/\/institutsaintdominique.fr\/it\/wp-json\/wp\/v2\/comments?post=4118"}],"version-history":[{"count":13,"href":"https:\/\/institutsaintdominique.fr\/it\/wp-json\/wp\/v2\/pages\/4118\/revisions"}],"predecessor-version":[{"id":24252,"href":"https:\/\/institutsaintdominique.fr\/it\/wp-json\/wp\/v2\/pages\/4118\/revisions\/24252"}],"up":[{"embeddable":true,"href":"https:\/\/institutsaintdominique.fr\/it\/wp-json\/wp\/v2\/pages\/4112"}],"wp:attachment":[{"href":"https:\/\/institutsaintdominique.fr\/it\/wp-json\/wp\/v2\/media?parent=4118"}],"curies":[{"name":"wp","href":"https:\/\/api.w.org\/{rel}","templated":true}]}}