{"id":4120,"date":"2022-01-27T13:19:48","date_gmt":"2022-01-27T12:19:48","guid":{"rendered":"https:\/\/institutsaintdominique.fr\/la-comunita\/"},"modified":"2025-06-12T17:54:15","modified_gmt":"2025-06-12T15:54:15","slug":"la-comunita-isd","status":"publish","type":"page","link":"https:\/\/institutsaintdominique.fr\/it\/la-comunita-isd\/","title":{"rendered":"Comunit\u00e0"},"content":{"rendered":"<p>\t\t\t\t<!-- avec ou sans CTA : m\u00eame code, \u00e7a centre verticalement le texte --><\/p>\n<div class=\"smallheader\" id=\"bloc_small_header_4\">\n<style type=\"text\/css\">\n\t\t\t\t\t\t\t#bloc_small_header_4 {background-image: url(https:\/\/institutsaintdominique.fr\/wp-content\/uploads\/2025\/06\/Small-Header_St-Dominique-Rome-Gala-2025-scaled.png);}\n\t\t\t\t\t\t\t@media (min-width: 480px) {\t#bloc_small_header_4 {background-image: url(https:\/\/institutsaintdominique.fr\/wp-content\/uploads\/2025\/06\/Small-Header_St-Dominique-Rome-Gala-2025-scaled.png);}}\n\t\t\t\t\t\t\t@media (min-width: 768px) {\t#bloc_small_header_4 {background-image: url(https:\/\/institutsaintdominique.fr\/wp-content\/uploads\/2025\/06\/Small-Header_St-Dominique-Rome-Gala-2025-scaled.png);}}\n\t\t\t\t\t\t\t@media (min-width: 992px) { #bloc_small_header_4 {background-image: url(https:\/\/institutsaintdominique.fr\/wp-content\/uploads\/2025\/06\/Small-Header_St-Dominique-Rome-Gala-2025-scaled.png);}}\n\t\t\t\t\t\t\t@media (min-width: 1200px) { #bloc_small_header_4 {background-image: url(https:\/\/institutsaintdominique.fr\/wp-content\/uploads\/2025\/06\/Small-Header_St-Dominique-Rome-Gala-2025-scaled.png);}}\n\t\t\t\t\t\t<\/style>\n<div class=\"container d-flex flex-column justify-content-center align-items-start\">\n<h1><span>Comunit\u00e0<\/span><\/h1>\n<\/p><\/div>\n<\/p><\/div>\n<div class=\"cardscolors cardscolors--nocolor\" id=\"bloc_1_5\">\n<div class=\"container\">\n<div class=\"row mb-2\">\n<div class=\"col-12 col-lg-5 col-xl-4\">\n<h2><span>Comunit\u00e0<\/span><\/h2>\n<\/p><\/div>\n<div class=\"col-12 col-lg-7 col-xl-8\">\n<p>Fin dalla sua fondazione, l&#8217;Institut International Saint-Dominique di Roma si distingue per l\u2019internazionalit\u00e0 dei suoi membri (genitori, studenti e personale). I nostri alunni sono accolti in un ambiente dinamico e multiculturale dove ogni membro della comunit\u00e0 scolastica trova il suo posto e costruisce legami per la vita.<\/p>\n<\/p><\/div>\n<\/p><\/div>\n<div class=\"row justify-content-center\">\n<div class=\"col-12 col-sm-6 col-lg-3 mb-2\">\n<div class=\"cardcolor d-flex flex-column\">\n\t\t\t\t\t\t\t<img decoding=\"async\" class=\"img-fluid\" src=\"https:\/\/institutsaintdominique.fr\/wp-content\/uploads\/2024\/03\/DSC4912-1-372x300.jpg\" width=\"\" height=\"\" alt=\"\"><\/p>\n<div class=\"text d-flex flex-column justify-content-center align-self-stretch\">\n<div class=\"title d-flex flex-column justify-content-center\">\n<h4>I nostri alunni<\/h4>\n<\/p><\/div>\n<p>\t\t\t\t<a href=\"https:\/\/institutsaintdominique.fr\/it\/la-comunita-isd\/i-nostri-alunni\/\" target=\"\" class=\"link\">Scoprire<\/a>\n\t\t\t\t\t<\/div>\n<\/p><\/div>\n<\/p><\/div>\n<div class=\"col-12 col-sm-6 col-lg-3 mb-2\">\n<div class=\"cardcolor d-flex flex-column\">\n\t\t\t\t\t\t\t<img decoding=\"async\" class=\"img-fluid\" src=\"https:\/\/institutsaintdominique.fr\/wp-content\/uploads\/2024\/03\/289407170_5330564430315697_7561244660467473340_n-372x300.jpg\" width=\"\" height=\"\" alt=\"\"><\/p>\n<div class=\"text d-flex flex-column justify-content-center align-self-stretch\">\n<div class=\"title d-flex flex-column justify-content-center\">\n<h4>I nostri genitori<\/h4>\n<\/p><\/div>\n<p>\t\t\t\t<a href=\"https:\/\/institutsaintdominique.fr\/it\/la-comunita-isd\/i-nostri-genitori\/\" target=\"\" class=\"link\">Scoprire<\/a>\n\t\t\t\t\t<\/div>\n<\/p><\/div>\n<\/p><\/div>\n<div class=\"col-12 col-sm-6 col-lg-3 mb-2\">\n<div class=\"cardcolor d-flex flex-column\">\n\t\t\t\t\t\t\t<img decoding=\"async\" class=\"img-fluid\" src=\"https:\/\/institutsaintdominique.fr\/wp-content\/uploads\/2022\/07\/Terminales-372x300.jpg\" width=\"\" height=\"\" alt=\"\"><\/p>\n<div class=\"text d-flex flex-column justify-content-center align-self-stretch\">\n<div class=\"title d-flex flex-column justify-content-center\">\n<h4>I nostri alumni<\/h4>\n<\/p><\/div>\n<p>\t\t\t\t<a href=\"https:\/\/institutsaintdominique.fr\/it\/la-comunita-isd\/i-nostri-alumni\/\" target=\"\" class=\"link\">Scoprire<\/a>\n\t\t\t\t\t<\/div>\n<\/p><\/div>\n<\/p><\/div>\n<div class=\"col-12 col-sm-6 col-lg-3 mb-2\">\n<div class=\"cardcolor d-flex flex-column\">\n\t\t\t\t\t\t\t<img decoding=\"async\" class=\"img-fluid\" src=\"https:\/\/institutsaintdominique.fr\/wp-content\/uploads\/2024\/03\/Copie-de-Copie-de-_DSC3709-372x300.jpg\" width=\"\" height=\"\" alt=\"\"><\/p>\n<div class=\"text d-flex flex-column justify-content-center align-self-stretch\">\n<div class=\"title d-flex flex-column justify-content-center\">\n<h4>L\u2019equipe educativa<\/h4>\n<\/p><\/div>\n<p>\t\t\t\t<a href=\"https:\/\/institutsaintdominique.fr\/it\/pedagogie\/lequipe-pedagogique\/\" target=\"\" class=\"link\">Scoprire<\/a>\n\t\t\t\t\t<\/div>\n<\/p><\/div>\n<\/p><\/div>\n<\/p><\/div>\n<\/p><\/div>\n<\/div>\n<div class=\"blocinfo blocinfo--color4\" id=\"bloc_10_6\">\n<div class=\"container\">\n<div class=\"row\">\n<div class=\"col-12 col-md-6\">\n<h2><span> Hai bisogno di maggiori informazioni?<\/span><\/h2>\n<p>Il team dell&#8217;ufficio ammissioni \u00e8 a disposizione per rispondere a tutte le tue domande.<\/p>\n<p>\t\t\t\t<!-- Changer la classe de couleur du bouton en fonction de la couleur g\u00e9n\u00e9rale du bloc --><\/p>\n<div class=\"bloc_cta\" >\n\t<a href=\"https:\/\/institutsaintdominique.fr\/it\/contattaci\/\" title=\"Contattaci\" target=\"\" class=\"mr-3 btn btn--color4\">Contattaci<\/a> \t\t\t\t<\/div>\n<\/p><\/div>\n<\/p><\/div>\n<\/p><\/div>\n<\/div>\n","protected":false},"excerpt":{"rendered":"<p>Comunit\u00e0 Comunit\u00e0 Fin dalla sua fondazione, l&#8217;Institut International Saint-Dominique di Roma si distingue per l\u2019internazionalit\u00e0 dei suoi membri (genitori, studenti [&hellip;]<\/p>\n","protected":false},"author":6,"featured_media":0,"parent":0,"menu_order":250,"comment_status":"closed","ping_status":"closed","template":"","meta":{"_acf_changed":false,"kdcopypost-origin-url":"","kdcopypost-origin-id":"","footnotes":""},"class_list":["post-4120","page","type-page","status-publish","hentry"],"acf":[],"yoast_head":"<!-- This site is optimized with the Yoast SEO plugin v27.0 - https:\/\/yoast.com\/product\/yoast-seo-wordpress\/ -->\n<title>La comunit\u00e0 ISD<\/title>\n<meta name=\"robots\" content=\"index, follow, max-snippet:-1, max-image-preview:large, max-video-preview:-1\" \/>\n<link rel=\"canonical\" href=\"https:\/\/institutsaintdominique.fr\/it\/la-comunita-isd\/\" \/>\n<meta property=\"og:locale\" content=\"it_IT\" \/>\n<meta property=\"og:type\" content=\"article\" \/>\n<meta property=\"og:title\" content=\"La comunit\u00e0 ISD\" \/>\n<meta property=\"og:description\" content=\"Comunit\u00e0 Comunit\u00e0 Fin dalla sua fondazione, l&#8217;Institut International Saint-Dominique di Roma si distingue per l\u2019internazionalit\u00e0 dei suoi membri (genitori, studenti [&hellip;]\" \/>\n<meta property=\"og:url\" content=\"https:\/\/institutsaintdominique.fr\/it\/la-comunita-isd\/\" \/>\n<meta property=\"og:site_name\" content=\"ISD Rome\" \/>\n<meta property=\"article:modified_time\" content=\"2025-06-12T15:54:15+00:00\" \/>\n<meta property=\"og:image\" content=\"https:\/\/institutsaintdominique.fr\/wp-content\/uploads\/2024\/03\/DSC4912-1-372x300.jpg\" \/>\n<meta name=\"twitter:card\" content=\"summary_large_image\" \/>\n<meta name=\"twitter:label1\" content=\"Tempo di lettura stimato\" \/>\n\t<meta name=\"twitter:data1\" content=\"3 minuti\" \/>\n<script type=\"application\/ld+json\" class=\"yoast-schema-graph\">{\"@context\":\"https:\/\/schema.org\",\"@graph\":[{\"@type\":\"WebPage\",\"@id\":\"https:\/\/institutsaintdominique.fr\/it\/la-comunita-isd\/\",\"url\":\"https:\/\/institutsaintdominique.fr\/it\/la-comunita-isd\/\",\"name\":\"La comunit\u00e0 ISD\",\"isPartOf\":{\"@id\":\"https:\/\/institutsaintdominique.fr\/it\/#website\"},\"primaryImageOfPage\":{\"@id\":\"https:\/\/institutsaintdominique.fr\/it\/la-comunita-isd\/#primaryimage\"},\"image\":{\"@id\":\"https:\/\/institutsaintdominique.fr\/it\/la-comunita-isd\/#primaryimage\"},\"thumbnailUrl\":\"https:\/\/institutsaintdominique.fr\/wp-content\/uploads\/2024\/03\/DSC4912-1-372x300.jpg\",\"datePublished\":\"2022-01-27T12:19:48+00:00\",\"dateModified\":\"2025-06-12T15:54:15+00:00\",\"breadcrumb\":{\"@id\":\"https:\/\/institutsaintdominique.fr\/it\/la-comunita-isd\/#breadcrumb\"},\"inLanguage\":\"it-IT\",\"potentialAction\":[{\"@type\":\"ReadAction\",\"target\":[\"https:\/\/institutsaintdominique.fr\/it\/la-comunita-isd\/\"]}]},{\"@type\":\"ImageObject\",\"inLanguage\":\"it-IT\",\"@id\":\"https:\/\/institutsaintdominique.fr\/it\/la-comunita-isd\/#primaryimage\",\"url\":\"https:\/\/institutsaintdominique.fr\/wp-content\/uploads\/2024\/03\/DSC4912-1-372x300.jpg\",\"contentUrl\":\"https:\/\/institutsaintdominique.fr\/wp-content\/uploads\/2024\/03\/DSC4912-1-372x300.jpg\"},{\"@type\":\"BreadcrumbList\",\"@id\":\"https:\/\/institutsaintdominique.fr\/it\/la-comunita-isd\/#breadcrumb\",\"itemListElement\":[{\"@type\":\"ListItem\",\"position\":1,\"name\":\"Accueil\",\"item\":\"https:\/\/institutsaintdominique.fr\/it\/\"},{\"@type\":\"ListItem\",\"position\":2,\"name\":\"Comunit\u00e0\"}]},{\"@type\":\"WebSite\",\"@id\":\"https:\/\/institutsaintdominique.fr\/it\/#website\",\"url\":\"https:\/\/institutsaintdominique.fr\/it\/\",\"name\":\"ISD Rome\",\"description\":\"ISD Rome\",\"potentialAction\":[{\"@type\":\"SearchAction\",\"target\":{\"@type\":\"EntryPoint\",\"urlTemplate\":\"https:\/\/institutsaintdominique.fr\/it\/?s={search_term_string}\"},\"query-input\":{\"@type\":\"PropertyValueSpecification\",\"valueRequired\":true,\"valueName\":\"search_term_string\"}}],\"inLanguage\":\"it-IT\"}]}<\/script>\n<!-- \/ Yoast SEO plugin. -->","yoast_head_json":{"title":"La comunit\u00e0 ISD","robots":{"index":"index","follow":"follow","max-snippet":"max-snippet:-1","max-image-preview":"max-image-preview:large","max-video-preview":"max-video-preview:-1"},"canonical":"https:\/\/institutsaintdominique.fr\/it\/la-comunita-isd\/","og_locale":"it_IT","og_type":"article","og_title":"La comunit\u00e0 ISD","og_description":"Comunit\u00e0 Comunit\u00e0 Fin dalla sua fondazione, l&#8217;Institut International Saint-Dominique di Roma si distingue per l\u2019internazionalit\u00e0 dei suoi membri (genitori, studenti [&hellip;]","og_url":"https:\/\/institutsaintdominique.fr\/it\/la-comunita-isd\/","og_site_name":"ISD Rome","article_modified_time":"2025-06-12T15:54:15+00:00","og_image":[{"url":"https:\/\/institutsaintdominique.fr\/wp-content\/uploads\/2024\/03\/DSC4912-1-372x300.jpg","type":"","width":"","height":""}],"twitter_card":"summary_large_image","twitter_misc":{"Tempo di lettura stimato":"3 minuti"},"schema":{"@context":"https:\/\/schema.org","@graph":[{"@type":"WebPage","@id":"https:\/\/institutsaintdominique.fr\/it\/la-comunita-isd\/","url":"https:\/\/institutsaintdominique.fr\/it\/la-comunita-isd\/","name":"La comunit\u00e0 ISD","isPartOf":{"@id":"https:\/\/institutsaintdominique.fr\/it\/#website"},"primaryImageOfPage":{"@id":"https:\/\/institutsaintdominique.fr\/it\/la-comunita-isd\/#primaryimage"},"image":{"@id":"https:\/\/institutsaintdominique.fr\/it\/la-comunita-isd\/#primaryimage"},"thumbnailUrl":"https:\/\/institutsaintdominique.fr\/wp-content\/uploads\/2024\/03\/DSC4912-1-372x300.jpg","datePublished":"2022-01-27T12:19:48+00:00","dateModified":"2025-06-12T15:54:15+00:00","breadcrumb":{"@id":"https:\/\/institutsaintdominique.fr\/it\/la-comunita-isd\/#breadcrumb"},"inLanguage":"it-IT","potentialAction":[{"@type":"ReadAction","target":["https:\/\/institutsaintdominique.fr\/it\/la-comunita-isd\/"]}]},{"@type":"ImageObject","inLanguage":"it-IT","@id":"https:\/\/institutsaintdominique.fr\/it\/la-comunita-isd\/#primaryimage","url":"https:\/\/institutsaintdominique.fr\/wp-content\/uploads\/2024\/03\/DSC4912-1-372x300.jpg","contentUrl":"https:\/\/institutsaintdominique.fr\/wp-content\/uploads\/2024\/03\/DSC4912-1-372x300.jpg"},{"@type":"BreadcrumbList","@id":"https:\/\/institutsaintdominique.fr\/it\/la-comunita-isd\/#breadcrumb","itemListElement":[{"@type":"ListItem","position":1,"name":"Accueil","item":"https:\/\/institutsaintdominique.fr\/it\/"},{"@type":"ListItem","position":2,"name":"Comunit\u00e0"}]},{"@type":"WebSite","@id":"https:\/\/institutsaintdominique.fr\/it\/#website","url":"https:\/\/institutsaintdominique.fr\/it\/","name":"ISD Rome","description":"ISD Rome","potentialAction":[{"@type":"SearchAction","target":{"@type":"EntryPoint","urlTemplate":"https:\/\/institutsaintdominique.fr\/it\/?s={search_term_string}"},"query-input":{"@type":"PropertyValueSpecification","valueRequired":true,"valueName":"search_term_string"}}],"inLanguage":"it-IT"}]}},"_links":{"self":[{"href":"https:\/\/institutsaintdominique.fr\/it\/wp-json\/wp\/v2\/pages\/4120","targetHints":{"allow":["GET"]}}],"collection":[{"href":"https:\/\/institutsaintdominique.fr\/it\/wp-json\/wp\/v2\/pages"}],"about":[{"href":"https:\/\/institutsaintdominique.fr\/it\/wp-json\/wp\/v2\/types\/page"}],"author":[{"embeddable":true,"href":"https:\/\/institutsaintdominique.fr\/it\/wp-json\/wp\/v2\/users\/6"}],"replies":[{"embeddable":true,"href":"https:\/\/institutsaintdominique.fr\/it\/wp-json\/wp\/v2\/comments?post=4120"}],"version-history":[{"count":19,"href":"https:\/\/institutsaintdominique.fr\/it\/wp-json\/wp\/v2\/pages\/4120\/revisions"}],"predecessor-version":[{"id":25886,"href":"https:\/\/institutsaintdominique.fr\/it\/wp-json\/wp\/v2\/pages\/4120\/revisions\/25886"}],"wp:attachment":[{"href":"https:\/\/institutsaintdominique.fr\/it\/wp-json\/wp\/v2\/media?parent=4120"}],"curies":[{"name":"wp","href":"https:\/\/api.w.org\/{rel}","templated":true}]}}