{"id":4663,"date":"2022-02-23T16:37:07","date_gmt":"2022-02-23T15:37:07","guid":{"rendered":"https:\/\/institutsaintdominique.fr\/approche-pedagogique-2\/"},"modified":"2024-10-15T16:50:09","modified_gmt":"2024-10-15T14:50:09","slug":"approche-pedagogique-2","status":"publish","type":"page","link":"https:\/\/institutsaintdominique.fr\/it\/pedagogie\/approche-pedagogique-2\/","title":{"rendered":"Approccio pedagogico"},"content":{"rendered":"<p>\t\t\t\t<!-- avec ou sans CTA : m\u00eame code, \u00e7a centre verticalement le texte --><\/p>\n<div class=\"smallheader\" id=\"bloc_small_header_7\">\n<style type=\"text\/css\">\n\t\t\t\t\t\t\t#bloc_small_header_7 {background-image: url(https:\/\/institutsaintdominique.fr\/wp-content\/uploads\/2024\/04\/ISD_College_161-610x270.jpg);}\n\t\t\t\t\t\t\t@media (min-width: 480px) {\t#bloc_small_header_7 {background-image: url(https:\/\/institutsaintdominique.fr\/wp-content\/uploads\/2024\/04\/ISD_College_161-610x270.jpg);}}\n\t\t\t\t\t\t\t@media (min-width: 768px) {\t#bloc_small_header_7 {background-image: url(https:\/\/institutsaintdominique.fr\/wp-content\/uploads\/2024\/04\/ISD_College_161-1024x683.jpg);}}\n\t\t\t\t\t\t\t@media (min-width: 992px) { #bloc_small_header_7 {background-image: url(https:\/\/institutsaintdominique.fr\/wp-content\/uploads\/2024\/04\/ISD_College_161-1024x683.jpg);}}\n\t\t\t\t\t\t\t@media (min-width: 1200px) { #bloc_small_header_7 {background-image: url(https:\/\/institutsaintdominique.fr\/wp-content\/uploads\/2024\/04\/ISD_College_161-1536x1024.jpg);}}\n\t\t\t\t\t\t<\/style>\n<div class=\"container d-flex flex-column justify-content-center align-items-start\">\n<h1><span>Approccio pedagogico<\/span><\/h1>\n<\/p><\/div>\n<\/p><\/div>\n<div class=\"bloctext bloctext--nocolor bloctext--haspattern\" id=\"bloc_6_8\">\n<div class=\"container\">\n<div class=\"row\">\n<div class=\"col-12 col-lg-4 col-xl-3 mb-1\">\n<h2><span>La nostra pedagogia<\/span><\/h2>\n<\/p><\/div>\n<div class=\"col-12 col-lg-8 col-xl-9\">\n<div class=\"text pl-lg-4\">\n<p><span data-sheets-root=\"1\">L&rsquo;Institut International Saint-Dominique di Roma<\/span> come tutte le scuole del gruppo Odyssey, offre ai propri allievi un\u2019educazione francese e internazionale volta a promuovere l&rsquo;espressione del meglio di s\u00e9 stessi, orientandoli verso un percorso esclusivo che permetter\u00e0 loro di accedere alle migliori universit\u00e0 di tutto il Mondo. Il nostro istituto accoglie gli studenti in un ambiente dinamico e cosmopolita, in cui ogni membro della comunit\u00e0 pu\u00f2 trovare il proprio posto e costruire amicizie durature.<\/p>\n<\/p><\/div>\n<\/p><\/div>\n<\/p><\/div>\n<\/p><\/div>\n<\/div>\n<div class=\"blocsrounds blocsrounds--style1 \" id=\"bloc_4_9\">\n<div class=\"container text-center\">\n<h2><span><\/span><\/h2>\n<div class=\"row\">\n<div class=\"col-6 col-md-4 mb-2\">\n<div class=\"blocround\">\n\t\t\t\t\t\t<img decoding=\"async\" class=\"img-fluid\" src=\"https:\/\/institutsaintdominique.fr\/wp-content\/uploads\/2024\/04\/ISD_College_223-284x284.jpg\" width=\"\" height=\"\" alt=\"\"><\/p>\n<div class=\"text\">\n<h4>UN PERCORSO SCOLASTICO FRANCESE DI ECCELLENZA<\/h4>\n<p>Una formazione accademica solida, fornita da stabilimenti omologati e da insegnanti qualificati e Diplomati, riconosciuti a livello mondiale, competenti per preparare gli allievi ad affrontare le sfide del XXI secolo. <\/p>\n<\/p><\/div>\n<\/p><\/div>\n<\/p><\/div>\n<div class=\"col-6 col-md-4 mb-2\">\n<div class=\"blocround\">\n\t\t\t\t\t\t<img decoding=\"async\" class=\"img-fluid\" src=\"https:\/\/institutsaintdominique.fr\/wp-content\/uploads\/2021\/12\/Ouverture-sur-le-monde-284x284.jpg\" width=\"\" height=\"\" alt=\"\"><\/p>\n<div class=\"text\">\n<h4>UN\u2019EDUCAZIONE INTERNAZIONALE<\/h4>\n<p>Un insegnamento multilingue rigoroso che, fin dalla scuola materna, \u00e8 incentrato sull\u2019Apertura nei confronti del mondo, attraverso programmi di mobilit\u00e0, gemellaggi e la scoperta di culture Pedagogiche attive e positive, mirate e sviluppare la fiducia in s\u00e9 stessi e il piacere di imparare.<\/p>\n<\/p><\/div>\n<\/p><\/div>\n<\/p><\/div>\n<div class=\"col-6 col-md-4 mb-2\">\n<div class=\"blocround\">\n\t\t\t\t\t\t<img decoding=\"async\" class=\"img-fluid\" src=\"https:\/\/institutsaintdominique.fr\/wp-content\/uploads\/2024\/04\/ISD_Orientation_189-284x284.jpg\" width=\"\" height=\"\" alt=\"\"><\/p>\n<div class=\"text\">\n<h4>UN ACCOMPAGNAMENTO PERSONALIZZATO<\/h4>\n<p>Un accompagnamento individualizzato degli allievi lungo tutto il loro percorso di progressione e corso di studi, sulla base di progetti, organizzati dai diversi stabilimenti, incentrati sul Benessere e sulla crescita individuale (attivit\u00e0 extrascolastiche e discipline positive).<\/p>\n<\/p><\/div>\n<\/p><\/div>\n<\/p><\/div>\n<div class=\"col-6 col-md-4 mb-2\">\n<div class=\"blocround\">\n\t\t\t\t\t\t<img decoding=\"async\" class=\"img-fluid\" src=\"https:\/\/institutsaintdominique.fr\/wp-content\/uploads\/2022\/02\/0226-scaled-284x284.jpg\" width=\"\" height=\"\" alt=\"\"><\/p>\n<div class=\"text\">\n<h4>UNA COMUNIT\u00c0 PER TUTTA LA VITA<\/h4>\n<p>Un approccio basato sull\u2019ascolto, la cooperazione e la solidariet\u00e0 come linea guida delle relazioni interpersonali, un coinvolgimento integrale delle famiglie nella vita degli stabilimenti e un sistema di valori, regole e tradizioni che federano i membri della comunit\u00e0 e ritmano la vita di ogni istituto.<\/p>\n<\/p><\/div>\n<\/p><\/div>\n<\/p><\/div>\n<div class=\"col-6 col-md-4 mb-2\">\n<div class=\"blocround\">\n\t\t\t\t\t\t<img decoding=\"async\" class=\"img-fluid\" src=\"https:\/\/institutsaintdominique.fr\/wp-content\/uploads\/2022\/02\/chant-284x284.jpg\" width=\"\" height=\"\" alt=\"\"><\/p>\n<div class=\"text\">\n<h4>EDUCAZIONE RELIGIOSA E RISVEGLIO SPIRITUALE<\/h4>\n<p>Valori umani, intellettuali e spirituali propri dell&#8217;educazione cattolica, derivanti dal carisma domenicano. Un luogo aperto a tutti, dove sviluppare la propria consapevolezza morale e spirituale, trovare una fonte di unit\u00e0 e gli strumenti per guidare la propria vita.<\/p>\n<\/p><\/div>\n<\/p><\/div>\n<\/p><\/div>\n<\/p><\/div>\n<\/p><\/div>\n<\/div>\n<div class=\"bloctext bloctext--color1 bloctext--haspattern\" id=\"bloc_6_10\">\n<div class=\"container\">\n<div class=\"row\">\n<div class=\"col-12 col-lg-4 col-xl-3 mb-1\">\n<h2><span>CENTRO LINGUISTICO<\/span><\/h2>\n<\/p><\/div>\n<div class=\"col-12 col-lg-8 col-xl-9\">\n<div class=\"text pl-lg-4\">\n<p>Nell\u2019ambito del programma dell\u2019\u00c9ducation nationale fran\u00e7aise (Ministero dell\u2019Istruzione francese) gli stabilimenti che fanno parte della rete Odyssey impartiscono insegnamenti accademici in francese e in inglese. Fin dalla pi\u00f9 tenera et\u00e0 le lezioni vengono impartite da insegnanti di madrelingua, o native speaker, per promuovere un approccio interculturale e multilingue dell\u2019apprendimento.<\/p>\n<p>In via complementare, alcuni insegnamenti vengono inoltre impartiti nella lingua del Paese di accoglienza, al fine di promuovere l\u2019apertura culturale e l\u2019acquisizione di nozioni linguistiche essenziali volte a facilitare un\u2019eventuale reintegrazione ulteriore nel sistema scolastico del Paese in questione. I bambini iscritti presso gli stabilimenti della rete Odyssey seguono dunque un percorso educativo globale, che li prepara ad integrare le migliori universit\u00e0 del mondo, rendendoli protagonisti del loro percorso di apprendimento, fornendo loro la capacit\u00e0 di esprimersi fluentemente in 3 lingue e permettendo loro di padroneggiare le competenze essenziali per affrontare le sfide del XXI secolo.<\/p>\n<\/p><\/div>\n<\/p><\/div>\n<\/p><\/div>\n<\/p><\/div>\n<\/div>\n<div class=\"cardsnumbers cardscolors--nocolor\" id=\"bloc_1_11\">\n<div class=\"container\">\n<div class=\"row mb-2\">\n<div class=\"col-12 col-lg-5 col-xl-4\">\n<h2><span>APPROCCIO SCIENTIFICO<\/span><\/h2>\n<\/p><\/div>\n<div class=\"col-12 col-lg-7 col-xl-8\">\n<p>scientifica generale che costituir\u00e0 una risorsa preziosa per il loro futuro. I corsi e i progetti scientifici vengono condotti secondo metodologie pi\u00f9 multidisciplinari possibile e, spesso, in inglese, fin dalla scuola elementare. Questi insegnamenti sono volti a:<\/p>\n<\/p><\/div>\n<\/p><\/div>\n<div class=\"row justify-content-center\">\n<div class=\"col-12 col-sm-6 col-lg-3 mb-2\">\n<div class=\"cardnumber d-flex flex-column align-self-stretch\">\n<div class=\"text \" >\n\t\t\t\t\t\t\t\t<strong>01<\/strong><\/p>\n<p>Padroneggiare le nozioni di base delle conoscenze e del ragionamento.<\/p>\n<\/p><\/div>\n<div class=\"\" >\n<div class=\"more d-flex align-items-center justify-content-center\" >\n<div>\n<\/div><\/div>\n<\/p><\/div>\n<\/p><\/div>\n<\/p><\/div>\n<div class=\"col-12 col-sm-6 col-lg-3 mb-2\">\n<div class=\"cardnumber d-flex flex-column align-self-stretch\">\n<div class=\"text \" >\n\t\t\t\t\t\t\t\t<strong>02<\/strong><\/p>\n<p>Familiarizzare gli allievi con il metodo investigativo e sperimentale.<\/p>\n<\/p><\/div>\n<div class=\"\" >\n<div class=\"more d-flex align-items-center justify-content-center\" >\n<div>\n<\/div><\/div>\n<\/p><\/div>\n<\/p><\/div>\n<\/p><\/div>\n<div class=\"col-12 col-sm-6 col-lg-3 mb-2\">\n<div class=\"cardnumber d-flex flex-column align-self-stretch\">\n<div class=\"text \" >\n\t\t\t\t\t\t\t\t<strong>03<\/strong><\/p>\n<p>Rinforzare le capacit\u00e0 di risoluzione dei problemi.<\/p>\n<\/p><\/div>\n<div class=\"\" >\n<div class=\"more d-flex align-items-center justify-content-center\" >\n<div>\n<\/div><\/div>\n<\/p><\/div>\n<\/p><\/div>\n<\/p><\/div>\n<div class=\"col-12 col-sm-6 col-lg-3 mb-2\">\n<div class=\"cardnumber d-flex flex-column align-self-stretch\">\n<div class=\"text \" >\n\t\t\t\t\t\t\t\t<strong>04<\/strong><\/p>\n<p>Sviluppare l\u2019inventivit\u00e0, l\u2019innovazione e la volont\u00e0 di agire per l\u2019ambiente.<\/p>\n<\/p><\/div>\n<div class=\"\" >\n<div class=\"more d-flex align-items-center justify-content-center\" >\n<div>\n<\/div><\/div>\n<\/p><\/div>\n<\/p><\/div>\n<\/p><\/div>\n<\/p><\/div>\n<\/p><\/div>\n<\/div>\n<div class=\"blocinfo blocinfo--color4\" id=\"bloc_10_12\">\n<div class=\"container\">\n<div class=\"row\">\n<div class=\"col-12 col-md-6\">\n<h2><span> Hai bisogno di maggiori informazioni?<\/span><\/h2>\n<p> Il team dell&#8217;ufficio ammissioni \u00e8 a disposizione per rispondere a tutte le tue domande.<\/p>\n<p>\t\t\t\t<!-- Changer la classe de couleur du bouton en fonction de la couleur g\u00e9n\u00e9rale du bloc --><\/p>\n<div class=\"bloc_cta\" >\n\t<a href=\"https:\/\/institutsaintdominique.fr\/it\/contattaci\/\" title=\"Contattaci\" target=\"\" class=\"mr-3 btn btn--color4\" rel=\"noopener\">Contattaci<\/a> \t\t\t\t<\/div>\n<\/p><\/div>\n<\/p><\/div>\n<\/p><\/div>\n<\/div>\n","protected":false},"excerpt":{"rendered":"<p>Approccio pedagogico La nostra pedagogia L&rsquo;Institut International Saint-Dominique di Roma come tutte le scuole del gruppo Odyssey, offre ai propri [&hellip;]<\/p>\n","protected":false},"author":6,"featured_media":0,"parent":4665,"menu_order":0,"comment_status":"closed","ping_status":"closed","template":"","meta":{"_acf_changed":false,"kdcopypost-origin-url":"","kdcopypost-origin-id":"","footnotes":""},"class_list":["post-4663","page","type-page","status-publish","hentry"],"acf":[],"yoast_head":"<!-- This site is optimized with the Yoast SEO plugin v27.0 - https:\/\/yoast.com\/product\/yoast-seo-wordpress\/ -->\n<title>Approccio pedagogico - ISD Rome<\/title>\n<meta name=\"robots\" content=\"index, follow, max-snippet:-1, max-image-preview:large, max-video-preview:-1\" \/>\n<link rel=\"canonical\" href=\"https:\/\/institutsaintdominique.fr\/it\/pedagogie\/approche-pedagogique-2\/\" \/>\n<meta property=\"og:locale\" content=\"it_IT\" \/>\n<meta property=\"og:type\" content=\"article\" \/>\n<meta property=\"og:title\" content=\"Approccio pedagogico - ISD Rome\" \/>\n<meta property=\"og:description\" content=\"Approccio pedagogico La nostra pedagogia L&rsquo;Institut International Saint-Dominique di Roma come tutte le scuole del gruppo Odyssey, offre ai propri [&hellip;]\" \/>\n<meta property=\"og:url\" content=\"https:\/\/institutsaintdominique.fr\/it\/pedagogie\/approche-pedagogique-2\/\" \/>\n<meta property=\"og:site_name\" content=\"ISD Rome\" \/>\n<meta property=\"article:modified_time\" content=\"2024-10-15T14:50:09+00:00\" \/>\n<meta property=\"og:image\" content=\"https:\/\/institutsaintdominique.fr\/wp-content\/uploads\/2024\/04\/ISD_College_223-284x284.jpg\" \/>\n<meta name=\"twitter:card\" content=\"summary_large_image\" \/>\n<meta name=\"twitter:label1\" content=\"Tempo di lettura stimato\" \/>\n\t<meta name=\"twitter:data1\" content=\"8 minuti\" \/>\n<script type=\"application\/ld+json\" class=\"yoast-schema-graph\">{\"@context\":\"https:\/\/schema.org\",\"@graph\":[{\"@type\":\"WebPage\",\"@id\":\"https:\/\/institutsaintdominique.fr\/it\/pedagogie\/approche-pedagogique-2\/\",\"url\":\"https:\/\/institutsaintdominique.fr\/it\/pedagogie\/approche-pedagogique-2\/\",\"name\":\"Approccio pedagogico - ISD Rome\",\"isPartOf\":{\"@id\":\"https:\/\/institutsaintdominique.fr\/it\/#website\"},\"primaryImageOfPage\":{\"@id\":\"https:\/\/institutsaintdominique.fr\/it\/pedagogie\/approche-pedagogique-2\/#primaryimage\"},\"image\":{\"@id\":\"https:\/\/institutsaintdominique.fr\/it\/pedagogie\/approche-pedagogique-2\/#primaryimage\"},\"thumbnailUrl\":\"https:\/\/institutsaintdominique.fr\/wp-content\/uploads\/2024\/04\/ISD_College_223-284x284.jpg\",\"datePublished\":\"2022-02-23T15:37:07+00:00\",\"dateModified\":\"2024-10-15T14:50:09+00:00\",\"breadcrumb\":{\"@id\":\"https:\/\/institutsaintdominique.fr\/it\/pedagogie\/approche-pedagogique-2\/#breadcrumb\"},\"inLanguage\":\"it-IT\",\"potentialAction\":[{\"@type\":\"ReadAction\",\"target\":[\"https:\/\/institutsaintdominique.fr\/it\/pedagogie\/approche-pedagogique-2\/\"]}]},{\"@type\":\"ImageObject\",\"inLanguage\":\"it-IT\",\"@id\":\"https:\/\/institutsaintdominique.fr\/it\/pedagogie\/approche-pedagogique-2\/#primaryimage\",\"url\":\"https:\/\/institutsaintdominique.fr\/wp-content\/uploads\/2024\/04\/ISD_College_223-284x284.jpg\",\"contentUrl\":\"https:\/\/institutsaintdominique.fr\/wp-content\/uploads\/2024\/04\/ISD_College_223-284x284.jpg\"},{\"@type\":\"BreadcrumbList\",\"@id\":\"https:\/\/institutsaintdominique.fr\/it\/pedagogie\/approche-pedagogique-2\/#breadcrumb\",\"itemListElement\":[{\"@type\":\"ListItem\",\"position\":1,\"name\":\"Accueil\",\"item\":\"https:\/\/institutsaintdominique.fr\/it\/\"},{\"@type\":\"ListItem\",\"position\":2,\"name\":\"Pedagogia\",\"item\":\"https:\/\/institutsaintdominique.fr\/it\/pedagogie\/\"},{\"@type\":\"ListItem\",\"position\":3,\"name\":\"Approccio pedagogico\"}]},{\"@type\":\"WebSite\",\"@id\":\"https:\/\/institutsaintdominique.fr\/it\/#website\",\"url\":\"https:\/\/institutsaintdominique.fr\/it\/\",\"name\":\"ISD Rome\",\"description\":\"ISD Rome\",\"potentialAction\":[{\"@type\":\"SearchAction\",\"target\":{\"@type\":\"EntryPoint\",\"urlTemplate\":\"https:\/\/institutsaintdominique.fr\/it\/?s={search_term_string}\"},\"query-input\":{\"@type\":\"PropertyValueSpecification\",\"valueRequired\":true,\"valueName\":\"search_term_string\"}}],\"inLanguage\":\"it-IT\"}]}<\/script>\n<!-- \/ Yoast SEO plugin. -->","yoast_head_json":{"title":"Approccio pedagogico - ISD Rome","robots":{"index":"index","follow":"follow","max-snippet":"max-snippet:-1","max-image-preview":"max-image-preview:large","max-video-preview":"max-video-preview:-1"},"canonical":"https:\/\/institutsaintdominique.fr\/it\/pedagogie\/approche-pedagogique-2\/","og_locale":"it_IT","og_type":"article","og_title":"Approccio pedagogico - ISD Rome","og_description":"Approccio pedagogico La nostra pedagogia L&rsquo;Institut International Saint-Dominique di Roma come tutte le scuole del gruppo Odyssey, offre ai propri [&hellip;]","og_url":"https:\/\/institutsaintdominique.fr\/it\/pedagogie\/approche-pedagogique-2\/","og_site_name":"ISD Rome","article_modified_time":"2024-10-15T14:50:09+00:00","og_image":[{"url":"https:\/\/institutsaintdominique.fr\/wp-content\/uploads\/2024\/04\/ISD_College_223-284x284.jpg","type":"","width":"","height":""}],"twitter_card":"summary_large_image","twitter_misc":{"Tempo di lettura stimato":"8 minuti"},"schema":{"@context":"https:\/\/schema.org","@graph":[{"@type":"WebPage","@id":"https:\/\/institutsaintdominique.fr\/it\/pedagogie\/approche-pedagogique-2\/","url":"https:\/\/institutsaintdominique.fr\/it\/pedagogie\/approche-pedagogique-2\/","name":"Approccio pedagogico - ISD Rome","isPartOf":{"@id":"https:\/\/institutsaintdominique.fr\/it\/#website"},"primaryImageOfPage":{"@id":"https:\/\/institutsaintdominique.fr\/it\/pedagogie\/approche-pedagogique-2\/#primaryimage"},"image":{"@id":"https:\/\/institutsaintdominique.fr\/it\/pedagogie\/approche-pedagogique-2\/#primaryimage"},"thumbnailUrl":"https:\/\/institutsaintdominique.fr\/wp-content\/uploads\/2024\/04\/ISD_College_223-284x284.jpg","datePublished":"2022-02-23T15:37:07+00:00","dateModified":"2024-10-15T14:50:09+00:00","breadcrumb":{"@id":"https:\/\/institutsaintdominique.fr\/it\/pedagogie\/approche-pedagogique-2\/#breadcrumb"},"inLanguage":"it-IT","potentialAction":[{"@type":"ReadAction","target":["https:\/\/institutsaintdominique.fr\/it\/pedagogie\/approche-pedagogique-2\/"]}]},{"@type":"ImageObject","inLanguage":"it-IT","@id":"https:\/\/institutsaintdominique.fr\/it\/pedagogie\/approche-pedagogique-2\/#primaryimage","url":"https:\/\/institutsaintdominique.fr\/wp-content\/uploads\/2024\/04\/ISD_College_223-284x284.jpg","contentUrl":"https:\/\/institutsaintdominique.fr\/wp-content\/uploads\/2024\/04\/ISD_College_223-284x284.jpg"},{"@type":"BreadcrumbList","@id":"https:\/\/institutsaintdominique.fr\/it\/pedagogie\/approche-pedagogique-2\/#breadcrumb","itemListElement":[{"@type":"ListItem","position":1,"name":"Accueil","item":"https:\/\/institutsaintdominique.fr\/it\/"},{"@type":"ListItem","position":2,"name":"Pedagogia","item":"https:\/\/institutsaintdominique.fr\/it\/pedagogie\/"},{"@type":"ListItem","position":3,"name":"Approccio pedagogico"}]},{"@type":"WebSite","@id":"https:\/\/institutsaintdominique.fr\/it\/#website","url":"https:\/\/institutsaintdominique.fr\/it\/","name":"ISD Rome","description":"ISD Rome","potentialAction":[{"@type":"SearchAction","target":{"@type":"EntryPoint","urlTemplate":"https:\/\/institutsaintdominique.fr\/it\/?s={search_term_string}"},"query-input":{"@type":"PropertyValueSpecification","valueRequired":true,"valueName":"search_term_string"}}],"inLanguage":"it-IT"}]}},"_links":{"self":[{"href":"https:\/\/institutsaintdominique.fr\/it\/wp-json\/wp\/v2\/pages\/4663","targetHints":{"allow":["GET"]}}],"collection":[{"href":"https:\/\/institutsaintdominique.fr\/it\/wp-json\/wp\/v2\/pages"}],"about":[{"href":"https:\/\/institutsaintdominique.fr\/it\/wp-json\/wp\/v2\/types\/page"}],"author":[{"embeddable":true,"href":"https:\/\/institutsaintdominique.fr\/it\/wp-json\/wp\/v2\/users\/6"}],"replies":[{"embeddable":true,"href":"https:\/\/institutsaintdominique.fr\/it\/wp-json\/wp\/v2\/comments?post=4663"}],"version-history":[{"count":11,"href":"https:\/\/institutsaintdominique.fr\/it\/wp-json\/wp\/v2\/pages\/4663\/revisions"}],"predecessor-version":[{"id":24213,"href":"https:\/\/institutsaintdominique.fr\/it\/wp-json\/wp\/v2\/pages\/4663\/revisions\/24213"}],"up":[{"embeddable":true,"href":"https:\/\/institutsaintdominique.fr\/it\/wp-json\/wp\/v2\/pages\/4665"}],"wp:attachment":[{"href":"https:\/\/institutsaintdominique.fr\/it\/wp-json\/wp\/v2\/media?parent=4663"}],"curies":[{"name":"wp","href":"https:\/\/api.w.org\/{rel}","templated":true}]}}