{"id":5750,"date":"2022-01-26T17:25:46","date_gmt":"2022-01-26T16:25:46","guid":{"rendered":"https:\/\/institutsaintdominique.fr\/attivita-extrascolastiche\/accademia-delle-arti-e-dello-sport\/"},"modified":"2024-10-15T16:55:56","modified_gmt":"2024-10-15T14:55:56","slug":"accademia-dello-sport-e-delle-arti","status":"publish","type":"page","link":"https:\/\/institutsaintdominique.fr\/it\/attivita-extrascolastiche\/accademia-dello-sport-e-delle-arti\/","title":{"rendered":"Accademia dello sport e delle arti"},"content":{"rendered":"<p>\t\t\t\t<!-- avec ou sans CTA : m\u00eame code, \u00e7a centre verticalement le texte --><\/p>\n<div class=\"smallheader\" id=\"bloc_small_header_9\">\n<style type=\"text\/css\">\n\t\t\t\t\t\t\t#bloc_small_header_9 {background-image: url(https:\/\/institutsaintdominique.fr\/wp-content\/uploads\/2022\/01\/actvites-extrascolaires@2x-610x270.jpg);}\n\t\t\t\t\t\t\t@media (min-width: 480px) {\t#bloc_small_header_9 {background-image: url(https:\/\/institutsaintdominique.fr\/wp-content\/uploads\/2022\/01\/actvites-extrascolaires@2x-610x270.jpg);}}\n\t\t\t\t\t\t\t@media (min-width: 768px) {\t#bloc_small_header_9 {background-image: url(https:\/\/institutsaintdominique.fr\/wp-content\/uploads\/2022\/01\/actvites-extrascolaires@2x-1024x214.jpg);}}\n\t\t\t\t\t\t\t@media (min-width: 992px) { #bloc_small_header_9 {background-image: url(https:\/\/institutsaintdominique.fr\/wp-content\/uploads\/2022\/01\/actvites-extrascolaires@2x-1024x214.jpg);}}\n\t\t\t\t\t\t\t@media (min-width: 1200px) { #bloc_small_header_9 {background-image: url(https:\/\/institutsaintdominique.fr\/wp-content\/uploads\/2022\/01\/actvites-extrascolaires@2x-1536x322.jpg);}}\n\t\t\t\t\t\t<\/style>\n<div class=\"container d-flex flex-column justify-content-center align-items-start\">\n<h1><span>Accademia dello sport e delle arti<\/span><\/h1>\n<\/p><\/div>\n<\/p><\/div>\n<div class=\"bloctext bloctext--nocolor bloctext--haspattern\" id=\"bloc_6_10\">\n<div class=\"container\">\n<div class=\"row\">\n<div class=\"col-12 col-lg-4 col-xl-3 mb-1\">\n<h2><span>Una scelta ampia di attivit\u00e0 extrascolastiche<\/span><\/h2>\n<\/p><\/div>\n<div class=\"col-12 col-lg-8 col-xl-9\">\n<div class=\"text pl-lg-4\">\n<p><span data-sheets-root=\"1\">L&rsquo;Institut International Saint-Dominique di Roma <\/span>si impegna per promuovere ogni giorno la coesione di gruppo, proponendo svariate attivit\u00e0 nell\u2019arco dell\u2019anno scolastico, per fare della scuola un vero e proprio luogo di vita e di crescita personale per gli allievi. La pratica dello sport \u00e8 una necessit\u00e0, lo sviluppo delle pratiche sportive a scuola \u00e8 per gli allievi una vera e propria questione di salute, di crescita individuale, di uguaglianza e di successo. L\u2019attivit\u00e0 fisica e sportiva contribuisce pienamente a promuovere l\u2019educazione dei bambini e dei giovani, in quanto permette:<\/p>\n<ul>\n<li>di aderire a un sistema di regole comuni<\/li>\n<li>di acquisire fiducia in s\u00e9 stessi<\/li>\n<li>di scoprire s\u00e9 stessi, imparando al contempo a conoscere meglio il proprio corpo.<\/li>\n<\/ul><\/div>\n<\/p><\/div>\n<\/p><\/div>\n<\/p><\/div>\n<\/div>\n<div class=\"citation citation--color1\" id=\"bloc_12_11\">\n<div class=\"container\">\n<div class=\"row justify-content-center\">\n<div class=\"col-12 col-lg-10\">\n<blockquote><p>&#8220;Lo sport \u00e8 l\u2019amore della sfida e del vivere insieme. La gioia che emana dallo sforzo, l\u2019eccellenza, l\u2019amicizia, la solidariet\u00e0, il rispetto: i valori dello sport sono i valori dell\u2019\u00c9cole de la R\u00e9publique&#8221;. (la Scuola della Repubblica francese)<\/p><\/blockquote>\n<p>\t\t\t\t<cite class=\"author\"><br \/>\n\t\t\t\t\t<img decoding=\"async\" src=\"https:\/\/institutsaintdominique.fr\/wp-content\/uploads\/2022\/01\/JM_BLANQUER-284x284.jpeg\" width=\"58\" height=\"58\" alt=\"\"><\/p>\n<div>\n\t\t\t\t\t\t<strong>Jean-Michel Blanquer<\/strong><br \/>\n\t\t\t\t\t\t<span>Ministro francese dell\u2019Istruzione, della Giovent\u00f9 e dello Sport<\/span>\n\t\t\t\t\t<\/div>\n<p>\t\t\t\t<\/cite>\n\t\t\t<\/div>\n<\/p><\/div>\n<\/p><\/div>\n<\/div>\n<div class=\"blocsrounds blocsrounds--style1 \" id=\"bloc_4_12\">\n<div class=\"container text-center\">\n<h2><span>PROGRAMMA DI ATTIVIT\u00c0 SPORTIVE<\/span><\/h2>\n<div class=\"row\">\n<div class=\"col-6 col-md-4 mb-2\">\n<div class=\"blocround\">\n\t\t\t\t\t\t<img decoding=\"async\" class=\"img-fluid\" src=\"https:\/\/institutsaintdominique.fr\/wp-content\/uploads\/2022\/01\/0353-284x284.jpg\" width=\"\" height=\"\" alt=\"\"><\/p>\n<div class=\"text\">\n<h4>Football<\/h4>\n<\/p><\/div>\n<\/p><\/div>\n<\/p><\/div>\n<div class=\"col-6 col-md-4 mb-2\">\n<div class=\"blocround\">\n\t\t\t\t\t\t<img decoding=\"async\" class=\"img-fluid\" src=\"https:\/\/institutsaintdominique.fr\/wp-content\/uploads\/2024\/10\/sport-3068038_1280-284x284.jpg\" width=\"\" height=\"\" alt=\"\"><\/p>\n<div class=\"text\">\n<h4>Mini tennis<\/h4>\n<\/p><\/div>\n<\/p><\/div>\n<\/p><\/div>\n<div class=\"col-6 col-md-4 mb-2\">\n<div class=\"blocround\">\n\t\t\t\t\t\t<img decoding=\"async\" class=\"img-fluid\" src=\"https:\/\/institutsaintdominique.fr\/wp-content\/uploads\/2024\/03\/Copie-de-_DSC4580-284x284.jpg\" width=\"\" height=\"\" alt=\"\"><\/p>\n<div class=\"text\">\n<h4>Multisport<\/h4>\n<\/p><\/div>\n<\/p><\/div>\n<\/p><\/div>\n<div class=\"col-6 col-md-4 mb-2\">\n<div class=\"blocround\">\n\t\t\t\t\t\t<img decoding=\"async\" class=\"img-fluid\" src=\"https:\/\/institutsaintdominique.fr\/wp-content\/uploads\/2024\/10\/IMG_20230427_152903-scaled.jpg\" width=\"\" height=\"\" alt=\"\"><\/p>\n<div class=\"text\">\n<h4>Motricit\u00e0<\/h4>\n<\/p><\/div>\n<\/p><\/div>\n<\/p><\/div>\n<div class=\"col-6 col-md-4 mb-2\">\n<div class=\"blocround\">\n\t\t\t\t\t\t<img decoding=\"async\" class=\"img-fluid\" src=\"https:\/\/institutsaintdominique.fr\/wp-content\/uploads\/2022\/01\/danse@2x-284x284.jpg\" width=\"\" height=\"\" alt=\"\"><\/p>\n<div class=\"text\">\n<h4>Danza<\/h4>\n<\/p><\/div>\n<\/p><\/div>\n<\/p><\/div>\n<div class=\"col-6 col-md-4 mb-2\">\n<div class=\"blocround\">\n\t\t\t\t\t\t<img decoding=\"async\" class=\"img-fluid\" src=\"https:\/\/institutsaintdominique.fr\/wp-content\/uploads\/2022\/01\/0158-284x284.jpg\" width=\"\" height=\"\" alt=\"\"><\/p>\n<div class=\"text\">\n<h4>Basket<\/h4>\n<\/p><\/div>\n<\/p><\/div>\n<\/p><\/div>\n<div class=\"col-6 col-md-4 mb-2\">\n<div class=\"blocround\">\n\t\t\t\t\t\t<img decoding=\"async\" class=\"img-fluid\" src=\"https:\/\/institutsaintdominique.fr\/wp-content\/uploads\/2022\/09\/boxe-284x284.png\" width=\"\" height=\"\" alt=\"\"><\/p>\n<div class=\"text\">\n<h4>Boxe<\/h4>\n<\/p><\/div>\n<\/p><\/div>\n<\/p><\/div>\n<\/p><\/div>\n<\/p><\/div>\n<\/div>\n<div class=\"carouseltexts carouseltexts--color2\" id=\"bloc_9_13\">\n<div class=\"container\">\n<h2><span>ACCADEMIA DELLE ARTI<\/span><\/h2>\n<p class=\"mb-2 mb-md-4\">\n<div class=\"row\">\n<div class=\"col-12\">\n<div id=\"carousel-2\" class=\"flexslider flexslider--carouseltexts\">\n<ul class=\"slides list-unstyled\">\n<li class=\"slider-li\">\n<div class=\"cardtext\">\n<div class=\"text\">\n<blockquote><p>\n\t\t\t\t\t    \t\t\t\t<strong>Arti<\/strong><\/p>\n<p>L\u2019approccio del Benessere del bambino e dell\u2019adolescente di St Dominique consiste nell\u2019incoraggiare la scoperta e l\u2019apprendimento delle varie arti, in parallelo con il percorso scolastico di ogni allievo. Quest\u2019anno St Dominique ha deciso di incentrare i programmi sulla promozione dell\u2019eccellenza artistica, offrendo un ampio spettro di attivit\u00e0. La scuola offre pertanto un programma diversificato e dinamico, per completare l\u2019educazione dei propri allievi, costituito da attivit\u00e0 di musica, teatro, danza e arti plastiche proposte su tutto l\u2019arco dell\u2019anno scolastico, a grandi e piccoli: queste attivit\u00e0 sono aperte alle famiglie, ai genitori e al pubblico.<\/p>\n<\/blockquote>\n<p>\t\t\t\t\t    \t\t\t<cite class=\"author\"><br \/>\n\t\t\t\t\t\t\t\t\t\t<img decoding=\"async\" src=\"https:\/\/institutsaintdominique.fr\/wp-content\/uploads\/2022\/01\/icon@2x-150x150.png\" alt=\"\" width=\"58\" height=\"58\"><\/p>\n<div>\n\t\t\t\t\t\t\t\t\t\t\t<strong><\/strong><br \/>\n\t\t\t\t\t\t\t\t\t\t\t<span><\/span>\n\t\t\t\t\t\t\t\t\t\t<\/div>\n<p>\t\t\t\t\t\t\t\t\t<\/cite><\/p><\/div>\n<\/p><\/div>\n<\/li>\n<li class=\"slider-li\">\n<div class=\"cardtext\">\n<div class=\"text\">\n<blockquote><p>\n\t\t\t\t\t    \t\t\t\t<strong>Accademia musicale<\/strong><\/p>\n<p>Un percorso musicale completo \u00e8 stato creato. Questo percorso comprende una serie di corsi privati per la pratica di strumenti musicali, diretti da professori competenti, seri, esigenti e desiderosi di offrire agli allievi un percorso di progressione solido. I musicisti provetti vengono formati il prima possibile alla pratica dell\u2019orchestra, al fine di ampliare la dimensione della loro preparazione musicale. I musicisti hanno la possibilit\u00e0 di partecipare a numerosi progetti musicali, in collaborazione con le altre arti (teatro, arti plastiche, etc.).<\/p>\n<\/blockquote>\n<p>\t\t\t\t\t    \t\t\t<cite class=\"author\"><br \/>\n\t\t\t\t\t\t\t\t\t\t<img decoding=\"async\" src=\"https:\/\/institutsaintdominique.fr\/wp-content\/uploads\/2022\/01\/icon@2x-150x150.png\" alt=\"\" width=\"58\" height=\"58\"><\/p>\n<div>\n\t\t\t\t\t\t\t\t\t\t\t<strong><\/strong><br \/>\n\t\t\t\t\t\t\t\t\t\t\t<span><\/span>\n\t\t\t\t\t\t\t\t\t\t<\/div>\n<p>\t\t\t\t\t\t\t\t\t<\/cite><\/p><\/div>\n<\/p><\/div>\n<\/li>\n<li class=\"slider-li\">\n<div class=\"cardtext\">\n<div class=\"text\">\n<blockquote><p>\n\t\t\t\t\t    \t\t\t\t<strong>Arti plastiche<\/strong><\/p>\n<p>L\u2019insegnante, tramite l\u2019apprendimento di svariate tecniche (pittura, collage, disegno, inchiostro) e l\u2019utilizzo di svariati supporti, mira a suscitare nel bambino la voglia di inventare e di scoprire le possibilit\u00e0 infinite offerte dalla creazione artistica. Il piacere di giocare con le forme e i colori permette di esprimere la propria personalit\u00e0 e sensibilit\u00e0 in seno a un gruppo, senza competizione o giudizio. Un laboratorio conviviale, gioioso e creativo.<\/p>\n<\/blockquote>\n<p>\t\t\t\t\t    \t\t\t<cite class=\"author\"><br \/>\n\t\t\t\t\t\t\t\t\t\t<img decoding=\"async\" src=\"https:\/\/institutsaintdominique.fr\/wp-content\/uploads\/2022\/01\/icon@2x-150x150.png\" alt=\"\" width=\"58\" height=\"58\"><\/p>\n<div>\n\t\t\t\t\t\t\t\t\t\t\t<strong><\/strong><br \/>\n\t\t\t\t\t\t\t\t\t\t\t<span><\/span>\n\t\t\t\t\t\t\t\t\t\t<\/div>\n<p>\t\t\t\t\t\t\t\t\t<\/cite><\/p><\/div>\n<\/p><\/div>\n<\/li>\n<li class=\"slider-li\">\n<div class=\"cardtext\">\n<div class=\"text\">\n<blockquote><p>\n\t\t\t\t\t    \t\t\t\t<strong>Teatro Liceo<\/strong><\/p>\n<p>Il Teatro \u00e8 uno strumento formidabile per i giovani adolescenti. Il teatro permette, infatti, di sviluppare la fiducia in s\u00e9 stessi, estraendo l\u2019allievo dall\u2019ambito strettamente scolastico, per farlo entrare in una dimensione in cui viene dato libero sfogo all\u2019improvvisazione, alle emozioni e al linguaggio del corpo. Il fatto di immedesimarsi in un personaggio, con tutte le emozioni che lo caratterizzano, permette all\u2019allievo di vivere un\u2019esperienza nuova e di combattere la timidezza.<\/p>\n<\/blockquote>\n<p>\t\t\t\t\t    \t\t\t<cite class=\"author\"><br \/>\n\t\t\t\t\t\t\t\t\t\t<img decoding=\"async\" src=\"https:\/\/institutsaintdominique.fr\/wp-content\/uploads\/2022\/01\/icon@2x-150x150.png\" alt=\"\" width=\"58\" height=\"58\"><\/p>\n<div>\n\t\t\t\t\t\t\t\t\t\t\t<strong><\/strong><br \/>\n\t\t\t\t\t\t\t\t\t\t\t<span><\/span>\n\t\t\t\t\t\t\t\t\t\t<\/div>\n<p>\t\t\t\t\t\t\t\t\t<\/cite><\/p><\/div>\n<\/p><\/div>\n<\/li>\n<li class=\"slider-li\">\n<div class=\"cardtext\">\n<div class=\"text\">\n<blockquote><p>\n\t\t\t\t\t    \t\t\t\t<strong>Scacchi<\/strong><\/p>\n<p>Il gioco degli scacchi \u00e8 noto per sviluppare nei bambini che lo praticano la concentrazione, la memoria, il ragionamento logico, la strategia, il rigore e la capacit\u00e0 di astrazione che sono nel loro insieme fattori di successo scolastico e sociale.<\/p>\n<\/blockquote>\n<p>\t\t\t\t\t    \t\t\t<cite class=\"author\"><br \/>\n\t\t\t\t\t\t\t\t\t\t<img decoding=\"async\" src=\"https:\/\/institutsaintdominique.fr\/wp-content\/uploads\/2022\/01\/icon@2x-150x150.png\" alt=\"\" width=\"58\" height=\"58\"><\/p>\n<div>\n\t\t\t\t\t\t\t\t\t\t\t<strong><\/strong><br \/>\n\t\t\t\t\t\t\t\t\t\t\t<span><\/span>\n\t\t\t\t\t\t\t\t\t\t<\/div>\n<p>\t\t\t\t\t\t\t\t\t<\/cite><\/p><\/div>\n<\/p><\/div>\n<\/li>\n<\/ul><\/div>\n<\/p><\/div>\n<\/p><\/div>\n<\/p><\/div>\n<\/div>\n<div class=\"blocsphotos blocsphotos--color2\" id=\"bloc_14_14\">\n<div class=\"container\">\n<div class=\"row\">\n<div class=\"col-6 col-md-3 mb-1 mb-md-0\">\n<div class=\"blocphoto\">\n\t\t\t\t\t<img decoding=\"async\" class=\"img-fluid img-rounded\" src=\"https:\/\/institutsaintdominique.fr\/wp-content\/uploads\/2022\/02\/0382-scaled-270x310.jpg\" width=\"\" height=\"\" alt=\"\">\n\t\t\t\t<\/div>\n<\/p><\/div>\n<div class=\"col-6 col-md-3 mb-1 mb-md-0\">\n<div class=\"blocphoto\">\n\t\t\t\t\t<img decoding=\"async\" class=\"img-fluid img-rounded\" src=\"https:\/\/institutsaintdominique.fr\/wp-content\/uploads\/2022\/01\/0145-270x310.jpg\" width=\"\" height=\"\" alt=\"\">\n\t\t\t\t<\/div>\n<\/p><\/div>\n<div class=\"col-6 col-md-3 mb-1 mb-md-0\">\n<div class=\"blocphoto\">\n\t\t\t\t\t<img decoding=\"async\" class=\"img-fluid img-rounded\" src=\"https:\/\/institutsaintdominique.fr\/wp-content\/uploads\/2022\/02\/0383-scaled-270x310.jpg\" width=\"\" height=\"\" alt=\"\">\n\t\t\t\t<\/div>\n<\/p><\/div>\n<div class=\"col-6 col-md-3 mb-1 mb-md-0\">\n<div class=\"blocphoto\">\n\t\t\t\t\t<img decoding=\"async\" class=\"img-fluid img-rounded\" src=\"https:\/\/institutsaintdominique.fr\/wp-content\/uploads\/2022\/01\/0333-270x310.jpg\" width=\"\" height=\"\" alt=\"\">\n\t\t\t\t<\/div>\n<\/p><\/div>\n<\/p><\/div>\n<\/p><\/div>\n<\/div>\n<div class=\"blocsphotos blocsphotos--color1\" id=\"bloc_14_15\">\n<div class=\"container\">\n<div class=\"row\">\n<div class=\"col-6 col-md-3 mb-1 mb-md-0\">\n<div class=\"blocphoto\">\n\t\t\t\t\t<img decoding=\"async\" class=\"img-fluid img-rounded\" src=\"https:\/\/institutsaintdominique.fr\/wp-content\/uploads\/2022\/02\/ASDViolon-270x310.jpg\" width=\"\" height=\"\" alt=\"\">\n\t\t\t\t<\/div>\n<\/p><\/div>\n<div class=\"col-6 col-md-3 mb-1 mb-md-0\">\n<div class=\"blocphoto\">\n\t\t\t\t\t<img decoding=\"async\" class=\"img-fluid img-rounded\" src=\"https:\/\/institutsaintdominique.fr\/wp-content\/uploads\/2022\/02\/chant-270x310.jpg\" width=\"\" height=\"\" alt=\"\">\n\t\t\t\t<\/div>\n<\/p><\/div>\n<div class=\"col-6 col-md-3 mb-1 mb-md-0\">\n<div class=\"blocphoto\">\n\t\t\t\t\t<img decoding=\"async\" class=\"img-fluid img-rounded\" src=\"https:\/\/institutsaintdominique.fr\/wp-content\/uploads\/2022\/02\/guitare-270x310.jpg\" width=\"\" height=\"\" alt=\"\">\n\t\t\t\t<\/div>\n<\/p><\/div>\n<\/p><\/div>\n<\/p><\/div>\n<\/div>\n<div class=\"blocscontacts blocscontacts--color4\" id=\"bloc_contacts_16\" >\n<div class=\"container text-center\">\n<h2><span>Contattaci<\/span><\/h2>\n<\/p>\n<div class=\"row justify-content-center pt-2\">\n<div class=\"col-12 col-xl-11\">\n<div class=\"row\">\n<div class=\"col-12 col-md-6 mb-2\">\n<div class=\"bloccontact\">\n\t\t\t\t\t\t<img decoding=\"async\" class=\"img-fluid\" src=\"https:\/\/institutsaintdominique.fr\/wp-content\/uploads\/2022\/03\/Patrizia-MARIANI-165x165.jpg\" width=\"165\" height=\"165\" alt=\"\"><\/p>\n<div class=\"text\">\n<h4>Patrizia Mariani<\/h4>\n<div><a href=\"tel:+39 06 303 10 817\"><svg xmlns=\"http:\/\/www.w3.org\/2000\/svg\" viewBox=\"0 0 512 512\"><path d=\"M493.4 24.6l-104-24c-11.3-2.6-22.9 3.3-27.5 13.9l-48 112c-4.2 9.8-1.4 21.3 6.9 28l60.6 49.6c-36 76.7-98.9 140.5-177.2 177.2l-49.6-60.6c-6.8-8.3-18.2-11.1-28-6.9l-112 48C3.9 366.5-2 378.1.6 389.4l24 104C27.1 504.2 36.7 512 48 512c256.1 0 464-207.5 464-464 0-11.2-7.7-20.9-18.6-23.4z\"\/><\/svg><span>+39 06 303 10 817<\/span><\/a><\/div>\n<div><a href=\"mailto:patriziamariani@institutsaintdominique.it\"><svg xmlns=\"http:\/\/www.w3.org\/2000\/svg\" viewBox=\"0 0 512 512\"><path d=\"M502.3 190.8c3.9-3.1 9.7-.2 9.7 4.7V400c0 26.5-21.5 48-48 48H48c-26.5 0-48-21.5-48-48V195.6c0-5 5.7-7.8 9.7-4.7 22.4 17.4 52.1 39.5 154.1 113.6 21.1 15.4 56.7 47.8 92.2 47.6 35.7.3 72-32.8 92.3-47.6 102-74.1 131.6-96.3 154-113.7zM256 320c23.2.4 56.6-29.2 73.4-41.4 132.7-96.3 142.8-104.7 173.4-128.7 5.8-4.5 9.2-11.5 9.2-18.9v-19c0-26.5-21.5-48-48-48H48C21.5 64 0 85.5 0 112v19c0 7.4 3.4 14.3 9.2 18.9 30.6 23.9 40.7 32.4 173.4 128.7 16.8 12.2 50.2 41.8 73.4 41.4z\"\/><\/svg><span>patriziamariani@institutsaintdominique.it<\/span><\/a><\/div>\n<\/p><\/div>\n<\/p><\/div>\n<\/p><\/div>\n<\/p><\/div>\n<\/p><\/div>\n<\/p><\/div>\n<\/p><\/div>\n<\/div>\n","protected":false},"excerpt":{"rendered":"<p>Accademia dello sport e delle arti Una scelta ampia di attivit\u00e0 extrascolastiche L&rsquo;Institut International Saint-Dominique di Roma si impegna per [&hellip;]<\/p>\n","protected":false},"author":6,"featured_media":0,"parent":4100,"menu_order":160,"comment_status":"closed","ping_status":"closed","template":"","meta":{"_acf_changed":false,"kdcopypost-origin-url":"","kdcopypost-origin-id":"","footnotes":""},"class_list":["post-5750","page","type-page","status-publish","hentry"],"acf":[],"yoast_head":"<!-- This site is optimized with the Yoast SEO plugin v27.0 - https:\/\/yoast.com\/product\/yoast-seo-wordpress\/ -->\n<title>Accademia dello sport e delle arti<\/title>\n<meta name=\"description\" content=\"L\u2019Istituto Saint-Dominique proporre varie attivit\u00e0 per fare della scuola un vero luogo di vita e di crescita personale per gli alunni.\" \/>\n<meta name=\"robots\" content=\"index, follow, max-snippet:-1, max-image-preview:large, max-video-preview:-1\" \/>\n<link rel=\"canonical\" href=\"https:\/\/institutsaintdominique.fr\/it\/attivita-extrascolastiche\/accademia-dello-sport-e-delle-arti\/\" \/>\n<meta property=\"og:locale\" content=\"it_IT\" \/>\n<meta property=\"og:type\" content=\"article\" \/>\n<meta property=\"og:title\" content=\"Accademia dello sport e delle arti\" \/>\n<meta property=\"og:description\" content=\"L\u2019Istituto Saint-Dominique proporre varie attivit\u00e0 per fare della scuola un vero luogo di vita e di crescita personale per gli alunni.\" \/>\n<meta property=\"og:url\" content=\"https:\/\/institutsaintdominique.fr\/it\/attivita-extrascolastiche\/accademia-dello-sport-e-delle-arti\/\" \/>\n<meta property=\"og:site_name\" content=\"ISD Rome\" \/>\n<meta property=\"article:modified_time\" content=\"2024-10-15T14:55:56+00:00\" \/>\n<meta property=\"og:image\" content=\"https:\/\/institutsaintdominique.fr\/wp-content\/uploads\/2022\/01\/JM_BLANQUER-284x284.jpeg\" \/>\n<meta name=\"twitter:card\" content=\"summary_large_image\" \/>\n<meta name=\"twitter:label1\" content=\"Tempo di lettura stimato\" \/>\n\t<meta name=\"twitter:data1\" content=\"12 minuti\" \/>\n<script type=\"application\/ld+json\" class=\"yoast-schema-graph\">{\"@context\":\"https:\/\/schema.org\",\"@graph\":[{\"@type\":\"WebPage\",\"@id\":\"https:\/\/institutsaintdominique.fr\/it\/attivita-extrascolastiche\/accademia-dello-sport-e-delle-arti\/\",\"url\":\"https:\/\/institutsaintdominique.fr\/it\/attivita-extrascolastiche\/accademia-dello-sport-e-delle-arti\/\",\"name\":\"Accademia dello sport e delle arti\",\"isPartOf\":{\"@id\":\"https:\/\/institutsaintdominique.fr\/it\/#website\"},\"primaryImageOfPage\":{\"@id\":\"https:\/\/institutsaintdominique.fr\/it\/attivita-extrascolastiche\/accademia-dello-sport-e-delle-arti\/#primaryimage\"},\"image\":{\"@id\":\"https:\/\/institutsaintdominique.fr\/it\/attivita-extrascolastiche\/accademia-dello-sport-e-delle-arti\/#primaryimage\"},\"thumbnailUrl\":\"https:\/\/institutsaintdominique.fr\/wp-content\/uploads\/2022\/01\/JM_BLANQUER-284x284.jpeg\",\"datePublished\":\"2022-01-26T16:25:46+00:00\",\"dateModified\":\"2024-10-15T14:55:56+00:00\",\"description\":\"L\u2019Istituto Saint-Dominique proporre varie attivit\u00e0 per fare della scuola un vero luogo di vita e di crescita personale per gli alunni.\",\"breadcrumb\":{\"@id\":\"https:\/\/institutsaintdominique.fr\/it\/attivita-extrascolastiche\/accademia-dello-sport-e-delle-arti\/#breadcrumb\"},\"inLanguage\":\"it-IT\",\"potentialAction\":[{\"@type\":\"ReadAction\",\"target\":[\"https:\/\/institutsaintdominique.fr\/it\/attivita-extrascolastiche\/accademia-dello-sport-e-delle-arti\/\"]}]},{\"@type\":\"ImageObject\",\"inLanguage\":\"it-IT\",\"@id\":\"https:\/\/institutsaintdominique.fr\/it\/attivita-extrascolastiche\/accademia-dello-sport-e-delle-arti\/#primaryimage\",\"url\":\"https:\/\/institutsaintdominique.fr\/wp-content\/uploads\/2022\/01\/JM_BLANQUER-284x284.jpeg\",\"contentUrl\":\"https:\/\/institutsaintdominique.fr\/wp-content\/uploads\/2022\/01\/JM_BLANQUER-284x284.jpeg\"},{\"@type\":\"BreadcrumbList\",\"@id\":\"https:\/\/institutsaintdominique.fr\/it\/attivita-extrascolastiche\/accademia-dello-sport-e-delle-arti\/#breadcrumb\",\"itemListElement\":[{\"@type\":\"ListItem\",\"position\":1,\"name\":\"Accueil\",\"item\":\"https:\/\/institutsaintdominique.fr\/it\/\"},{\"@type\":\"ListItem\",\"position\":2,\"name\":\"Extrascolastico\",\"item\":\"https:\/\/institutsaintdominique.fr\/it\/attivita-extrascolastiche\/\"},{\"@type\":\"ListItem\",\"position\":3,\"name\":\"Accademia dello sport e delle arti\"}]},{\"@type\":\"WebSite\",\"@id\":\"https:\/\/institutsaintdominique.fr\/it\/#website\",\"url\":\"https:\/\/institutsaintdominique.fr\/it\/\",\"name\":\"ISD Rome\",\"description\":\"ISD Rome\",\"potentialAction\":[{\"@type\":\"SearchAction\",\"target\":{\"@type\":\"EntryPoint\",\"urlTemplate\":\"https:\/\/institutsaintdominique.fr\/it\/?s={search_term_string}\"},\"query-input\":{\"@type\":\"PropertyValueSpecification\",\"valueRequired\":true,\"valueName\":\"search_term_string\"}}],\"inLanguage\":\"it-IT\"}]}<\/script>\n<!-- \/ Yoast SEO plugin. -->","yoast_head_json":{"title":"Accademia dello sport e delle arti","description":"L\u2019Istituto Saint-Dominique proporre varie attivit\u00e0 per fare della scuola un vero luogo di vita e di crescita personale per gli alunni.","robots":{"index":"index","follow":"follow","max-snippet":"max-snippet:-1","max-image-preview":"max-image-preview:large","max-video-preview":"max-video-preview:-1"},"canonical":"https:\/\/institutsaintdominique.fr\/it\/attivita-extrascolastiche\/accademia-dello-sport-e-delle-arti\/","og_locale":"it_IT","og_type":"article","og_title":"Accademia dello sport e delle arti","og_description":"L\u2019Istituto Saint-Dominique proporre varie attivit\u00e0 per fare della scuola un vero luogo di vita e di crescita personale per gli alunni.","og_url":"https:\/\/institutsaintdominique.fr\/it\/attivita-extrascolastiche\/accademia-dello-sport-e-delle-arti\/","og_site_name":"ISD Rome","article_modified_time":"2024-10-15T14:55:56+00:00","og_image":[{"url":"https:\/\/institutsaintdominique.fr\/wp-content\/uploads\/2022\/01\/JM_BLANQUER-284x284.jpeg","type":"","width":"","height":""}],"twitter_card":"summary_large_image","twitter_misc":{"Tempo di lettura stimato":"12 minuti"},"schema":{"@context":"https:\/\/schema.org","@graph":[{"@type":"WebPage","@id":"https:\/\/institutsaintdominique.fr\/it\/attivita-extrascolastiche\/accademia-dello-sport-e-delle-arti\/","url":"https:\/\/institutsaintdominique.fr\/it\/attivita-extrascolastiche\/accademia-dello-sport-e-delle-arti\/","name":"Accademia dello sport e delle arti","isPartOf":{"@id":"https:\/\/institutsaintdominique.fr\/it\/#website"},"primaryImageOfPage":{"@id":"https:\/\/institutsaintdominique.fr\/it\/attivita-extrascolastiche\/accademia-dello-sport-e-delle-arti\/#primaryimage"},"image":{"@id":"https:\/\/institutsaintdominique.fr\/it\/attivita-extrascolastiche\/accademia-dello-sport-e-delle-arti\/#primaryimage"},"thumbnailUrl":"https:\/\/institutsaintdominique.fr\/wp-content\/uploads\/2022\/01\/JM_BLANQUER-284x284.jpeg","datePublished":"2022-01-26T16:25:46+00:00","dateModified":"2024-10-15T14:55:56+00:00","description":"L\u2019Istituto Saint-Dominique proporre varie attivit\u00e0 per fare della scuola un vero luogo di vita e di crescita personale per gli alunni.","breadcrumb":{"@id":"https:\/\/institutsaintdominique.fr\/it\/attivita-extrascolastiche\/accademia-dello-sport-e-delle-arti\/#breadcrumb"},"inLanguage":"it-IT","potentialAction":[{"@type":"ReadAction","target":["https:\/\/institutsaintdominique.fr\/it\/attivita-extrascolastiche\/accademia-dello-sport-e-delle-arti\/"]}]},{"@type":"ImageObject","inLanguage":"it-IT","@id":"https:\/\/institutsaintdominique.fr\/it\/attivita-extrascolastiche\/accademia-dello-sport-e-delle-arti\/#primaryimage","url":"https:\/\/institutsaintdominique.fr\/wp-content\/uploads\/2022\/01\/JM_BLANQUER-284x284.jpeg","contentUrl":"https:\/\/institutsaintdominique.fr\/wp-content\/uploads\/2022\/01\/JM_BLANQUER-284x284.jpeg"},{"@type":"BreadcrumbList","@id":"https:\/\/institutsaintdominique.fr\/it\/attivita-extrascolastiche\/accademia-dello-sport-e-delle-arti\/#breadcrumb","itemListElement":[{"@type":"ListItem","position":1,"name":"Accueil","item":"https:\/\/institutsaintdominique.fr\/it\/"},{"@type":"ListItem","position":2,"name":"Extrascolastico","item":"https:\/\/institutsaintdominique.fr\/it\/attivita-extrascolastiche\/"},{"@type":"ListItem","position":3,"name":"Accademia dello sport e delle arti"}]},{"@type":"WebSite","@id":"https:\/\/institutsaintdominique.fr\/it\/#website","url":"https:\/\/institutsaintdominique.fr\/it\/","name":"ISD Rome","description":"ISD Rome","potentialAction":[{"@type":"SearchAction","target":{"@type":"EntryPoint","urlTemplate":"https:\/\/institutsaintdominique.fr\/it\/?s={search_term_string}"},"query-input":{"@type":"PropertyValueSpecification","valueRequired":true,"valueName":"search_term_string"}}],"inLanguage":"it-IT"}]}},"_links":{"self":[{"href":"https:\/\/institutsaintdominique.fr\/it\/wp-json\/wp\/v2\/pages\/5750","targetHints":{"allow":["GET"]}}],"collection":[{"href":"https:\/\/institutsaintdominique.fr\/it\/wp-json\/wp\/v2\/pages"}],"about":[{"href":"https:\/\/institutsaintdominique.fr\/it\/wp-json\/wp\/v2\/types\/page"}],"author":[{"embeddable":true,"href":"https:\/\/institutsaintdominique.fr\/it\/wp-json\/wp\/v2\/users\/6"}],"replies":[{"embeddable":true,"href":"https:\/\/institutsaintdominique.fr\/it\/wp-json\/wp\/v2\/comments?post=5750"}],"version-history":[{"count":20,"href":"https:\/\/institutsaintdominique.fr\/it\/wp-json\/wp\/v2\/pages\/5750\/revisions"}],"predecessor-version":[{"id":24225,"href":"https:\/\/institutsaintdominique.fr\/it\/wp-json\/wp\/v2\/pages\/5750\/revisions\/24225"}],"up":[{"embeddable":true,"href":"https:\/\/institutsaintdominique.fr\/it\/wp-json\/wp\/v2\/pages\/4100"}],"wp:attachment":[{"href":"https:\/\/institutsaintdominique.fr\/it\/wp-json\/wp\/v2\/media?parent=5750"}],"curies":[{"name":"wp","href":"https:\/\/api.w.org\/{rel}","templated":true}]}}